{"id":2426,"date":"2023-03-24T07:56:03","date_gmt":"2023-03-24T07:56:03","guid":{"rendered":"https:\/\/candor.hu\/?page_id=2426"},"modified":"2025-03-04T08:56:56","modified_gmt":"2025-03-04T08:56:56","slug":"events-trainings","status":"publish","type":"page","link":"https:\/\/candor.hu\/index.php\/en\/events-trainings\/","title":{"rendered":"Events &amp; Trainings"},"content":{"rendered":"\t\t<div data-elementor-type=\"wp-page\" data-elementor-id=\"2426\" class=\"elementor elementor-2426\" data-elementor-post-type=\"page\">\n\t\t\t\t\t\t<section class=\"elementor-section elementor-top-section elementor-element elementor-element-198e0892 elementor-section-height-min-height elementor-section-boxed elementor-section-height-default elementor-section-items-middle\" data-id=\"198e0892\" data-element_type=\"section\" data-e-type=\"section\" data-settings=\"{&quot;background_background&quot;:&quot;classic&quot;}\">\n\t\t\t\t\t\t\t<div class=\"elementor-background-overlay\"><\/div>\n\t\t\t\t\t\t\t<div class=\"elementor-container elementor-column-gap-default\">\n\t\t\t\t\t<div class=\"elementor-column elementor-col-100 elementor-top-column elementor-element elementor-element-372ceeeb\" data-id=\"372ceeeb\" data-element_type=\"column\" data-e-type=\"column\">\n\t\t\t<div class=\"elementor-widget-wrap elementor-element-populated\">\n\t\t\t\t\t\t<div class=\"elementor-element elementor-element-8fc8a7e elementor-invisible elementor-widget elementor-widget-heading\" data-id=\"8fc8a7e\" data-element_type=\"widget\" data-e-type=\"widget\" data-settings=\"{&quot;_animation&quot;:&quot;fadeIn&quot;}\" data-widget_type=\"heading.default\">\n\t\t\t\t\t<h2 class=\"elementor-heading-title elementor-size-default\">Events &amp; Trainings\n<\/h2>\t\t\t\t<\/div>\n\t\t\t\t<div class=\"elementor-element elementor-element-284b5282 elementor-icon-list--layout-inline elementor-align-center elementor-list-item-link-full_width elementor-invisible elementor-widget elementor-widget-icon-list\" data-id=\"284b5282\" data-element_type=\"widget\" data-e-type=\"widget\" data-settings=\"{&quot;_animation&quot;:&quot;fadeIn&quot;,&quot;_animation_delay&quot;:200}\" data-widget_type=\"icon-list.default\">\n\t\t\t\t\t\t\t<ul class=\"elementor-icon-list-items elementor-inline-items\">\n\t\t\t\t\t\t\t<li class=\"elementor-icon-list-item elementor-inline-item\">\n\t\t\t\t\t\t\t\t\t\t\t<a href=\"#\">\n\n\t\t\t\t\t\t\t\t\t\t\t<span class=\"elementor-icon-list-text\">HOME<\/span>\n\t\t\t\t\t\t\t\t\t\t\t<\/a>\n\t\t\t\t\t\t\t\t\t<\/li>\n\t\t\t\t\t\t\t\t<li class=\"elementor-icon-list-item elementor-inline-item\">\n\t\t\t\t\t\t\t\t\t\t\t<span class=\"elementor-icon-list-icon\">\n\t\t\t\t\t\t\t<i aria-hidden=\"true\" class=\"icon icon-right-arrow2\"><\/i>\t\t\t\t\t\t<\/span>\n\t\t\t\t\t\t\t\t\t\t<span class=\"elementor-icon-list-text\">Events &amp; Trainings<\/span>\n\t\t\t\t\t\t\t\t\t<\/li>\n\t\t\t\t\t\t<\/ul>\n\t\t\t\t\t\t<\/div>\n\t\t\t\t\t<\/div>\n\t\t<\/div>\n\t\t\t\t\t<\/div>\n\t\t<\/section>\n\t\t\t\t<section class=\"elementor-section elementor-top-section elementor-element elementor-element-1f6665 elementor-section-boxed elementor-section-height-default elementor-section-height-default\" data-id=\"1f6665\" data-element_type=\"section\" data-e-type=\"section\">\n\t\t\t\t\t\t<div class=\"elementor-container elementor-column-gap-default\">\n\t\t\t\t\t<div class=\"elementor-column elementor-col-100 elementor-top-column elementor-element elementor-element-170d21f4 elementor-invisible\" data-id=\"170d21f4\" data-element_type=\"column\" data-e-type=\"column\" data-settings=\"{&quot;animation&quot;:&quot;fadeIn&quot;,&quot;animation_delay&quot;:200}\">\n\t\t\t<div class=\"elementor-widget-wrap elementor-element-populated\">\n\t\t\t\t\t\t<div class=\"elementor-element elementor-element-1716960 elementor-widget elementor-widget-html\" data-id=\"1716960\" data-element_type=\"widget\" data-e-type=\"widget\" data-widget_type=\"html.default\">\n\t\t\t\t\t<script>\r\njQuery(document).ready(function($) {\r\nvar delay = 100; setTimeout(function() {\r\n$('.elementor-tab-title').removeClass('elementor-active');\r\n $('.elementor-tab-content').css('display', 'none'); }, delay);\r\n});\r\n<\/script>\t\t\t\t<\/div>\n\t\t\t\t<div class=\"elementor-element elementor-element-a460c1d elementor-widget elementor-widget-accordion\" data-id=\"a460c1d\" data-element_type=\"widget\" data-e-type=\"widget\" data-widget_type=\"accordion.default\">\n\t\t\t\t\t\t\t<div class=\"elementor-accordion\">\n\t\t\t\t\t\t\t<div class=\"elementor-accordion-item\">\n\t\t\t\t\t<div id=\"elementor-tab-title-1721\" class=\"elementor-tab-title\" data-tab=\"1\" role=\"button\" aria-controls=\"elementor-tab-content-1721\" aria-expanded=\"false\">\n\t\t\t\t\t\t\t\t\t\t\t\t\t<span class=\"elementor-accordion-icon elementor-accordion-icon-left\" aria-hidden=\"true\">\n\t\t\t\t\t\t\t\t\t\t\t\t\t\t\t<span class=\"elementor-accordion-icon-closed\"><i class=\"fas fa-chevron-down\"><\/i><\/span>\n\t\t\t\t\t\t\t\t<span class=\"elementor-accordion-icon-opened\"><i class=\"fas fa-minus\"><\/i><\/span>\n\t\t\t\t\t\t\t\t\t\t\t\t\t\t<\/span>\n\t\t\t\t\t\t\t\t\t\t\t\t<a class=\"elementor-accordion-title\" tabindex=\"0\">CCC REBOOTED - CANDOR CABIN CHARTER<\/a>\n\t\t\t\t\t<\/div>\n\t\t\t\t\t<div id=\"elementor-tab-content-1721\" class=\"elementor-tab-content elementor-clearfix\" data-tab=\"1\" role=\"region\" aria-labelledby=\"elementor-tab-title-1721\"><p>\u00a0<\/p><p class=\"p1\">This season, we\u2019re bringing something truly special: as pioneers, we are introducing the <strong>summer cabin charter experience<\/strong> for the international sailing community here in Croatia!<\/p><p class=\"p1\">Our well-known spring and autumn programs (Behaj\u00f3z\u00e1s, \u0150szi t\u00fara) have been very popular, but until now, no one has really dared to offer this experience during the high season. That\u2019s about to change!<\/p><p class=\"p1\">We offer a <strong>unique, commitment-free taste of the summer sailing yacht lifestyle<\/strong>. For those who have never sailed before or have only experienced it on lakes, and rivers, this could be the first step into the world of sailing\u2014a chance to discover what it\u2019s really like.<\/p><p class=\"p1\">Even if you already know Croatia from the shore and have always wondered what life is like on those sailboats, this is your opportunity to find out\u2014without having to spend many thousand euros.<\/p><p class=\"p1\"><strong>EVERYTHING MADE EASY FOR YOU<\/strong><\/p><p class=\"p1\">We\u2019ve designed this experience with <strong>the best possible setup<\/strong>!<\/p><ul class=\"ul1\"><li class=\"li1\">No need to charter an entire boat<\/li><li class=\"li1\">No deposit required<\/li><li class=\"li1\">No need to worry about a skipper<\/li><li class=\"li1\">No unexpected extra costs<\/li><li class=\"li1\">2 meals a day are also included!<\/li><li class=\"li1\">All while sailing on a warm sea along an exciting, well-planned route.<\/li><\/ul><p class=\"p1\">And if that\u2019s not enough, you\u2019ll be sailing on <strong>the largest, most modern, and most comfortable yachts available<\/strong>, so you can start your sailing journey at the very top!<\/p><p class=\"p1\">Our tours run from <strong>Sunday to Friday<\/strong>, meaning you\u2019ll see the traffic jams in the opposite direction while enjoying a <strong>smooth, stress-free trip<\/strong>.<\/p><p class=\"p1\"><strong>PRICING &amp; DATES<\/strong><\/p><p class=\"p1\">The <strong>price per cabin is \u20ac2,400-2,500<\/strong>, which means if you share <strong>with a partner or friend, it can be as low as \u20ac1,200<\/strong> per person.<\/p><p class=\"p1\">If you\u2019d like a private cabin, the cost is between \u20ac2,200-2,400.<\/p><p class=\"p1\"><strong>Available dates<\/strong>:<\/p><p class=\"p1\">July 6-11 \u2013 \u20ac2,400 &#8211;\u00a0<strong> SOLD OUT!<\/strong><\/p><p class=\"p1\">July 20-25 \u2013 \u20ac2,500<\/p><p class=\"p1\">August 3-8 \u2013 \u20ac2,500<\/p><p class=\"p1\">August 17-22 \u2013 \u20ac2,400<\/p><p class=\"p1\">The boat participating in the program this year is Il Gatto (virtual tour available <a href=\"https:\/\/candor.hu\/ilgatto_3d\/\">here<\/a>). The skipper will be provided by Candor, and the exact boat for each trip will be selected based on registrations and availability.<\/p><p class=\"p1\"><strong>HOW TO BOOK<\/strong><\/p><p class=\"p1\">If you have any questions, need more information, or want to sign up, feel free to contact us at:<\/p><p class=\"p1\"><strong>\ud83d\udce7 info@candor.hu<\/strong><br \/><strong>\ud83d\udcde +36 20 598 8565<\/strong><\/p><p class=\"p1\">Your booking is confirmed with a <strong>30% deposit<\/strong>.<\/p><p class=\"p1\">We look forward to welcoming you on board with fair winds and great adventures!<\/p><p class=\"p1\">The Candor Charter Team<\/p><\/div>\n\t\t\t\t<\/div>\n\t\t\t\t\t\t\t\t<\/div>\n\t\t\t\t\t\t<\/div>\n\t\t\t\t<div class=\"elementor-element elementor-element-a5b1b03 elementor-widget elementor-widget-accordion\" data-id=\"a5b1b03\" data-element_type=\"widget\" data-e-type=\"widget\" data-widget_type=\"accordion.default\">\n\t\t\t\t\t\t\t<div class=\"elementor-accordion\">\n\t\t\t\t\t\t\t<div class=\"elementor-accordion-item\">\n\t\t\t\t\t<div id=\"elementor-tab-title-1731\" class=\"elementor-tab-title\" data-tab=\"1\" role=\"button\" aria-controls=\"elementor-tab-content-1731\" aria-expanded=\"false\">\n\t\t\t\t\t\t\t\t\t\t\t\t\t<span class=\"elementor-accordion-icon elementor-accordion-icon-left\" aria-hidden=\"true\">\n\t\t\t\t\t\t\t\t\t\t\t\t\t\t\t<span class=\"elementor-accordion-icon-closed\"><i class=\"fas fa-chevron-down\"><\/i><\/span>\n\t\t\t\t\t\t\t\t<span class=\"elementor-accordion-icon-opened\"><i class=\"fas fa-minus\"><\/i><\/span>\n\t\t\t\t\t\t\t\t\t\t\t\t\t\t<\/span>\n\t\t\t\t\t\t\t\t\t\t\t\t<a class=\"elementor-accordion-title\" tabindex=\"0\">APPLY TO BE A SKIPPER<\/a>\n\t\t\t\t\t<\/div>\n\t\t\t\t\t<div id=\"elementor-tab-content-1731\" class=\"elementor-tab-content elementor-clearfix\" data-tab=\"1\" role=\"region\" aria-labelledby=\"elementor-tab-title-1731\"><p><span style=\"font-weight: 400;\">Welcome to your future company, a family-owned sailing boat charter business located in Marina Kastela. We&#8217;re currently seeking experienced and licensed skippers to join our team of around 40-50 people from all around the world. Our fleet consists of 15 sailing boats that we rent out for charter, and we&#8217;re looking for skippers to help us provide an excellent experience to our clients.<\/span><\/p><p><span style=\"font-weight: 400;\">Benefits: As a skipper with Candor, you&#8217;ll enjoy competitive pay, a flexible schedule, and the opportunity to sail in one of the most beautiful parts of the world. You&#8217;ll also have the chance to work with a great team of people who share your passion for sailing.<\/span><\/p><p><span style=\"font-weight: 400;\">Requirements: To become a skipper with our company, you must have a valid skipper (captain) license, experience sailing in the Adriatic Sea, and last but not least a passion for providing exceptional customer service.<\/span><\/p><p><span style=\"font-weight: 400;\">To apply, send us your CV, and a short introduction to <\/span><a href=\"mailto:info@candor.hu\"><span style=\"font-weight: 400;\">info@candor.hu<\/span><\/a><span style=\"font-weight: 400;\">!<\/span><\/p><\/div>\n\t\t\t\t<\/div>\n\t\t\t\t\t\t\t\t<\/div>\n\t\t\t\t\t\t<\/div>\n\t\t\t\t<div class=\"elementor-element elementor-element-6ad19af elementor-widget elementor-widget-accordion\" data-id=\"6ad19af\" data-element_type=\"widget\" data-e-type=\"widget\" data-widget_type=\"accordion.default\">\n\t\t\t\t\t\t\t<div class=\"elementor-accordion\">\n\t\t\t\t\t\t\t<div class=\"elementor-accordion-item\">\n\t\t\t\t\t<div id=\"elementor-tab-title-1121\" class=\"elementor-tab-title\" data-tab=\"1\" role=\"button\" aria-controls=\"elementor-tab-content-1121\" aria-expanded=\"false\">\n\t\t\t\t\t\t\t\t\t\t\t\t\t<span class=\"elementor-accordion-icon elementor-accordion-icon-left\" aria-hidden=\"true\">\n\t\t\t\t\t\t\t\t\t\t\t\t\t\t\t<span class=\"elementor-accordion-icon-closed\"><i class=\"fas fa-chevron-down\"><\/i><\/span>\n\t\t\t\t\t\t\t\t<span class=\"elementor-accordion-icon-opened\"><i class=\"fas fa-minus\"><\/i><\/span>\n\t\t\t\t\t\t\t\t\t\t\t\t\t\t<\/span>\n\t\t\t\t\t\t\t\t\t\t\t\t<a class=\"elementor-accordion-title\" tabindex=\"0\">SKIPPER TRAINING<\/a>\n\t\t\t\t\t<\/div>\n\t\t\t\t\t<div id=\"elementor-tab-content-1121\" class=\"elementor-tab-content elementor-clearfix\" data-tab=\"1\" role=\"region\" aria-labelledby=\"elementor-tab-title-1121\"><p><span style=\"font-weight: 400;\">We have been organizing, preparing and conducting sailing exams for many years now. We welcome everyone from beginners to advanced skippers.<\/span><\/p><p><span style=\"font-weight: 400;\">The basic maneuver training is for those who rarely sail, haven\u2019t been at sea in a long time and want to refresh their knowledge before a possible summer trip. It is also useful for sailors who have experience in other nautical areas, because we know that each region has its own special rules, dos and don\u2019ts.<\/span><\/p><p><span style=\"font-weight: 400;\">Our advanced maneuver training starts every spring, with a professional instructor who will show you all the important techniques and teach you how to handle the boat with confidence, even in difficult situations. We welcome sailors with basic knowledge who want to be prepared for unexpected situations.<\/span><\/p><p><span style=\"font-weight: 400;\">The courses are official events for obtaining a license, after which you can obtain a <\/span><b>recreational<\/b><span style=\"font-weight: 400;\"> (Croatian B and ICC), <\/span><b>professional<\/b><span style=\"font-weight: 400;\"> 30, 100 and 500 tonne license, as well as the <\/span><b>ROC radio exam<\/b><span style=\"font-weight: 400;\">.<\/span><\/p><p><span style=\"font-weight: 400;\">We will keep you updated on prices, dates and conditions through our circulars, social media, and if you enquire by email, phone or private message.<\/span><\/p><\/div>\n\t\t\t\t<\/div>\n\t\t\t\t\t\t\t\t<\/div>\n\t\t\t\t\t\t<\/div>\n\t\t\t\t\t<\/div>\n\t\t<\/div>\n\t\t\t\t\t<\/div>\n\t\t<\/section>\n\t\t\t\t<section class=\"elementor-section elementor-top-section elementor-element elementor-element-328521b1 elementor-section-full_width elementor-section-height-default elementor-section-height-default elementor-invisible\" data-id=\"328521b1\" data-element_type=\"section\" data-e-type=\"section\" data-settings=\"{&quot;animation&quot;:&quot;fadeIn&quot;}\">\n\t\t\t\t\t\t<div class=\"elementor-container elementor-column-gap-default\">\n\t\t\t\t\t<div class=\"elementor-column elementor-col-100 elementor-top-column elementor-element elementor-element-1fddbeed\" data-id=\"1fddbeed\" data-element_type=\"column\" data-e-type=\"column\">\n\t\t\t<div class=\"elementor-widget-wrap elementor-element-populated\">\n\t\t\t\t\t\t<div class=\"elementor-element elementor-element-25a610e2 elementor-widget elementor-widget-google_maps\" data-id=\"25a610e2\" data-element_type=\"widget\" data-e-type=\"widget\" data-widget_type=\"google_maps.default\">\n\t\t\t\t\t\t\t<div class=\"elementor-custom-embed\">\n\t\t\t<iframe loading=\"lazy\"\n\t\t\t\t\tsrc=\"https:\/\/maps.google.com\/maps?q=Candor%20Charter%2C%20Cesta%20Franje%20Tu%C4%91mana%2C%20Ka%C5%A1tel%20Gomilica%2C%20Horv%C3%A1torsz%C3%A1g&#038;t=m&#038;z=14&#038;output=embed&#038;iwloc=near\"\n\t\t\t\t\ttitle=\"Candor Charter, Cesta Franje Tu\u0111mana, Ka\u0161tel Gomilica, Horv\u00e1torsz\u00e1g\"\n\t\t\t\t\taria-label=\"Candor Charter, Cesta Franje Tu\u0111mana, Ka\u0161tel Gomilica, Horv\u00e1torsz\u00e1g\"\n\t\t\t><\/iframe>\n\t\t<\/div>\n\t\t\t\t\t\t<\/div>\n\t\t\t\t\t<\/div>\n\t\t<\/div>\n\t\t\t\t\t<\/div>\n\t\t<\/section>\n\t\t\t\t<\/div>\n\t\t","protected":false},"excerpt":{"rendered":"<p>Events &#038; Trainings HOME Events &#038; Trainings CCC REBOOTED &#8211; CANDOR CABIN CHARTER \u00a0 This season, we\u2019re bringing something truly special: as pioneers, we are introducing the summer cabin charter experience for the international sailing community here in Croatia! Our well-known spring and autumn programs (Behaj\u00f3z\u00e1s, \u0150szi t\u00fara) have been very popular, but until now, [&hellip;]<\/p>\n","protected":false},"author":1,"featured_media":0,"parent":0,"menu_order":0,"comment_status":"closed","ping_status":"closed","template":"elementor_header_footer","meta":{"footnotes":""},"class_list":["post-2426","page","type-page","status-publish","hentry","entry","owp-thumbs-layout-horizontal","owp-btn-normal","owp-tabs-layout-horizontal","has-no-thumbnails","has-product-nav"],"yoast_head":"<!-- This site is optimized with the Yoast SEO plugin v27.4 - https:\/\/yoast.com\/product\/yoast-seo-wordpress\/ -->\n<title>Events &amp; Trainings - Candor<\/title>\n<meta name=\"robots\" content=\"index, follow, max-snippet:-1, max-image-preview:large, max-video-preview:-1\" \/>\n<link rel=\"canonical\" href=\"https:\/\/candor.hu\/index.php\/en\/events-trainings\/\" \/>\n<meta property=\"og:locale\" content=\"hu_HU\" \/>\n<meta property=\"og:type\" content=\"article\" \/>\n<meta property=\"og:title\" content=\"Events &amp; Trainings - Candor\" \/>\n<meta property=\"og:description\" content=\"Events &#038; Trainings HOME Events &#038; Trainings CCC REBOOTED &#8211; CANDOR CABIN CHARTER \u00a0 This season, we\u2019re bringing something truly special: as pioneers, we are introducing the summer cabin charter experience for the international sailing community here in Croatia! Our well-known spring and autumn programs (Behaj\u00f3z\u00e1s, \u0150szi t\u00fara) have been very popular, but until now, [&hellip;]\" \/>\n<meta property=\"og:url\" content=\"https:\/\/candor.hu\/index.php\/en\/events-trainings\/\" \/>\n<meta property=\"og:site_name\" content=\"Candor\" \/>\n<meta property=\"article:modified_time\" content=\"2025-03-04T08:56:56+00:00\" \/>\n<meta name=\"twitter:card\" content=\"summary_large_image\" \/>\n<meta name=\"twitter:label1\" content=\"Becs\u00fclt olvas\u00e1si id\u0151\" \/>\n\t<meta name=\"twitter:data1\" content=\"5 perc\" \/>\n<script type=\"application\/ld+json\" class=\"yoast-schema-graph\">{\"@context\":\"https:\\\/\\\/schema.org\",\"@graph\":[{\"@type\":\"WebPage\",\"@id\":\"https:\\\/\\\/candor.hu\\\/index.php\\\/en\\\/events-trainings\\\/\",\"url\":\"https:\\\/\\\/candor.hu\\\/index.php\\\/en\\\/events-trainings\\\/\",\"name\":\"Events &amp; Trainings - Candor\",\"isPartOf\":{\"@id\":\"https:\\\/\\\/candor.hu\\\/#website\"},\"datePublished\":\"2023-03-24T07:56:03+00:00\",\"dateModified\":\"2025-03-04T08:56:56+00:00\",\"breadcrumb\":{\"@id\":\"https:\\\/\\\/candor.hu\\\/index.php\\\/en\\\/events-trainings\\\/#breadcrumb\"},\"inLanguage\":\"hu\",\"potentialAction\":[{\"@type\":\"ReadAction\",\"target\":[\"https:\\\/\\\/candor.hu\\\/index.php\\\/en\\\/events-trainings\\\/\"]}]},{\"@type\":\"BreadcrumbList\",\"@id\":\"https:\\\/\\\/candor.hu\\\/index.php\\\/en\\\/events-trainings\\\/#breadcrumb\",\"itemListElement\":[{\"@type\":\"ListItem\",\"position\":1,\"name\":\"Kezd\u0151lap\",\"item\":\"https:\\\/\\\/candor.hu\\\/\"},{\"@type\":\"ListItem\",\"position\":2,\"name\":\"Events &amp; Trainings\"}]},{\"@type\":\"WebSite\",\"@id\":\"https:\\\/\\\/candor.hu\\\/#website\",\"url\":\"https:\\\/\\\/candor.hu\\\/\",\"name\":\"Candor\",\"description\":\"\",\"publisher\":{\"@id\":\"https:\\\/\\\/candor.hu\\\/#organization\"},\"potentialAction\":[{\"@type\":\"SearchAction\",\"target\":{\"@type\":\"EntryPoint\",\"urlTemplate\":\"https:\\\/\\\/candor.hu\\\/?s={search_term_string}\"},\"query-input\":{\"@type\":\"PropertyValueSpecification\",\"valueRequired\":true,\"valueName\":\"search_term_string\"}}],\"inLanguage\":\"hu\"},{\"@type\":\"Organization\",\"@id\":\"https:\\\/\\\/candor.hu\\\/#organization\",\"name\":\"Candor\",\"url\":\"https:\\\/\\\/candor.hu\\\/\",\"logo\":{\"@type\":\"ImageObject\",\"inLanguage\":\"hu\",\"@id\":\"https:\\\/\\\/candor.hu\\\/#\\\/schema\\\/logo\\\/image\\\/\",\"url\":\"https:\\\/\\\/candor.hu\\\/wp-content\\\/uploads\\\/2023\\\/05\\\/cropped-candorlogo-01.png\",\"contentUrl\":\"https:\\\/\\\/candor.hu\\\/wp-content\\\/uploads\\\/2023\\\/05\\\/cropped-candorlogo-01.png\",\"width\":754,\"height\":206,\"caption\":\"Candor\"},\"image\":{\"@id\":\"https:\\\/\\\/candor.hu\\\/#\\\/schema\\\/logo\\\/image\\\/\"}}]}<\/script>\n<!-- \/ Yoast SEO plugin. -->","yoast_head_json":{"title":"Events &amp; Trainings - Candor","robots":{"index":"index","follow":"follow","max-snippet":"max-snippet:-1","max-image-preview":"max-image-preview:large","max-video-preview":"max-video-preview:-1"},"canonical":"https:\/\/candor.hu\/index.php\/en\/events-trainings\/","og_locale":"hu_HU","og_type":"article","og_title":"Events &amp; Trainings - Candor","og_description":"Events &#038; Trainings HOME Events &#038; Trainings CCC REBOOTED &#8211; CANDOR CABIN CHARTER \u00a0 This season, we\u2019re bringing something truly special: as pioneers, we are introducing the summer cabin charter experience for the international sailing community here in Croatia! Our well-known spring and autumn programs (Behaj\u00f3z\u00e1s, \u0150szi t\u00fara) have been very popular, but until now, [&hellip;]","og_url":"https:\/\/candor.hu\/index.php\/en\/events-trainings\/","og_site_name":"Candor","article_modified_time":"2025-03-04T08:56:56+00:00","twitter_card":"summary_large_image","twitter_misc":{"Becs\u00fclt olvas\u00e1si id\u0151":"5 perc"},"schema":{"@context":"https:\/\/schema.org","@graph":[{"@type":"WebPage","@id":"https:\/\/candor.hu\/index.php\/en\/events-trainings\/","url":"https:\/\/candor.hu\/index.php\/en\/events-trainings\/","name":"Events &amp; Trainings - Candor","isPartOf":{"@id":"https:\/\/candor.hu\/#website"},"datePublished":"2023-03-24T07:56:03+00:00","dateModified":"2025-03-04T08:56:56+00:00","breadcrumb":{"@id":"https:\/\/candor.hu\/index.php\/en\/events-trainings\/#breadcrumb"},"inLanguage":"hu","potentialAction":[{"@type":"ReadAction","target":["https:\/\/candor.hu\/index.php\/en\/events-trainings\/"]}]},{"@type":"BreadcrumbList","@id":"https:\/\/candor.hu\/index.php\/en\/events-trainings\/#breadcrumb","itemListElement":[{"@type":"ListItem","position":1,"name":"Kezd\u0151lap","item":"https:\/\/candor.hu\/"},{"@type":"ListItem","position":2,"name":"Events &amp; Trainings"}]},{"@type":"WebSite","@id":"https:\/\/candor.hu\/#website","url":"https:\/\/candor.hu\/","name":"Candor","description":"","publisher":{"@id":"https:\/\/candor.hu\/#organization"},"potentialAction":[{"@type":"SearchAction","target":{"@type":"EntryPoint","urlTemplate":"https:\/\/candor.hu\/?s={search_term_string}"},"query-input":{"@type":"PropertyValueSpecification","valueRequired":true,"valueName":"search_term_string"}}],"inLanguage":"hu"},{"@type":"Organization","@id":"https:\/\/candor.hu\/#organization","name":"Candor","url":"https:\/\/candor.hu\/","logo":{"@type":"ImageObject","inLanguage":"hu","@id":"https:\/\/candor.hu\/#\/schema\/logo\/image\/","url":"https:\/\/candor.hu\/wp-content\/uploads\/2023\/05\/cropped-candorlogo-01.png","contentUrl":"https:\/\/candor.hu\/wp-content\/uploads\/2023\/05\/cropped-candorlogo-01.png","width":754,"height":206,"caption":"Candor"},"image":{"@id":"https:\/\/candor.hu\/#\/schema\/logo\/image\/"}}]}},"jetpack_sharing_enabled":true,"_links":{"self":[{"href":"https:\/\/candor.hu\/index.php\/wp-json\/wp\/v2\/pages\/2426","targetHints":{"allow":["GET"]}}],"collection":[{"href":"https:\/\/candor.hu\/index.php\/wp-json\/wp\/v2\/pages"}],"about":[{"href":"https:\/\/candor.hu\/index.php\/wp-json\/wp\/v2\/types\/page"}],"author":[{"embeddable":true,"href":"https:\/\/candor.hu\/index.php\/wp-json\/wp\/v2\/users\/1"}],"replies":[{"embeddable":true,"href":"https:\/\/candor.hu\/index.php\/wp-json\/wp\/v2\/comments?post=2426"}],"version-history":[{"count":34,"href":"https:\/\/candor.hu\/index.php\/wp-json\/wp\/v2\/pages\/2426\/revisions"}],"predecessor-version":[{"id":5780,"href":"https:\/\/candor.hu\/index.php\/wp-json\/wp\/v2\/pages\/2426\/revisions\/5780"}],"wp:attachment":[{"href":"https:\/\/candor.hu\/index.php\/wp-json\/wp\/v2\/media?parent=2426"}],"curies":[{"name":"wp","href":"https:\/\/api.w.org\/{rel}","templated":true}]}}