{"id":4656,"date":"2024-04-02T12:48:25","date_gmt":"2024-04-02T12:48:25","guid":{"rendered":"https:\/\/candor.hu\/?page_id=4656"},"modified":"2025-05-22T07:57:37","modified_gmt":"2025-05-22T07:57:37","slug":"ccc-2023","status":"publish","type":"page","link":"https:\/\/candor.hu\/index.php\/ccc-2023\/","title":{"rendered":"CCC 2023"},"content":{"rendered":"\t\t<div data-elementor-type=\"wp-page\" data-elementor-id=\"4656\" class=\"elementor elementor-4656\" data-elementor-post-type=\"page\">\n\t\t\t\t\t\t<section class=\"elementor-section elementor-top-section elementor-element elementor-element-89344de elementor-section-boxed elementor-section-height-default elementor-section-height-default\" data-id=\"89344de\" data-element_type=\"section\" data-e-type=\"section\">\n\t\t\t\t\t\t<div class=\"elementor-container elementor-column-gap-default\">\n\t\t\t\t\t<div class=\"elementor-column elementor-col-100 elementor-top-column elementor-element elementor-element-388a391\" data-id=\"388a391\" data-element_type=\"column\" data-e-type=\"column\">\n\t\t\t<div class=\"elementor-widget-wrap elementor-element-populated\">\n\t\t\t\t\t\t<div class=\"elementor-element elementor-element-61f97c5 de_scroll_animation_no elementor-widget elementor-widget-spacer\" data-id=\"61f97c5\" data-element_type=\"widget\" data-e-type=\"widget\" data-widget_type=\"spacer.default\">\n\t\t\t\t<div class=\"elementor-widget-container\">\n\t\t\t\t\t\t\t<div class=\"elementor-spacer\">\n\t\t\t<div class=\"elementor-spacer-inner\"><\/div>\n\t\t<\/div>\n\t\t\t\t\t\t<\/div>\n\t\t\t\t<\/div>\n\t\t\t\t\t<\/div>\n\t\t<\/div>\n\t\t\t\t\t<\/div>\n\t\t<\/section>\n\t\t\t\t<section class=\"elementor-section elementor-top-section elementor-element elementor-element-09ea221 elementor-section-boxed elementor-section-height-default elementor-section-height-default\" data-id=\"09ea221\" data-element_type=\"section\" data-e-type=\"section\">\n\t\t\t\t\t\t<div class=\"elementor-container elementor-column-gap-default\">\n\t\t\t\t\t<div class=\"elementor-column elementor-col-100 elementor-top-column elementor-element elementor-element-3f637d7\" data-id=\"3f637d7\" data-element_type=\"column\" data-e-type=\"column\">\n\t\t\t<div class=\"elementor-widget-wrap elementor-element-populated\">\n\t\t\t\t\t\t<div class=\"elementor-element elementor-element-835b532 de_scroll_animation_no elementor-widget elementor-widget-heading\" data-id=\"835b532\" data-element_type=\"widget\" data-e-type=\"widget\" data-widget_type=\"heading.default\">\n\t\t\t\t<div class=\"elementor-widget-container\">\n\t\t\t\t\t<h2 class=\"elementor-heading-title elementor-size-default\">CCC 2023<\/h2>\t\t\t\t<\/div>\n\t\t\t\t<\/div>\n\t\t\t\t\t<\/div>\n\t\t<\/div>\n\t\t\t\t\t<\/div>\n\t\t<\/section>\n\t\t\t\t<section class=\"elementor-section elementor-top-section elementor-element elementor-element-e02e53f elementor-section-boxed elementor-section-height-default elementor-section-height-default\" data-id=\"e02e53f\" data-element_type=\"section\" data-e-type=\"section\">\n\t\t\t\t\t\t<div class=\"elementor-container elementor-column-gap-default\">\n\t\t\t\t\t<div class=\"elementor-column elementor-col-100 elementor-top-column elementor-element elementor-element-bc4d2e1\" data-id=\"bc4d2e1\" data-element_type=\"column\" data-e-type=\"column\">\n\t\t\t<div class=\"elementor-widget-wrap elementor-element-populated\">\n\t\t\t\t\t\t<div class=\"elementor-element elementor-element-8437037 de_scroll_animation_no elementor-widget elementor-widget-text-editor\" data-id=\"8437037\" data-element_type=\"widget\" data-e-type=\"widget\" data-widget_type=\"text-editor.default\">\n\t\t\t\t<div class=\"elementor-widget-container\">\n\t\t\t\t\t\t\t\t\t<p class=\"p1\" style=\"font-variant-ligatures: normal; font-variant-caps: normal; font-family: &quot;Work Sans&quot;, sans-serif; font-size: 14px; font-style: normal; font-weight: 300;\">Soha nem l\u00e1ttunk m\u00e9g ilyen rossz id\u0151j\u00e1r\u00e1si el\u0151rejelz\u00e9st, mit id\u00e9n, a szok\u00e1sos \u0151szi t\u00far\u00e1nk el\u0151tt. Szombaton d\u00e9lut\u00e1n m\u00e9g esett, fel voltunk k\u00e9sz\u00fclve az eg\u00e9sz heti es\u0151re \u00e9s viharos sz\u00e9lre, ami okt\u00f3ber v\u00e9gi hidegben el is ronthatta volna a 15 \u00e9v alatt fel\u00e9p\u00edtett hangulatot. Ehhez k\u00e9pest par\u00e1d\u00e9s id\u0151j\u00e1r\u00e1s, sok naps\u00fct\u00e9s, langyos tenger, kiv\u00e1l\u00f3 szelek fogadt\u00e1k a vas\u00e1rnap reggel kifut\u00f3 Candor vitorl\u00e1z\u00f3kat.<\/p><p class=\"p1\" style=\"font-variant-ligatures: normal; font-variant-caps: normal; font-family: &quot;Work Sans&quot;, sans-serif; font-size: 14px; font-style: normal; font-weight: 300;\">12 haj\u00f3, 75 ember alkotta a flott\u00e1t, akik mind el voltunk k\u00e9sz\u00fclve a legrosszabbra, m\u00e9gis a legjobbat kaptuk.<\/p><p class=\"p1\" style=\"font-variant-ligatures: normal; font-variant-caps: normal; font-family: &quot;Work Sans&quot;, sans-serif; font-size: 14px; font-style: normal; font-weight: 300;\">Minden reggel korm\u00e1nyosi k\u00e1v\u00e9 f\u00f6l\u00f6tt, k\u00f6z\u00f6sen d\u00f6nt\u00f6tt\u00fck el, mi legyen az aznapi c\u00e9l. Vas\u00e1rnap \u00e1thaj\u00f3ztunk Stari Gradba, ahol asztal mellett \u00fcnnepelt\u00fck a t\u00fara kezdet\u00e9t. Az el\u0151rejelz\u00e9sek rosszabb id\u0151j\u00e1r\u00e1st mutattak, mint amilyen val\u00f3j\u00e1ban szembej\u00f6tt vel\u00fcnk.<\/p><p class=\"p1\" style=\"font-variant-ligatures: normal; font-variant-caps: normal; font-family: &quot;Work Sans&quot;, sans-serif; font-size: 14px; font-style: normal; font-weight: 300;\">H\u00e9tf\u0151n \u00e1tkelt\u00fcnk Vis v\u00e1ros\u00e1ba, \u00fatk\u00f6zben minden haj\u00f3 tartott horgonysz\u00fcnetet, vagyis meg\u00e1llt f\u00fcrdeni. V\u00e9gig vitorl\u00e1val haj\u00f3zhattunk, m\u00e9gis j\u00f3 id\u0151ben el\u00e9rt\u00fck a kik\u00f6t\u0151t.<\/p><p class=\"p1\" style=\"font-variant-ligatures: normal; font-variant-caps: normal; font-family: &quot;Work Sans&quot;, sans-serif; font-size: 14px; font-style: normal; font-weight: 300;\">Kedden annyira rossz id\u0151t v\u00e1rtunk, hogy hamar elr\u00fagtuk magunkat a partt\u00f3l, \u00e9s az \u00e9bred\u0151 Jug\u00f3val, egyre er\u0151s\u00f6d\u0151 hull\u00e1mz\u00e1sban, de szikr\u00e1z\u00f3 naps\u00fct\u00e9sben v\u00e1gtattunk \u00e1t Miln\u00e1ra. Ekkorra m\u00e1r alig f\u00e9rtek el a haj\u00f3k a v\u00e9dett kik\u00f6t\u0151kben, sz\u00fcks\u00e9g volt a kapcsolatokra, hogy egym\u00e1s mellett \u00e1llhassunk az ACI marin\u00e1ban. \u00c9jjel \u00e1t is vonult felett\u00fcnk a vihar java, leesett az \u00edg\u00e9rt es\u0151, ki\u00f6nt\u00f6tt a tenger a medr\u00e9b\u0151l, mi pedig j\u00f3 hangulatban n\u00e9zt\u00fck mindezt.<\/p><p class=\"p1\" style=\"font-variant-ligatures: normal; font-variant-caps: normal; font-family: &quot;Work Sans&quot;, sans-serif; font-size: 14px; font-style: normal; font-weight: 300;\">Szerd\u00e1n enyhe sz\u00e9lben Keletnek fordultunk, hogy Brac megker\u00fcl\u00e9s\u00e9vel \u00e1thaj\u00f3zzunk Pucisc\u00e1ba, a k\u00f6farag\u00f3ir\u00f3l h\u00edres kisv\u00e1rosba. \u00datk\u00f6zben meg\u00e1lltunk a sziget Keleti v\u00e9g\u00e9n\u00e9l, hogy tutajba k\u00f6tve f\u00e9nyk\u00e9pezkedj\u00fcnk a dr\u00e1mai sz\u00e9ps\u00e9g\u0171 h\u00e1tt\u00e9r el\u0151tt. Sz\u00e9p nap volt, amit vid\u00e1m este k\u00f6vetett.<\/p><p class=\"p1\" style=\"font-variant-ligatures: normal; font-variant-caps: normal; font-family: &quot;Work Sans&quot;, sans-serif; font-size: 14px; font-style: normal; font-weight: 300;\">A cs\u00fct\u00f6rt\u00f6ki nap v\u00e9gigf\u00fajt minket a sz\u00e9l a Spliti csatorn\u00e1n, Maslinica kis \u00e9kszerdobozhoz hasonl\u00f3 kik\u00f6t\u0151j\u00e9ben foglalt hely\u00fcnkre. Rajtunk k\u00edv\u00fcl nem is f\u00e9rt be oda m\u00e1s, csak egy cseh vitorl\u00e1sverseny r\u00e9sztvev\u0151i. Meglep\u0151 volt l\u00e1tni, hogy okt\u00f3ber v\u00e9g\u00e9n is megtelhetnek a kik\u00f6t\u0151k, hely hi\u00e1ny\u00e1ban legal\u00e1bb hat haj\u00f3t k\u00fcldtek el a mariner\u00f3k.<\/p><p class=\"p1\" style=\"font-variant-ligatures: normal; font-variant-caps: normal; font-family: &quot;Work Sans&quot;, sans-serif; font-size: 14px; font-style: normal; font-weight: 300;\">P\u00e9nteken is rossznak \u00edg\u00e9rkezett az id\u0151, ennek ellen\u00e9re par\u00e1d\u00e9s menet volt a vissza\u00fat, kezelhet\u0151 sz\u00e9llel \u00e9s hull\u00e1mz\u00e1ssal, d\u00e9lut\u00e1nra kider\u00fcl\u0151 \u00e9ggel, amit egy j\u00f3 vacsora koron\u00e1zott meg. Itt tal\u00e1lkozott \u00f6ssze a t\u00fara a G\u00f6r\u00f6gorsz\u00e1gb\u00f3l visszat\u00e9r\u0151 vend\u00e9geinkkel, akik h\u00e1rom h\u00e9t ut\u00e1n szinte percre pontosan futottak be a nekik fenntartott kik\u00f6t\u0151helyre.<\/p><p class=\"p1\" style=\"font-variant-ligatures: normal; font-variant-caps: normal; font-family: &quot;Work Sans&quot;, sans-serif; font-size: 14px; font-style: normal; font-weight: 300;\">Ennek az \u0151szi t\u00far\u00e1nak nem volt kit\u0171z\u00f6tt \u00fatic\u00e9lja, nem is lehetett volna megval\u00f3s\u00edtani ilyet, m\u00e9gis mindenki el\u00e9gedett volt, nem maradt hi\u00e1ny\u00e9rzet. B\u00edrt\u00e1k a haj\u00f3k, \u00e9lvezt\u00e9k a haj\u00f3sok, pont kivitorl\u00e1ztuk magunkat, sz\u00e9pen lekerek\u00edtett\u00fck a vitorl\u00e1sid\u00e9nyt, \u00e9s m\u00e9lt\u00f3 m\u00f3don z\u00e1rtuk a szezont. J\u00f6v\u0151 tavasszal a Behaj\u00f3z\u00f3 t\u00far\u00e1n folytatjuk!<\/p>\t\t\t\t\t\t\t\t<\/div>\n\t\t\t\t<\/div>\n\t\t\t\t\t<\/div>\n\t\t<\/div>\n\t\t\t\t\t<\/div>\n\t\t<\/section>\n\t\t\t\t<\/div>\n\t\t","protected":false},"excerpt":{"rendered":"<p>CCC 2023 Soha nem l\u00e1ttunk m\u00e9g ilyen rossz id\u0151j\u00e1r\u00e1si el\u0151rejelz\u00e9st, mit id\u00e9n, a szok\u00e1sos \u0151szi t\u00far\u00e1nk el\u0151tt. Szombaton d\u00e9lut\u00e1n m\u00e9g esett, fel voltunk k\u00e9sz\u00fclve az eg\u00e9sz heti es\u0151re \u00e9s viharos sz\u00e9lre, ami okt\u00f3ber v\u00e9gi hidegben el is ronthatta volna a 15 \u00e9v alatt fel\u00e9p\u00edtett hangulatot. Ehhez k\u00e9pest par\u00e1d\u00e9s id\u0151j\u00e1r\u00e1s, sok naps\u00fct\u00e9s, langyos tenger, kiv\u00e1l\u00f3 szelek [&hellip;]<\/p>\n","protected":false},"author":3,"featured_media":0,"parent":0,"menu_order":0,"comment_status":"closed","ping_status":"closed","template":"","meta":{"footnotes":""},"class_list":["post-4656","page","type-page","status-publish","hentry","entry","owp-thumbs-layout-horizontal","owp-btn-normal","owp-tabs-layout-horizontal","has-no-thumbnails","has-product-nav"],"yoast_head":"<!-- This site is optimized with the Yoast SEO plugin v27.2 - https:\/\/yoast.com\/product\/yoast-seo-wordpress\/ -->\n<title>CCC 2023 | Vitorl\u00e1s t\u00fara Horv\u00e1torsz\u00e1g | Candor.hu<\/title>\n<meta name=\"description\" content=\"Sok naps\u00fct\u00e9s, langyos tenger, kiv\u00e1l\u00f3 szelek fogadt\u00e1k a vas\u00e1rnap reggel kifut\u00f3 Candor vitorl\u00e1s t\u00fara r\u00e9sztvev\u0151it Horv\u00e1torsz\u00e1gban.\" \/>\n<meta name=\"robots\" content=\"index, follow, max-snippet:-1, max-image-preview:large, max-video-preview:-1\" \/>\n<link rel=\"canonical\" href=\"https:\/\/candor.hu\/index.php\/ccc-2023\/\" \/>\n<meta property=\"og:locale\" content=\"hu_HU\" \/>\n<meta property=\"og:type\" content=\"article\" \/>\n<meta property=\"og:title\" content=\"CCC 2023 | Vitorl\u00e1s t\u00fara Horv\u00e1torsz\u00e1g | Candor.hu\" \/>\n<meta property=\"og:description\" content=\"Sok naps\u00fct\u00e9s, langyos tenger, kiv\u00e1l\u00f3 szelek fogadt\u00e1k a vas\u00e1rnap reggel kifut\u00f3 Candor vitorl\u00e1s t\u00fara r\u00e9sztvev\u0151it Horv\u00e1torsz\u00e1gban.\" \/>\n<meta property=\"og:url\" content=\"https:\/\/candor.hu\/index.php\/ccc-2023\/\" \/>\n<meta property=\"og:site_name\" content=\"Candor\" \/>\n<meta property=\"article:modified_time\" content=\"2025-05-22T07:57:37+00:00\" \/>\n<meta name=\"twitter:card\" content=\"summary_large_image\" \/>\n<meta name=\"twitter:label1\" content=\"Becs\u00fclt olvas\u00e1si id\u0151\" \/>\n\t<meta name=\"twitter:data1\" content=\"3 perc\" \/>\n<script type=\"application\/ld+json\" class=\"yoast-schema-graph\">{\"@context\":\"https:\/\/schema.org\",\"@graph\":[{\"@type\":\"WebPage\",\"@id\":\"https:\/\/candor.hu\/index.php\/ccc-2023\/\",\"url\":\"https:\/\/candor.hu\/index.php\/ccc-2023\/\",\"name\":\"CCC 2023 | Vitorl\u00e1s t\u00fara Horv\u00e1torsz\u00e1g | Candor.hu\",\"isPartOf\":{\"@id\":\"https:\/\/candor.hu\/#website\"},\"datePublished\":\"2024-04-02T12:48:25+00:00\",\"dateModified\":\"2025-05-22T07:57:37+00:00\",\"description\":\"Sok naps\u00fct\u00e9s, langyos tenger, kiv\u00e1l\u00f3 szelek fogadt\u00e1k a vas\u00e1rnap reggel kifut\u00f3 Candor vitorl\u00e1s t\u00fara r\u00e9sztvev\u0151it Horv\u00e1torsz\u00e1gban.\",\"breadcrumb\":{\"@id\":\"https:\/\/candor.hu\/index.php\/ccc-2023\/#breadcrumb\"},\"inLanguage\":\"hu\",\"potentialAction\":[{\"@type\":\"ReadAction\",\"target\":[\"https:\/\/candor.hu\/index.php\/ccc-2023\/\"]}]},{\"@type\":\"BreadcrumbList\",\"@id\":\"https:\/\/candor.hu\/index.php\/ccc-2023\/#breadcrumb\",\"itemListElement\":[{\"@type\":\"ListItem\",\"position\":1,\"name\":\"Kezd\u0151lap\",\"item\":\"https:\/\/candor.hu\/\"},{\"@type\":\"ListItem\",\"position\":2,\"name\":\"CCC 2023\"}]},{\"@type\":\"WebSite\",\"@id\":\"https:\/\/candor.hu\/#website\",\"url\":\"https:\/\/candor.hu\/\",\"name\":\"Candor\",\"description\":\"\",\"publisher\":{\"@id\":\"https:\/\/candor.hu\/#organization\"},\"potentialAction\":[{\"@type\":\"SearchAction\",\"target\":{\"@type\":\"EntryPoint\",\"urlTemplate\":\"https:\/\/candor.hu\/?s={search_term_string}\"},\"query-input\":{\"@type\":\"PropertyValueSpecification\",\"valueRequired\":true,\"valueName\":\"search_term_string\"}}],\"inLanguage\":\"hu\"},{\"@type\":\"Organization\",\"@id\":\"https:\/\/candor.hu\/#organization\",\"name\":\"Candor\",\"url\":\"https:\/\/candor.hu\/\",\"logo\":{\"@type\":\"ImageObject\",\"inLanguage\":\"hu\",\"@id\":\"https:\/\/candor.hu\/#\/schema\/logo\/image\/\",\"url\":\"https:\/\/candor.hu\/wp-content\/uploads\/2023\/05\/cropped-candorlogo-01.png\",\"contentUrl\":\"https:\/\/candor.hu\/wp-content\/uploads\/2023\/05\/cropped-candorlogo-01.png\",\"width\":754,\"height\":206,\"caption\":\"Candor\"},\"image\":{\"@id\":\"https:\/\/candor.hu\/#\/schema\/logo\/image\/\"}}]}<\/script>\n<!-- \/ Yoast SEO plugin. -->","yoast_head_json":{"title":"CCC 2023 | Vitorl\u00e1s t\u00fara Horv\u00e1torsz\u00e1g | Candor.hu","description":"Sok naps\u00fct\u00e9s, langyos tenger, kiv\u00e1l\u00f3 szelek fogadt\u00e1k a vas\u00e1rnap reggel kifut\u00f3 Candor vitorl\u00e1s t\u00fara r\u00e9sztvev\u0151it Horv\u00e1torsz\u00e1gban.","robots":{"index":"index","follow":"follow","max-snippet":"max-snippet:-1","max-image-preview":"max-image-preview:large","max-video-preview":"max-video-preview:-1"},"canonical":"https:\/\/candor.hu\/index.php\/ccc-2023\/","og_locale":"hu_HU","og_type":"article","og_title":"CCC 2023 | Vitorl\u00e1s t\u00fara Horv\u00e1torsz\u00e1g | Candor.hu","og_description":"Sok naps\u00fct\u00e9s, langyos tenger, kiv\u00e1l\u00f3 szelek fogadt\u00e1k a vas\u00e1rnap reggel kifut\u00f3 Candor vitorl\u00e1s t\u00fara r\u00e9sztvev\u0151it Horv\u00e1torsz\u00e1gban.","og_url":"https:\/\/candor.hu\/index.php\/ccc-2023\/","og_site_name":"Candor","article_modified_time":"2025-05-22T07:57:37+00:00","twitter_card":"summary_large_image","twitter_misc":{"Becs\u00fclt olvas\u00e1si id\u0151":"3 perc"},"schema":{"@context":"https:\/\/schema.org","@graph":[{"@type":"WebPage","@id":"https:\/\/candor.hu\/index.php\/ccc-2023\/","url":"https:\/\/candor.hu\/index.php\/ccc-2023\/","name":"CCC 2023 | Vitorl\u00e1s t\u00fara Horv\u00e1torsz\u00e1g | Candor.hu","isPartOf":{"@id":"https:\/\/candor.hu\/#website"},"datePublished":"2024-04-02T12:48:25+00:00","dateModified":"2025-05-22T07:57:37+00:00","description":"Sok naps\u00fct\u00e9s, langyos tenger, kiv\u00e1l\u00f3 szelek fogadt\u00e1k a vas\u00e1rnap reggel kifut\u00f3 Candor vitorl\u00e1s t\u00fara r\u00e9sztvev\u0151it Horv\u00e1torsz\u00e1gban.","breadcrumb":{"@id":"https:\/\/candor.hu\/index.php\/ccc-2023\/#breadcrumb"},"inLanguage":"hu","potentialAction":[{"@type":"ReadAction","target":["https:\/\/candor.hu\/index.php\/ccc-2023\/"]}]},{"@type":"BreadcrumbList","@id":"https:\/\/candor.hu\/index.php\/ccc-2023\/#breadcrumb","itemListElement":[{"@type":"ListItem","position":1,"name":"Kezd\u0151lap","item":"https:\/\/candor.hu\/"},{"@type":"ListItem","position":2,"name":"CCC 2023"}]},{"@type":"WebSite","@id":"https:\/\/candor.hu\/#website","url":"https:\/\/candor.hu\/","name":"Candor","description":"","publisher":{"@id":"https:\/\/candor.hu\/#organization"},"potentialAction":[{"@type":"SearchAction","target":{"@type":"EntryPoint","urlTemplate":"https:\/\/candor.hu\/?s={search_term_string}"},"query-input":{"@type":"PropertyValueSpecification","valueRequired":true,"valueName":"search_term_string"}}],"inLanguage":"hu"},{"@type":"Organization","@id":"https:\/\/candor.hu\/#organization","name":"Candor","url":"https:\/\/candor.hu\/","logo":{"@type":"ImageObject","inLanguage":"hu","@id":"https:\/\/candor.hu\/#\/schema\/logo\/image\/","url":"https:\/\/candor.hu\/wp-content\/uploads\/2023\/05\/cropped-candorlogo-01.png","contentUrl":"https:\/\/candor.hu\/wp-content\/uploads\/2023\/05\/cropped-candorlogo-01.png","width":754,"height":206,"caption":"Candor"},"image":{"@id":"https:\/\/candor.hu\/#\/schema\/logo\/image\/"}}]}},"jetpack_sharing_enabled":true,"_links":{"self":[{"href":"https:\/\/candor.hu\/index.php\/wp-json\/wp\/v2\/pages\/4656","targetHints":{"allow":["GET"]}}],"collection":[{"href":"https:\/\/candor.hu\/index.php\/wp-json\/wp\/v2\/pages"}],"about":[{"href":"https:\/\/candor.hu\/index.php\/wp-json\/wp\/v2\/types\/page"}],"author":[{"embeddable":true,"href":"https:\/\/candor.hu\/index.php\/wp-json\/wp\/v2\/users\/3"}],"replies":[{"embeddable":true,"href":"https:\/\/candor.hu\/index.php\/wp-json\/wp\/v2\/comments?post=4656"}],"version-history":[{"count":7,"href":"https:\/\/candor.hu\/index.php\/wp-json\/wp\/v2\/pages\/4656\/revisions"}],"predecessor-version":[{"id":4692,"href":"https:\/\/candor.hu\/index.php\/wp-json\/wp\/v2\/pages\/4656\/revisions\/4692"}],"wp:attachment":[{"href":"https:\/\/candor.hu\/index.php\/wp-json\/wp\/v2\/media?parent=4656"}],"curies":[{"name":"wp","href":"https:\/\/api.w.org\/{rel}","templated":true}]}}