{"id":4661,"date":"2024-04-02T12:51:39","date_gmt":"2024-04-02T12:51:39","guid":{"rendered":"https:\/\/candor.hu\/?page_id=4661"},"modified":"2025-05-22T07:58:00","modified_gmt":"2025-05-22T07:58:00","slug":"behajozas-2023","status":"publish","type":"page","link":"https:\/\/candor.hu\/index.php\/behajozas-2023\/","title":{"rendered":"Behaj\u00f3z\u00e1s 2023"},"content":{"rendered":"\t\t<div data-elementor-type=\"wp-page\" data-elementor-id=\"4661\" class=\"elementor elementor-4661\" data-elementor-post-type=\"page\">\n\t\t\t\t\t\t<section class=\"elementor-section elementor-top-section elementor-element elementor-element-2b09b55 elementor-section-boxed elementor-section-height-default elementor-section-height-default\" data-id=\"2b09b55\" data-element_type=\"section\" data-e-type=\"section\">\n\t\t\t\t\t\t<div class=\"elementor-container elementor-column-gap-default\">\n\t\t\t\t\t<div class=\"elementor-column elementor-col-100 elementor-top-column elementor-element elementor-element-6ab8431\" data-id=\"6ab8431\" data-element_type=\"column\" data-e-type=\"column\">\n\t\t\t<div class=\"elementor-widget-wrap elementor-element-populated\">\n\t\t\t\t\t\t<div class=\"elementor-element elementor-element-d2aa404 de_scroll_animation_no elementor-widget elementor-widget-spacer\" data-id=\"d2aa404\" data-element_type=\"widget\" data-e-type=\"widget\" data-widget_type=\"spacer.default\">\n\t\t\t\t<div class=\"elementor-widget-container\">\n\t\t\t\t\t\t\t<div class=\"elementor-spacer\">\n\t\t\t<div class=\"elementor-spacer-inner\"><\/div>\n\t\t<\/div>\n\t\t\t\t\t\t<\/div>\n\t\t\t\t<\/div>\n\t\t\t\t\t<\/div>\n\t\t<\/div>\n\t\t\t\t\t<\/div>\n\t\t<\/section>\n\t\t\t\t<section class=\"elementor-section elementor-top-section elementor-element elementor-element-bec68d3 elementor-section-boxed elementor-section-height-default elementor-section-height-default\" data-id=\"bec68d3\" data-element_type=\"section\" data-e-type=\"section\">\n\t\t\t\t\t\t<div class=\"elementor-container elementor-column-gap-default\">\n\t\t\t\t\t<div class=\"elementor-column elementor-col-100 elementor-top-column elementor-element elementor-element-b941553\" data-id=\"b941553\" data-element_type=\"column\" data-e-type=\"column\">\n\t\t\t<div class=\"elementor-widget-wrap elementor-element-populated\">\n\t\t\t\t\t\t<div class=\"elementor-element elementor-element-cb86acb de_scroll_animation_no elementor-widget elementor-widget-heading\" data-id=\"cb86acb\" data-element_type=\"widget\" data-e-type=\"widget\" data-widget_type=\"heading.default\">\n\t\t\t\t<div class=\"elementor-widget-container\">\n\t\t\t\t\t<h2 class=\"elementor-heading-title elementor-size-default\">Behaj\u00f3z\u00e1s 2023<\/h2>\t\t\t\t<\/div>\n\t\t\t\t<\/div>\n\t\t\t\t\t<\/div>\n\t\t<\/div>\n\t\t\t\t\t<\/div>\n\t\t<\/section>\n\t\t\t\t<section class=\"elementor-section elementor-top-section elementor-element elementor-element-2d9b02d elementor-section-boxed elementor-section-height-default elementor-section-height-default\" data-id=\"2d9b02d\" data-element_type=\"section\" data-e-type=\"section\">\n\t\t\t\t\t\t<div class=\"elementor-container elementor-column-gap-default\">\n\t\t\t\t\t<div class=\"elementor-column elementor-col-100 elementor-top-column elementor-element elementor-element-31a5e88\" data-id=\"31a5e88\" data-element_type=\"column\" data-e-type=\"column\">\n\t\t\t<div class=\"elementor-widget-wrap elementor-element-populated\">\n\t\t\t\t\t\t<div class=\"elementor-element elementor-element-55ab592 de_scroll_animation_no elementor-widget elementor-widget-text-editor\" data-id=\"55ab592\" data-element_type=\"widget\" data-e-type=\"widget\" data-widget_type=\"text-editor.default\">\n\t\t\t\t<div class=\"elementor-widget-container\">\n\t\t\t\t\t\t\t\t\t<p style=\"font-variant-ligatures: normal; font-variant-caps: normal; font-family: 'Work Sans', sans-serif; font-size: 14px; font-style: normal; font-weight: 300;\">Az Candor 2023 Behaj\u00f3z\u00e1s els\u0151 hete csal\u00e1dias hangulatban indult, b\u00e1r az id\u0151 \u00e9s a tenger a kellemesn\u00e9l h\u0171v\u00f6sebb volt, m\u00e9gis j\u00f3l \u00e9rezt\u00fck magunkat. Hat haj\u00f3, negyven haj\u00f3s, k\u00fcl\u00f6n\u00f6sebb terv n\u00e9lk\u00fcl kerest\u00fck a j\u00f3 szelet, \u00e1prilisban nem is \u00e9rdemes m\u00e1shogy nekiindulni!<\/p><p style=\"font-variant-ligatures: normal; font-variant-caps: normal; font-family: 'Work Sans', sans-serif; font-size: 14px; font-style: normal; font-weight: 300;\">Nem hagytuk magunkat zavartatni az egyik \u00e9jjel r\u00e1nk szakad\u00f3 es\u0151t\u0151l, a Jug\u00f3 keltette hull\u00e1mokt\u00f3l, minden nap j\u00f3kat vitorl\u00e1ztunk. Vas\u00e1rnap est\u00e9re \u00e1tkelt\u00fcnk Vis v\u00e1ros\u00e1ba, ahol r\u00e9gi ismer\u0151s\u00fcnk, Roki v\u00e1rt minket pek\u00e1val \u00e9s j\u00f3 borokkal. Onnan Rogoznic\u00e1ra f\u00fajt minket a sz\u00e9l, majd kedden a majdnem sz\u00e9lcsendben ki Zirje sziget Stupica \u00f6bl\u00e9ben, ki Skradinban, egyik haj\u00f3nk pedig Prvicben v\u00e9szelte \u00e1t az \u00e9jszakai rossz id\u0151t. Szerd\u00e1ra nagyj\u00e1b\u00f3l \u00fajra \u00f6sszef\u00fajt minket a sz\u00e9l Stari Gradban, ott k\u00f6lt\u00f6tt\u00fck el a k\u00f6z\u00f6s vacsor\u00e1nkat. Innen \u00e1tvitorl\u00e1ztunk Miln\u00e1ra, majd p\u00e9nteken kisebb kit\u00e9r\u0151kkel Kastel\u00e1ra. Nem voltunk v\u00e9gig egy nyomvonalon, de szerencs\u00e9re nem is volt ilyen terv\u00fcnk. A l\u00e9nyeg, hogy mindenki megtal\u00e1lta, amit keresett: a szelet, a tengert, a t\u00e1rsas\u00e1got, \u00e9s a szezonra felk\u00e9sz\u00edtett flott\u00e1t, ahogyan az a Candorn\u00e1l szok\u00e1s.<\/p><p style=\"font-variant-ligatures: normal; font-variant-caps: normal; font-family: 'Work Sans', sans-serif; font-size: 14px; font-style: normal; font-weight: 300;\">A m\u00e1sodik h\u00e9t szint\u00e9n csal\u00e1dias volt, sok r\u00e9gi bar\u00e1ttal \u00e9s ismer\u0151s arccal, ez alkalommal viszont sokkal nagyobb fam\u00edlia voltunk! Id\u00e9n kerek 100 r\u00e9sztvev\u0151vel indultunk \u00fatnak a 13 haj\u00f3s flottil\u00e1n. N\u00e9gy napon \u00e1t k\u00f6vett\u00fck \u00e9s alak\u00edtottuk \u00fagy az \u00fatvonalat, ahogy a sz\u00e9l dikt\u00e1lta.<\/p><p style=\"font-variant-ligatures: normal; font-variant-caps: normal; font-family: 'Work Sans', sans-serif; font-size: 14px; font-style: normal; font-weight: 300;\">Az els\u0151 d\u00e9lut\u00e1ni kihaj\u00f3z\u00e1s ut\u00e1n kellemes temp\u00f3ban \u00e9rt\u00fcnk ki est\u00e9re Miln\u00e1ra, a szok\u00e1sos els\u0151 esti kik\u00f6t\u0151be. A Candoros csapat az \u00faj 410-es Mamintit tesztelte a m\u00e1sodik etap alatt. Meg kell hagyni, flott\u00e1ba val\u00f3 haj\u00f3 lett bel\u0151le! M\u00e1sodik nap gyenge fuvallatok k\u00f6z\u00f6tt motorl\u00e1ztunk el az idei els\u0151 \u00f6bl\u00f6s, horgonyos f\u00fcrd\u0151z\u00e9sek egyik\u00e9re. Egy kiad\u00f3s eb\u00e9d ut\u00e1n pedig folytattuk az utunk az esti kik\u00f6t\u0151hely\u00fcnkre, Palmiz\u00e1n\u00e1ra.\u00a0<\/p><p style=\"font-variant-ligatures: normal; font-variant-caps: normal; font-family: 'Work Sans', sans-serif; font-size: 14px; font-style: normal; font-weight: 300;\">Palmiz\u00e1n\u00e1n t\u00f6rt\u00e9ntek dolgok, amik Palmiz\u00e1n\u00e1n is fognak maradni. Egy esem\u00e9nyd\u00fas est\u00e9t t\u00f6lt\u00f6tt\u00fcnk ott, ami haj\u00f3farban grillez\u00e9ssel, cocpitban t\u00e1ncol\u00e1ssal \u00e9s m\u00e1snapi b\u00fav\u00e1rkod\u00f3s ment\u0151akci\u00f3val volt megf\u0171szerezve. A reggeli v\u00edz alatti kincskeres\u00e9s sikertelen volt, viszont le a kalappal a helyi b\u00fav\u00e1rok el\u0151tt! Utols\u00f3 teljes napunkat kellemes h\u00e1tsz\u00e9lben t\u00f6lt\u00f6tt\u00fck. Ink\u00e1bb ment\u00fcnk lassan, mint hangosan, m\u00edg eljutottunk Maslanic\u00e1ra, az esti c\u00e9lba. Itt folytattuk, amit Palmiz\u00e1n\u00e1n abbahagytunk, \u00e9lvezt\u00fck egym\u00e1s t\u00e1rsas\u00e1g\u00e1t, finom \u00e9telek \u00e9s italok t\u00e1rsas\u00e1g\u00e1ban. Aki el\u0151rel\u00e1t\u00f3 volt figyelt este, mivel m\u00e1snap hajnalban a Jug\u00f3 keltette a csapattagok nagy r\u00e9sz\u00e9t. Utols\u00f3 vitorl\u00e1s etapunk er\u0151s 25-30 csom\u00f3s \u00e9les sz\u00e9lben tett\u00fck meg, v\u00e9gig hull\u00e1mokkal szemben. Ha j\u00f3k a (teljesen hivatalos) adataink, csak egy haj\u00f3 volt, ahol mindenki \u00e9ps\u00e9gben meg\u00faszta, rajtuk k\u00edv\u00fcl minden haj\u00f3n volt aki \u00e1ldozatul esett a term\u00e9szetnek \u2013 \u00e9s az el\u0151z\u0151 est\u00e9nek.\u00a0<\/p><p style=\"font-variant-ligatures: normal; font-variant-caps: normal; font-family: 'Work Sans', sans-serif; font-size: 14px; font-style: normal; font-weight: 300;\">Miut\u00e1n mindenki kik\u00f6t\u00f6tt Kastel\u00e1n, lezuhanyzott, regener\u00e1l\u00f3dott, sz\u00e9pen lassan, este 7 k\u00f6r\u00fcl \u00e1ts\u00e9t\u00e1ltunk hely\u00fcnkre, a Spinakker \u00e9tterembe. Itt az \u00faj kinti teremben, hatalmas \u00fcvegfalakon \u00e1t n\u00e9zhett\u00fck v\u00e9gig a naplement\u00e9t. Az \u00e9tel j\u00f3 volt, a besz\u00e9dek \u00e9rdekesek \u00e9s megind\u00edt\u00f3ak, a t\u00e1rsas\u00e1g pedig \u2013 szok\u00e1s\u00e1hoz h\u00edven \u2013 a legjobb. \u00d6r\u00f6m l\u00e1tnunk, hogy minden \u00e9vben egyre szorosabbak a bar\u00e1ts\u00e1gok \u00e9s szervezettebbek a t\u00far\u00e1k, \u00e9s ez N\u00e9lk\u00fcletek el\u00e9rhetetlen lenne, \u00fagyhogy nagybet\u0171sen K\u00d6SZ\u00d6NJ\u00dcK mindenkinek a r\u00e9szv\u00e9telt!<\/p><p style=\"font-variant-ligatures: normal; font-variant-caps: normal; font-family: 'Work Sans', sans-serif; font-size: 14px; font-style: normal; font-weight: 300;\">\u00d6lel a Candor Csal\u00e1d!<\/p>\t\t\t\t\t\t\t\t<\/div>\n\t\t\t\t<\/div>\n\t\t\t\t\t<\/div>\n\t\t<\/div>\n\t\t\t\t\t<\/div>\n\t\t<\/section>\n\t\t\t\t<\/div>\n\t\t","protected":false},"excerpt":{"rendered":"<p>Behaj\u00f3z\u00e1s 2023 Az Candor 2023 Behaj\u00f3z\u00e1s els\u0151 hete csal\u00e1dias hangulatban indult, b\u00e1r az id\u0151 \u00e9s a tenger a kellemesn\u00e9l h\u0171v\u00f6sebb volt, m\u00e9gis j\u00f3l \u00e9rezt\u00fck magunkat. Hat haj\u00f3, negyven haj\u00f3s, k\u00fcl\u00f6n\u00f6sebb terv n\u00e9lk\u00fcl kerest\u00fck a j\u00f3 szelet, \u00e1prilisban nem is \u00e9rdemes m\u00e1shogy nekiindulni! Nem hagytuk magunkat zavartatni az egyik \u00e9jjel r\u00e1nk szakad\u00f3 es\u0151t\u0151l, a Jug\u00f3 keltette [&hellip;]<\/p>\n","protected":false},"author":3,"featured_media":0,"parent":0,"menu_order":0,"comment_status":"closed","ping_status":"closed","template":"","meta":{"footnotes":""},"class_list":["post-4661","page","type-page","status-publish","hentry","entry","owp-thumbs-layout-horizontal","owp-btn-normal","owp-tabs-layout-horizontal","has-no-thumbnails","has-product-nav"],"yoast_head":"<!-- This site is optimized with the Yoast SEO plugin v27.2 - https:\/\/yoast.com\/product\/yoast-seo-wordpress\/ -->\n<title>Behaj\u00f3z\u00e1s 2023 | Vitorl\u00e1s t\u00fara Horv\u00e1torsz\u00e1g | Candor.hu<\/title>\n<meta name=\"description\" content=\"A Candor 2023 Behaj\u00f3z\u00e1s els\u0151 hete csal\u00e1dias hangulatban indult, a m\u00e1sik h\u00e9ten pedig hatalmas l\u00e9tsz\u00e1mmal folytat\u00f3dott, sok ismer\u0151s arccal.\" \/>\n<meta name=\"robots\" content=\"index, follow, max-snippet:-1, max-image-preview:large, max-video-preview:-1\" \/>\n<link rel=\"canonical\" href=\"https:\/\/candor.hu\/index.php\/behajozas-2023\/\" \/>\n<meta property=\"og:locale\" content=\"hu_HU\" \/>\n<meta property=\"og:type\" content=\"article\" \/>\n<meta property=\"og:title\" content=\"Behaj\u00f3z\u00e1s 2023 | Vitorl\u00e1s t\u00fara Horv\u00e1torsz\u00e1g | Candor.hu\" \/>\n<meta property=\"og:description\" content=\"A Candor 2023 Behaj\u00f3z\u00e1s els\u0151 hete csal\u00e1dias hangulatban indult, a m\u00e1sik h\u00e9ten pedig hatalmas l\u00e9tsz\u00e1mmal folytat\u00f3dott, sok ismer\u0151s arccal.\" \/>\n<meta property=\"og:url\" content=\"https:\/\/candor.hu\/index.php\/behajozas-2023\/\" \/>\n<meta property=\"og:site_name\" content=\"Candor\" \/>\n<meta property=\"article:modified_time\" content=\"2025-05-22T07:58:00+00:00\" \/>\n<meta name=\"twitter:card\" content=\"summary_large_image\" \/>\n<meta name=\"twitter:label1\" content=\"Becs\u00fclt olvas\u00e1si id\u0151\" \/>\n\t<meta name=\"twitter:data1\" content=\"3 perc\" \/>\n<script type=\"application\/ld+json\" class=\"yoast-schema-graph\">{\"@context\":\"https:\/\/schema.org\",\"@graph\":[{\"@type\":\"WebPage\",\"@id\":\"https:\/\/candor.hu\/index.php\/behajozas-2023\/\",\"url\":\"https:\/\/candor.hu\/index.php\/behajozas-2023\/\",\"name\":\"Behaj\u00f3z\u00e1s 2023 | Vitorl\u00e1s t\u00fara Horv\u00e1torsz\u00e1g | Candor.hu\",\"isPartOf\":{\"@id\":\"https:\/\/candor.hu\/#website\"},\"datePublished\":\"2024-04-02T12:51:39+00:00\",\"dateModified\":\"2025-05-22T07:58:00+00:00\",\"description\":\"A Candor 2023 Behaj\u00f3z\u00e1s els\u0151 hete csal\u00e1dias hangulatban indult, a m\u00e1sik h\u00e9ten pedig hatalmas l\u00e9tsz\u00e1mmal folytat\u00f3dott, sok ismer\u0151s arccal.\",\"breadcrumb\":{\"@id\":\"https:\/\/candor.hu\/index.php\/behajozas-2023\/#breadcrumb\"},\"inLanguage\":\"hu\",\"potentialAction\":[{\"@type\":\"ReadAction\",\"target\":[\"https:\/\/candor.hu\/index.php\/behajozas-2023\/\"]}]},{\"@type\":\"BreadcrumbList\",\"@id\":\"https:\/\/candor.hu\/index.php\/behajozas-2023\/#breadcrumb\",\"itemListElement\":[{\"@type\":\"ListItem\",\"position\":1,\"name\":\"Kezd\u0151lap\",\"item\":\"https:\/\/candor.hu\/\"},{\"@type\":\"ListItem\",\"position\":2,\"name\":\"Behaj\u00f3z\u00e1s 2023\"}]},{\"@type\":\"WebSite\",\"@id\":\"https:\/\/candor.hu\/#website\",\"url\":\"https:\/\/candor.hu\/\",\"name\":\"Candor\",\"description\":\"\",\"publisher\":{\"@id\":\"https:\/\/candor.hu\/#organization\"},\"potentialAction\":[{\"@type\":\"SearchAction\",\"target\":{\"@type\":\"EntryPoint\",\"urlTemplate\":\"https:\/\/candor.hu\/?s={search_term_string}\"},\"query-input\":{\"@type\":\"PropertyValueSpecification\",\"valueRequired\":true,\"valueName\":\"search_term_string\"}}],\"inLanguage\":\"hu\"},{\"@type\":\"Organization\",\"@id\":\"https:\/\/candor.hu\/#organization\",\"name\":\"Candor\",\"url\":\"https:\/\/candor.hu\/\",\"logo\":{\"@type\":\"ImageObject\",\"inLanguage\":\"hu\",\"@id\":\"https:\/\/candor.hu\/#\/schema\/logo\/image\/\",\"url\":\"https:\/\/candor.hu\/wp-content\/uploads\/2023\/05\/cropped-candorlogo-01.png\",\"contentUrl\":\"https:\/\/candor.hu\/wp-content\/uploads\/2023\/05\/cropped-candorlogo-01.png\",\"width\":754,\"height\":206,\"caption\":\"Candor\"},\"image\":{\"@id\":\"https:\/\/candor.hu\/#\/schema\/logo\/image\/\"}}]}<\/script>\n<!-- \/ Yoast SEO plugin. -->","yoast_head_json":{"title":"Behaj\u00f3z\u00e1s 2023 | Vitorl\u00e1s t\u00fara Horv\u00e1torsz\u00e1g | Candor.hu","description":"A Candor 2023 Behaj\u00f3z\u00e1s els\u0151 hete csal\u00e1dias hangulatban indult, a m\u00e1sik h\u00e9ten pedig hatalmas l\u00e9tsz\u00e1mmal folytat\u00f3dott, sok ismer\u0151s arccal.","robots":{"index":"index","follow":"follow","max-snippet":"max-snippet:-1","max-image-preview":"max-image-preview:large","max-video-preview":"max-video-preview:-1"},"canonical":"https:\/\/candor.hu\/index.php\/behajozas-2023\/","og_locale":"hu_HU","og_type":"article","og_title":"Behaj\u00f3z\u00e1s 2023 | Vitorl\u00e1s t\u00fara Horv\u00e1torsz\u00e1g | Candor.hu","og_description":"A Candor 2023 Behaj\u00f3z\u00e1s els\u0151 hete csal\u00e1dias hangulatban indult, a m\u00e1sik h\u00e9ten pedig hatalmas l\u00e9tsz\u00e1mmal folytat\u00f3dott, sok ismer\u0151s arccal.","og_url":"https:\/\/candor.hu\/index.php\/behajozas-2023\/","og_site_name":"Candor","article_modified_time":"2025-05-22T07:58:00+00:00","twitter_card":"summary_large_image","twitter_misc":{"Becs\u00fclt olvas\u00e1si id\u0151":"3 perc"},"schema":{"@context":"https:\/\/schema.org","@graph":[{"@type":"WebPage","@id":"https:\/\/candor.hu\/index.php\/behajozas-2023\/","url":"https:\/\/candor.hu\/index.php\/behajozas-2023\/","name":"Behaj\u00f3z\u00e1s 2023 | Vitorl\u00e1s t\u00fara Horv\u00e1torsz\u00e1g | Candor.hu","isPartOf":{"@id":"https:\/\/candor.hu\/#website"},"datePublished":"2024-04-02T12:51:39+00:00","dateModified":"2025-05-22T07:58:00+00:00","description":"A Candor 2023 Behaj\u00f3z\u00e1s els\u0151 hete csal\u00e1dias hangulatban indult, a m\u00e1sik h\u00e9ten pedig hatalmas l\u00e9tsz\u00e1mmal folytat\u00f3dott, sok ismer\u0151s arccal.","breadcrumb":{"@id":"https:\/\/candor.hu\/index.php\/behajozas-2023\/#breadcrumb"},"inLanguage":"hu","potentialAction":[{"@type":"ReadAction","target":["https:\/\/candor.hu\/index.php\/behajozas-2023\/"]}]},{"@type":"BreadcrumbList","@id":"https:\/\/candor.hu\/index.php\/behajozas-2023\/#breadcrumb","itemListElement":[{"@type":"ListItem","position":1,"name":"Kezd\u0151lap","item":"https:\/\/candor.hu\/"},{"@type":"ListItem","position":2,"name":"Behaj\u00f3z\u00e1s 2023"}]},{"@type":"WebSite","@id":"https:\/\/candor.hu\/#website","url":"https:\/\/candor.hu\/","name":"Candor","description":"","publisher":{"@id":"https:\/\/candor.hu\/#organization"},"potentialAction":[{"@type":"SearchAction","target":{"@type":"EntryPoint","urlTemplate":"https:\/\/candor.hu\/?s={search_term_string}"},"query-input":{"@type":"PropertyValueSpecification","valueRequired":true,"valueName":"search_term_string"}}],"inLanguage":"hu"},{"@type":"Organization","@id":"https:\/\/candor.hu\/#organization","name":"Candor","url":"https:\/\/candor.hu\/","logo":{"@type":"ImageObject","inLanguage":"hu","@id":"https:\/\/candor.hu\/#\/schema\/logo\/image\/","url":"https:\/\/candor.hu\/wp-content\/uploads\/2023\/05\/cropped-candorlogo-01.png","contentUrl":"https:\/\/candor.hu\/wp-content\/uploads\/2023\/05\/cropped-candorlogo-01.png","width":754,"height":206,"caption":"Candor"},"image":{"@id":"https:\/\/candor.hu\/#\/schema\/logo\/image\/"}}]}},"jetpack_sharing_enabled":true,"_links":{"self":[{"href":"https:\/\/candor.hu\/index.php\/wp-json\/wp\/v2\/pages\/4661","targetHints":{"allow":["GET"]}}],"collection":[{"href":"https:\/\/candor.hu\/index.php\/wp-json\/wp\/v2\/pages"}],"about":[{"href":"https:\/\/candor.hu\/index.php\/wp-json\/wp\/v2\/types\/page"}],"author":[{"embeddable":true,"href":"https:\/\/candor.hu\/index.php\/wp-json\/wp\/v2\/users\/3"}],"replies":[{"embeddable":true,"href":"https:\/\/candor.hu\/index.php\/wp-json\/wp\/v2\/comments?post=4661"}],"version-history":[{"count":7,"href":"https:\/\/candor.hu\/index.php\/wp-json\/wp\/v2\/pages\/4661\/revisions"}],"predecessor-version":[{"id":4702,"href":"https:\/\/candor.hu\/index.php\/wp-json\/wp\/v2\/pages\/4661\/revisions\/4702"}],"wp:attachment":[{"href":"https:\/\/candor.hu\/index.php\/wp-json\/wp\/v2\/media?parent=4661"}],"curies":[{"name":"wp","href":"https:\/\/api.w.org\/{rel}","templated":true}]}}