{"id":4666,"date":"2024-04-02T12:54:09","date_gmt":"2024-04-02T12:54:09","guid":{"rendered":"https:\/\/candor.hu\/?page_id=4666"},"modified":"2025-05-22T07:58:23","modified_gmt":"2025-05-22T07:58:23","slug":"budapest-boatshow-2023","status":"publish","type":"page","link":"https:\/\/candor.hu\/index.php\/budapest-boatshow-2023\/","title":{"rendered":"Budapest Boatshow 2023"},"content":{"rendered":"\t\t<div data-elementor-type=\"wp-page\" data-elementor-id=\"4666\" class=\"elementor elementor-4666\" data-elementor-post-type=\"page\">\n\t\t\t\t\t\t<section class=\"elementor-section elementor-top-section elementor-element elementor-element-2301b99 elementor-section-boxed elementor-section-height-default elementor-section-height-default\" data-id=\"2301b99\" data-element_type=\"section\" data-e-type=\"section\">\n\t\t\t\t\t\t<div class=\"elementor-container elementor-column-gap-default\">\n\t\t\t\t\t<div class=\"elementor-column elementor-col-100 elementor-top-column elementor-element elementor-element-eeb577a\" data-id=\"eeb577a\" data-element_type=\"column\" data-e-type=\"column\">\n\t\t\t<div class=\"elementor-widget-wrap elementor-element-populated\">\n\t\t\t\t\t\t<div class=\"elementor-element elementor-element-9719361 de_scroll_animation_no elementor-widget elementor-widget-spacer\" data-id=\"9719361\" data-element_type=\"widget\" data-e-type=\"widget\" data-widget_type=\"spacer.default\">\n\t\t\t\t<div class=\"elementor-widget-container\">\n\t\t\t\t\t\t\t<div class=\"elementor-spacer\">\n\t\t\t<div class=\"elementor-spacer-inner\"><\/div>\n\t\t<\/div>\n\t\t\t\t\t\t<\/div>\n\t\t\t\t<\/div>\n\t\t\t\t\t<\/div>\n\t\t<\/div>\n\t\t\t\t\t<\/div>\n\t\t<\/section>\n\t\t\t\t<section class=\"elementor-section elementor-top-section elementor-element elementor-element-36c95a0 elementor-section-boxed elementor-section-height-default elementor-section-height-default\" data-id=\"36c95a0\" data-element_type=\"section\" data-e-type=\"section\">\n\t\t\t\t\t\t<div class=\"elementor-container elementor-column-gap-default\">\n\t\t\t\t\t<div class=\"elementor-column elementor-col-100 elementor-top-column elementor-element elementor-element-8b923bf\" data-id=\"8b923bf\" data-element_type=\"column\" data-e-type=\"column\">\n\t\t\t<div class=\"elementor-widget-wrap elementor-element-populated\">\n\t\t\t\t\t\t<div class=\"elementor-element elementor-element-e89cfb3 de_scroll_animation_no elementor-widget elementor-widget-heading\" data-id=\"e89cfb3\" data-element_type=\"widget\" data-e-type=\"widget\" data-widget_type=\"heading.default\">\n\t\t\t\t<div class=\"elementor-widget-container\">\n\t\t\t\t\t<h2 class=\"elementor-heading-title elementor-size-default\">Budapest Boatshow 2023<\/h2>\t\t\t\t<\/div>\n\t\t\t\t<\/div>\n\t\t\t\t\t<\/div>\n\t\t<\/div>\n\t\t\t\t\t<\/div>\n\t\t<\/section>\n\t\t\t\t<section class=\"elementor-section elementor-top-section elementor-element elementor-element-336c35e elementor-section-boxed elementor-section-height-default elementor-section-height-default\" data-id=\"336c35e\" data-element_type=\"section\" data-e-type=\"section\">\n\t\t\t\t\t\t<div class=\"elementor-container elementor-column-gap-default\">\n\t\t\t\t\t<div class=\"elementor-column elementor-col-100 elementor-top-column elementor-element elementor-element-33f4e70\" data-id=\"33f4e70\" data-element_type=\"column\" data-e-type=\"column\">\n\t\t\t<div class=\"elementor-widget-wrap elementor-element-populated\">\n\t\t\t\t\t\t<div class=\"elementor-element elementor-element-23145f4 de_scroll_animation_no elementor-widget elementor-widget-text-editor\" data-id=\"23145f4\" data-element_type=\"widget\" data-e-type=\"widget\" data-widget_type=\"text-editor.default\">\n\t\t\t\t<div class=\"elementor-widget-container\">\n\t\t\t\t\t\t\t\t\t<p style=\"font-variant-ligatures: normal; font-variant-caps: normal; font-family: &quot;Work Sans&quot;, sans-serif; font-size: 14px; font-style: normal; font-weight: 300;\"><span style=\"font-size: 14px; font-weight: 400;\">Id\u00e9n \u00fajabban volt szerencs\u00e9nk r\u00e9szt venni a 2023-as Budapest Boatshown \u2013 Magyarorsz\u00e1g legnagyobb haj\u00f3- \u00e9s jachtipari ki\u00e1ll\u00edt\u00e1s\u00e1n. A Jeanneau Hungary \u00e9s a F\u00fcredYachtCharter mellett \u00e1ll\u00edtottunk ki, akikkel k\u00f6z\u00f6s szenved\u00e9ly\u00fcnk a vitorl\u00e1z\u00e1s \u00e9s a v\u00edzi \u00e9let. A Jeanneau Hungary, az orsz\u00e1g egyik legnagyobb haj\u00f3forgalmaz\u00f3ja 5 motorcs\u00f3nakot \u00e1ll\u00edtott ki, m\u00edg a F\u00fcredYachtCharter a Balatoni k\u00edn\u00e1lat\u00e1t hirdette man\u0151veroktat\u00e1st\u00f3l a charterez\u00e9sig.<\/span><\/p><p style=\"font-variant-ligatures: normal; font-variant-caps: normal; font-family: &quot;Work Sans&quot;, sans-serif; font-size: 14px; font-style: normal; font-weight: 300;\"><span style=\"font-size: 14px; font-weight: 400;\">Az exp\u00f3n ki\u00e1ll\u00edtottuk a vadonat\u00faj Jeanneau Sun Odyssey 410-es vitorl\u00e1sunkat, Maminti-t, ami nagy figyelmet keltett a l\u00e1togat\u00f3k k\u00f6r\u00e9ben. A h\u00e1rom kabin \u00e9s egy f\u00fcrd\u0151szoba elrendez\u00e9snek k\u00f6sz\u00f6nhet\u0151en hatalmas a bels\u0151 t\u00e9r. A l\u00e1togat\u00f3kat azonban az impoz\u00e1nsan nagy els\u0151 kabin lepte meg legink\u00e1bb \u2013 nem gyakran tal\u00e1lkozunk ilyen orrkabinnal egy 410-es m\u00e9ret\u0171 haj\u00f3n. Az embereket leny\u0171g\u00f6zte m\u00e9g egy rejtett borospince is, amelynek rekeszei 45 fokban d\u0151lnek el \u2013 nincs t\u00f6bb\u00e9 t\u00f6r\u00f6tt boros\u00fcveg. Mindennek tetej\u00e9be a pince a padl\u00f3 alatt, a v\u00edzhez k\u00f6zel helyezkedik el, \u00edgy biztos\u00edtva, hogy a borok t\u00f6k\u00e9letes h\u0151m\u00e9rs\u00e9kleten maradjanak. Sokan kellemes meglep\u0151d\u00e9ssel figyeltek fel a rekeszek \u00e9s fi\u00f3kok \u00faj z\u00e1rjaira. A Jeanneau lemondott a r\u00e9gi kerek gombokr\u00f3l egy sokkal intuit\u00edvabb megold\u00e1s jav\u00e1ra.<\/span><\/p><p style=\"font-variant-ligatures: normal; font-variant-caps: normal; font-family: &quot;Work Sans&quot;, sans-serif; font-size: 14px; font-style: normal; font-weight: 300;\"><span style=\"font-size: 14px; font-weight: 400;\">Id\u00e9n alig volt vitorl\u00e1s haj\u00f3 az exp\u00f3n. A ki\u00e1ll\u00edtott haj\u00f3k k\u00f6r\u00fclbel\u00fcl 90%-a motoros haj\u00f3 volt, \u00e9s ezeknek k\u00f6r\u00fclbel\u00fcl a fele elektromos. Maminti volt az egyetlen olyan vitorl\u00e1s, amely t\u00f6bb ember befogad\u00e1s\u00e1ra is alkalmas volt, konyh\u00e1val \u00e9s f\u00fcrd\u0151szob\u00e1val a hosszabb tart\u00f3zkod\u00e1shoz. Ennek eredm\u00e9nyek\u00e9ppen a ki\u00e1ll\u00edt\u00e1s szt\u00e1rja lett, mindenki alig v\u00e1rta, hogy megn\u00e9zhesse.<\/span><\/p><p style=\"font-variant-ligatures: normal; font-variant-caps: normal; font-family: &quot;Work Sans&quot;, sans-serif; font-size: 14px; font-style: normal; font-weight: 300;\"><span style=\"font-size: 14px; font-weight: 400;\">Az expo els\u0151 napja t\u00f6bbnyire szakmai hangs\u00faly\u00fa volt, de sok visszat\u00e9r\u0151 vend\u00e9g\u00fcnk elj\u00f6tt, akik a bar\u00e1ts\u00e1gunk kedv\u00e9\u00e9rt l\u00e1togattak el hozz\u00e1nk. \u00d6r\u00fclnek mindig az emberek, mikor l\u00e1tnak minket, \u00e9s mi is \u00e9lvezz\u00fck, hogy tal\u00e1lkozhatunk ismer\u0151s arcokkal. Sokszor neh\u00e9z volt l\u00e9p\u00e9st tartani az \u00faj l\u00e1togat\u00f3kkal, mert \u00e9rdekes besz\u00e9lget\u00e9sekbe keveredt\u00fcnk. A m\u00e1sodik nap volt a legkev\u00e9sb\u00e9 akt\u00edv, de k\u00e1rp\u00f3tolt benn\u00fcnket az ut\u00e1na k\u00f6vetkez\u0151 VIP vacsora parti, ahol \u00e9lvezt\u00fck a sz\u00f3 szerint szusihaj\u00f3kon felszolg\u00e1lt tekercseket.<\/span><\/p><p style=\"font-variant-ligatures: normal; font-variant-caps: normal; font-family: &quot;Work Sans&quot;, sans-serif; font-size: 14px; font-style: normal; font-weight: 300;\"><span style=\"font-size: 14px; font-weight: 400;\">A szombati nap k\u00fcl\u00f6n\u00f6sen akt\u00edv volt, sok \u00faj arcot ismert\u00fcnk meg, akiknek t\u00f6bbs\u00e9ge val\u00f3ban \u00e9rdekl\u0151d\u00f6tt a Candor ir\u00e1nt. Rengeteg \u00faj vitorl\u00e1z\u00f3t v\u00e1runk, akik rengeteget fognak tanulni, \u00e9s r\u00e9szt terveznek venni a tr\u00e9ningjeinken az idei szezonban. Nagyszer\u0171 lehet\u0151s\u00e9g volt a ismerked\u00e9sre \u00e9s a potenci\u00e1lis \u00fcgyfelekkel val\u00f3 kapcsolat\u00e9p\u00edt\u00e9sre. Vas\u00e1rnap sok gyerekes csal\u00e1d l\u00e1togatott el az exp\u00f3ra, ami az elad\u00e1sok szempontj\u00e1b\u00f3l kev\u00e9sb\u00e9 volt eredm\u00e9nyes, de \u00edgy is nagyszer\u0171 volt Maminti bemutat\u00e1s\u00e1ra \u00e9s \u00faj emberek megismer\u00e9s\u00e9re.<\/span><\/p><p style=\"font-variant-ligatures: normal; font-variant-caps: normal; font-family: &quot;Work Sans&quot;, sans-serif; font-size: 14px; font-style: normal; font-weight: 300;\"><span style=\"font-size: 14px; font-weight: 400;\">A rendezv\u00e9ny m\u00e1sik \u00e9p\u00fclet\u00e9ben lak\u00f3kocsi- \u00e9s e-bicikli-ki\u00e1ll\u00edt\u00e1s volt. B\u00e1r nem t\u00f6lt\u00f6tt\u00fcnk ott sok id\u0151t, volt lehet\u0151s\u00e9g\u00fcnk megsimogatni n\u00e9h\u00e1ny egzotikus \u00e1llatot (k\u00f6zt\u00fck teny\u00e9rnyi cs\u00f3t\u00e1nyokat \u00e9s alkarnyi sz\u00f6csk\u00e9ket), \u00e9s fel\u00fclni az egyik e-bike-ra.<\/span><\/p><p style=\"font-variant-ligatures: normal; font-variant-caps: normal; font-family: &quot;Work Sans&quot;, sans-serif; font-size: 14px; font-style: normal; font-weight: 300;\"><span style=\"font-size: 14px; font-weight: 400;\">\u00d6sszess\u00e9g\u00e9ben fantasztikus esem\u00e9ny volt, \u00e9s m\u00e1r most v\u00e1rjuk a j\u00f6v\u0151 \u00e9vi Budapest Boatshow-t. Felt\u00f6lt\u0151 \u00e9lm\u00e9ny volt bemutatni az \u00faj Sun Odyssey-t, \u00e9s kapcsolatot teremteni az vitorl\u00e1z\u00e1s \u00faj, hazai rajong\u00f3ival. \u00c9s mivel a rendezv\u00e9nyen a motorcs\u00f3nakokt\u00f3l kezdve a lak\u00f3kocsikon \u00e1t az e-bike-ig minden megtal\u00e1lhat\u00f3 volt, mindenki sz\u00e1m\u00e1ra volt valami neki ill\u0151.<\/span><\/p>\t\t\t\t\t\t\t\t<\/div>\n\t\t\t\t<\/div>\n\t\t\t\t\t<\/div>\n\t\t<\/div>\n\t\t\t\t\t<\/div>\n\t\t<\/section>\n\t\t\t\t<\/div>\n\t\t","protected":false},"excerpt":{"rendered":"<p>Budapest Boatshow 2023 Id\u00e9n \u00fajabban volt szerencs\u00e9nk r\u00e9szt venni a 2023-as Budapest Boatshown \u2013 Magyarorsz\u00e1g legnagyobb haj\u00f3- \u00e9s jachtipari ki\u00e1ll\u00edt\u00e1s\u00e1n. A Jeanneau Hungary \u00e9s a F\u00fcredYachtCharter mellett \u00e1ll\u00edtottunk ki, akikkel k\u00f6z\u00f6s szenved\u00e9ly\u00fcnk a vitorl\u00e1z\u00e1s \u00e9s a v\u00edzi \u00e9let. A Jeanneau Hungary, az orsz\u00e1g egyik legnagyobb haj\u00f3forgalmaz\u00f3ja 5 motorcs\u00f3nakot \u00e1ll\u00edtott ki, m\u00edg a F\u00fcredYachtCharter a Balatoni [&hellip;]<\/p>\n","protected":false},"author":3,"featured_media":0,"parent":0,"menu_order":0,"comment_status":"closed","ping_status":"closed","template":"","meta":{"footnotes":""},"class_list":["post-4666","page","type-page","status-publish","hentry","entry","owp-thumbs-layout-horizontal","owp-btn-normal","owp-tabs-layout-horizontal","has-no-thumbnails","has-product-nav"],"yoast_head":"<!-- This site is optimized with the Yoast SEO plugin v27.2 - https:\/\/yoast.com\/product\/yoast-seo-wordpress\/ -->\n<title>Budapest Boatshow 2023 | Yacht charter Horv\u00e1torsz\u00e1g | Candor.hu<\/title>\n<meta name=\"description\" content=\"Volt szerencs\u00e9nk r\u00e9szt venni a 2023-as Budapest Boatshow-n, Magyarorsz\u00e1g legnagyobb haj\u00f3- \u00e9s jachtipari ki\u00e1ll\u00edt\u00e1s\u00e1n.\" \/>\n<meta name=\"robots\" content=\"index, follow, max-snippet:-1, max-image-preview:large, max-video-preview:-1\" \/>\n<link rel=\"canonical\" href=\"https:\/\/candor.hu\/index.php\/budapest-boatshow-2023\/\" \/>\n<meta property=\"og:locale\" content=\"hu_HU\" \/>\n<meta property=\"og:type\" content=\"article\" \/>\n<meta property=\"og:title\" content=\"Budapest Boatshow 2023 | Yacht charter Horv\u00e1torsz\u00e1g | Candor.hu\" \/>\n<meta property=\"og:description\" content=\"Volt szerencs\u00e9nk r\u00e9szt venni a 2023-as Budapest Boatshow-n, Magyarorsz\u00e1g legnagyobb haj\u00f3- \u00e9s jachtipari ki\u00e1ll\u00edt\u00e1s\u00e1n.\" \/>\n<meta property=\"og:url\" content=\"https:\/\/candor.hu\/index.php\/budapest-boatshow-2023\/\" \/>\n<meta property=\"og:site_name\" content=\"Candor\" \/>\n<meta property=\"article:modified_time\" content=\"2025-05-22T07:58:23+00:00\" \/>\n<meta name=\"twitter:card\" content=\"summary_large_image\" \/>\n<meta name=\"twitter:label1\" content=\"Becs\u00fclt olvas\u00e1si id\u0151\" \/>\n\t<meta name=\"twitter:data1\" content=\"3 perc\" \/>\n<script type=\"application\/ld+json\" class=\"yoast-schema-graph\">{\"@context\":\"https:\/\/schema.org\",\"@graph\":[{\"@type\":\"WebPage\",\"@id\":\"https:\/\/candor.hu\/index.php\/budapest-boatshow-2023\/\",\"url\":\"https:\/\/candor.hu\/index.php\/budapest-boatshow-2023\/\",\"name\":\"Budapest Boatshow 2023 | Yacht charter Horv\u00e1torsz\u00e1g | Candor.hu\",\"isPartOf\":{\"@id\":\"https:\/\/candor.hu\/#website\"},\"datePublished\":\"2024-04-02T12:54:09+00:00\",\"dateModified\":\"2025-05-22T07:58:23+00:00\",\"description\":\"Volt szerencs\u00e9nk r\u00e9szt venni a 2023-as Budapest Boatshow-n, Magyarorsz\u00e1g legnagyobb haj\u00f3- \u00e9s jachtipari ki\u00e1ll\u00edt\u00e1s\u00e1n.\",\"breadcrumb\":{\"@id\":\"https:\/\/candor.hu\/index.php\/budapest-boatshow-2023\/#breadcrumb\"},\"inLanguage\":\"hu\",\"potentialAction\":[{\"@type\":\"ReadAction\",\"target\":[\"https:\/\/candor.hu\/index.php\/budapest-boatshow-2023\/\"]}]},{\"@type\":\"BreadcrumbList\",\"@id\":\"https:\/\/candor.hu\/index.php\/budapest-boatshow-2023\/#breadcrumb\",\"itemListElement\":[{\"@type\":\"ListItem\",\"position\":1,\"name\":\"Kezd\u0151lap\",\"item\":\"https:\/\/candor.hu\/\"},{\"@type\":\"ListItem\",\"position\":2,\"name\":\"Budapest Boatshow 2023\"}]},{\"@type\":\"WebSite\",\"@id\":\"https:\/\/candor.hu\/#website\",\"url\":\"https:\/\/candor.hu\/\",\"name\":\"Candor\",\"description\":\"\",\"publisher\":{\"@id\":\"https:\/\/candor.hu\/#organization\"},\"potentialAction\":[{\"@type\":\"SearchAction\",\"target\":{\"@type\":\"EntryPoint\",\"urlTemplate\":\"https:\/\/candor.hu\/?s={search_term_string}\"},\"query-input\":{\"@type\":\"PropertyValueSpecification\",\"valueRequired\":true,\"valueName\":\"search_term_string\"}}],\"inLanguage\":\"hu\"},{\"@type\":\"Organization\",\"@id\":\"https:\/\/candor.hu\/#organization\",\"name\":\"Candor\",\"url\":\"https:\/\/candor.hu\/\",\"logo\":{\"@type\":\"ImageObject\",\"inLanguage\":\"hu\",\"@id\":\"https:\/\/candor.hu\/#\/schema\/logo\/image\/\",\"url\":\"https:\/\/candor.hu\/wp-content\/uploads\/2023\/05\/cropped-candorlogo-01.png\",\"contentUrl\":\"https:\/\/candor.hu\/wp-content\/uploads\/2023\/05\/cropped-candorlogo-01.png\",\"width\":754,\"height\":206,\"caption\":\"Candor\"},\"image\":{\"@id\":\"https:\/\/candor.hu\/#\/schema\/logo\/image\/\"}}]}<\/script>\n<!-- \/ Yoast SEO plugin. -->","yoast_head_json":{"title":"Budapest Boatshow 2023 | Yacht charter Horv\u00e1torsz\u00e1g | Candor.hu","description":"Volt szerencs\u00e9nk r\u00e9szt venni a 2023-as Budapest Boatshow-n, Magyarorsz\u00e1g legnagyobb haj\u00f3- \u00e9s jachtipari ki\u00e1ll\u00edt\u00e1s\u00e1n.","robots":{"index":"index","follow":"follow","max-snippet":"max-snippet:-1","max-image-preview":"max-image-preview:large","max-video-preview":"max-video-preview:-1"},"canonical":"https:\/\/candor.hu\/index.php\/budapest-boatshow-2023\/","og_locale":"hu_HU","og_type":"article","og_title":"Budapest Boatshow 2023 | Yacht charter Horv\u00e1torsz\u00e1g | Candor.hu","og_description":"Volt szerencs\u00e9nk r\u00e9szt venni a 2023-as Budapest Boatshow-n, Magyarorsz\u00e1g legnagyobb haj\u00f3- \u00e9s jachtipari ki\u00e1ll\u00edt\u00e1s\u00e1n.","og_url":"https:\/\/candor.hu\/index.php\/budapest-boatshow-2023\/","og_site_name":"Candor","article_modified_time":"2025-05-22T07:58:23+00:00","twitter_card":"summary_large_image","twitter_misc":{"Becs\u00fclt olvas\u00e1si id\u0151":"3 perc"},"schema":{"@context":"https:\/\/schema.org","@graph":[{"@type":"WebPage","@id":"https:\/\/candor.hu\/index.php\/budapest-boatshow-2023\/","url":"https:\/\/candor.hu\/index.php\/budapest-boatshow-2023\/","name":"Budapest Boatshow 2023 | Yacht charter Horv\u00e1torsz\u00e1g | Candor.hu","isPartOf":{"@id":"https:\/\/candor.hu\/#website"},"datePublished":"2024-04-02T12:54:09+00:00","dateModified":"2025-05-22T07:58:23+00:00","description":"Volt szerencs\u00e9nk r\u00e9szt venni a 2023-as Budapest Boatshow-n, Magyarorsz\u00e1g legnagyobb haj\u00f3- \u00e9s jachtipari ki\u00e1ll\u00edt\u00e1s\u00e1n.","breadcrumb":{"@id":"https:\/\/candor.hu\/index.php\/budapest-boatshow-2023\/#breadcrumb"},"inLanguage":"hu","potentialAction":[{"@type":"ReadAction","target":["https:\/\/candor.hu\/index.php\/budapest-boatshow-2023\/"]}]},{"@type":"BreadcrumbList","@id":"https:\/\/candor.hu\/index.php\/budapest-boatshow-2023\/#breadcrumb","itemListElement":[{"@type":"ListItem","position":1,"name":"Kezd\u0151lap","item":"https:\/\/candor.hu\/"},{"@type":"ListItem","position":2,"name":"Budapest Boatshow 2023"}]},{"@type":"WebSite","@id":"https:\/\/candor.hu\/#website","url":"https:\/\/candor.hu\/","name":"Candor","description":"","publisher":{"@id":"https:\/\/candor.hu\/#organization"},"potentialAction":[{"@type":"SearchAction","target":{"@type":"EntryPoint","urlTemplate":"https:\/\/candor.hu\/?s={search_term_string}"},"query-input":{"@type":"PropertyValueSpecification","valueRequired":true,"valueName":"search_term_string"}}],"inLanguage":"hu"},{"@type":"Organization","@id":"https:\/\/candor.hu\/#organization","name":"Candor","url":"https:\/\/candor.hu\/","logo":{"@type":"ImageObject","inLanguage":"hu","@id":"https:\/\/candor.hu\/#\/schema\/logo\/image\/","url":"https:\/\/candor.hu\/wp-content\/uploads\/2023\/05\/cropped-candorlogo-01.png","contentUrl":"https:\/\/candor.hu\/wp-content\/uploads\/2023\/05\/cropped-candorlogo-01.png","width":754,"height":206,"caption":"Candor"},"image":{"@id":"https:\/\/candor.hu\/#\/schema\/logo\/image\/"}}]}},"jetpack_sharing_enabled":true,"_links":{"self":[{"href":"https:\/\/candor.hu\/index.php\/wp-json\/wp\/v2\/pages\/4666","targetHints":{"allow":["GET"]}}],"collection":[{"href":"https:\/\/candor.hu\/index.php\/wp-json\/wp\/v2\/pages"}],"about":[{"href":"https:\/\/candor.hu\/index.php\/wp-json\/wp\/v2\/types\/page"}],"author":[{"embeddable":true,"href":"https:\/\/candor.hu\/index.php\/wp-json\/wp\/v2\/users\/3"}],"replies":[{"embeddable":true,"href":"https:\/\/candor.hu\/index.php\/wp-json\/wp\/v2\/comments?post=4666"}],"version-history":[{"count":7,"href":"https:\/\/candor.hu\/index.php\/wp-json\/wp\/v2\/pages\/4666\/revisions"}],"predecessor-version":[{"id":4708,"href":"https:\/\/candor.hu\/index.php\/wp-json\/wp\/v2\/pages\/4666\/revisions\/4708"}],"wp:attachment":[{"href":"https:\/\/candor.hu\/index.php\/wp-json\/wp\/v2\/media?parent=4666"}],"curies":[{"name":"wp","href":"https:\/\/api.w.org\/{rel}","templated":true}]}}