{"id":4676,"date":"2024-04-02T12:59:40","date_gmt":"2024-04-02T12:59:40","guid":{"rendered":"https:\/\/candor.hu\/?page_id=4676"},"modified":"2025-05-22T07:59:23","modified_gmt":"2025-05-22T07:59:23","slug":"booking-manager-summit-2022","status":"publish","type":"page","link":"https:\/\/candor.hu\/index.php\/booking-manager-summit-2022\/","title":{"rendered":"Booking Manager Summit 2022"},"content":{"rendered":"\t\t<div data-elementor-type=\"wp-page\" data-elementor-id=\"4676\" class=\"elementor elementor-4676\" data-elementor-post-type=\"page\">\n\t\t\t\t\t\t<section class=\"elementor-section elementor-top-section elementor-element elementor-element-965d5b5 elementor-section-boxed elementor-section-height-default elementor-section-height-default\" data-id=\"965d5b5\" data-element_type=\"section\" data-e-type=\"section\">\n\t\t\t\t\t\t<div class=\"elementor-container elementor-column-gap-default\">\n\t\t\t\t\t<div class=\"elementor-column elementor-col-100 elementor-top-column elementor-element elementor-element-f037422\" data-id=\"f037422\" data-element_type=\"column\" data-e-type=\"column\">\n\t\t\t<div class=\"elementor-widget-wrap elementor-element-populated\">\n\t\t\t\t\t\t<div class=\"elementor-element elementor-element-fa27291 elementor-widget elementor-widget-spacer\" data-id=\"fa27291\" data-element_type=\"widget\" data-e-type=\"widget\" data-widget_type=\"spacer.default\">\n\t\t\t\t\t\t\t<div class=\"elementor-spacer\">\n\t\t\t<div class=\"elementor-spacer-inner\"><\/div>\n\t\t<\/div>\n\t\t\t\t\t\t<\/div>\n\t\t\t\t\t<\/div>\n\t\t<\/div>\n\t\t\t\t\t<\/div>\n\t\t<\/section>\n\t\t\t\t<section class=\"elementor-section elementor-top-section elementor-element elementor-element-85d18f7 elementor-section-boxed elementor-section-height-default elementor-section-height-default\" data-id=\"85d18f7\" data-element_type=\"section\" data-e-type=\"section\">\n\t\t\t\t\t\t<div class=\"elementor-container elementor-column-gap-default\">\n\t\t\t\t\t<div class=\"elementor-column elementor-col-100 elementor-top-column elementor-element elementor-element-c8a1277\" data-id=\"c8a1277\" data-element_type=\"column\" data-e-type=\"column\">\n\t\t\t<div class=\"elementor-widget-wrap elementor-element-populated\">\n\t\t\t\t\t\t<div class=\"elementor-element elementor-element-caf4878 elementor-widget elementor-widget-heading\" data-id=\"caf4878\" data-element_type=\"widget\" data-e-type=\"widget\" data-widget_type=\"heading.default\">\n\t\t\t\t\t<h2 class=\"elementor-heading-title elementor-size-default\">Booking Manager Summit 2022<\/h2>\t\t\t\t<\/div>\n\t\t\t\t\t<\/div>\n\t\t<\/div>\n\t\t\t\t\t<\/div>\n\t\t<\/section>\n\t\t\t\t<section class=\"elementor-section elementor-top-section elementor-element elementor-element-ad730c1 elementor-section-boxed elementor-section-height-default elementor-section-height-default\" data-id=\"ad730c1\" data-element_type=\"section\" data-e-type=\"section\">\n\t\t\t\t\t\t<div class=\"elementor-container elementor-column-gap-default\">\n\t\t\t\t\t<div class=\"elementor-column elementor-col-100 elementor-top-column elementor-element elementor-element-4d78ac2\" data-id=\"4d78ac2\" data-element_type=\"column\" data-e-type=\"column\">\n\t\t\t<div class=\"elementor-widget-wrap elementor-element-populated\">\n\t\t\t\t\t\t<div class=\"elementor-element elementor-element-16df3a1 elementor-widget elementor-widget-text-editor\" data-id=\"16df3a1\" data-element_type=\"widget\" data-e-type=\"widget\" data-widget_type=\"text-editor.default\">\n\t\t\t\t\t\t\t\t\t<p style=\"font-variant-ligatures: normal; font-variant-caps: normal; font-family: &quot;Work Sans&quot;, sans-serif; font-size: 14px; font-style: normal; font-weight: 300;\"><span style=\"font-size: 14px; font-weight: 400;\">Id\u00e9n a Candor csal\u00e1d h\u00e1rom tagja l\u00e1togatott el a Z\u00e1gr\u00e1bban rendezett exp\u00f3ra. K\u00e9s\u0151 esti \u00e9rkez\u00e9s\u00fcnk ut\u00e1n kor\u00e1n fek\u00fcdt\u00fcnk, hogy m\u00e1snap b\u00edrjuk az el\u0151ad\u00e1sok iram\u00e1t.&nbsp;<\/span><\/p><p style=\"font-variant-ligatures: normal; font-variant-caps: normal; font-family: &quot;Work Sans&quot;, sans-serif; font-size: 14px; font-style: normal; font-weight: 300;\"><span style=\"font-size: 14px; font-weight: 400;\">A reggeli megnyit\u00f3 ut\u00e1n sz\u00e9tsz\u00e9ledt a csapat h\u00e1rom fele, mindenki a hozz\u00e1 legtesthezill\u0151bb el\u0151ad\u00e1sokat szemelte ki mag\u00e1nak. David Tarvint\u00f3l a hivat\u00e1sos humor prom\u00f3tert\u0151l a munkahelyen alkalmazott humorr\u00f3l \u00e9s annak j\u00f3 hat\u00e1sair\u00f3l hallhattunk. Az el\u0151ad\u00e1s k\u00f6zben sz\u00e1mtalanszor t\u00f6lt\u00f6tte be a termet hangos nevet\u00e9s, valamint gyakran bevonta a k\u00f6z\u00f6ns\u00e9g\u00e9t a besz\u00e9d k\u00f6zben.&nbsp;<\/span><\/p><p style=\"font-variant-ligatures: normal; font-variant-caps: normal; font-family: &quot;Work Sans&quot;, sans-serif; font-size: 14px; font-style: normal; font-weight: 300;\"><span style=\"font-size: 14px; font-weight: 400;\">Nem sokkal k\u00e9s\u0151bb egyel komolyabb t\u00e9m\u00e1r\u00f3l hallottunk el\u0151ad\u00e1sokat. A Google hirdet\u00e9sekr\u0151l sz\u00f3l\u00f3 Miroslav Varga el\u0151ad\u00e1sa meglep\u0151en k\u00f6nnyen em\u00e9szthet\u0151 volt, sok vicces p\u00e9ld\u00e1val \u00e9s ann\u00e1l is t\u00f6bb hasznos tan\u00e1ccsal. Az ezzel \u00f6sszef\u00fcgg\u0151 k\u00f6vetkez\u0151 el\u0151ad\u00e1s viszont az el\u0151z\u0151 ellenkez\u0151je volt. T\u00e9nyekkel \u00e9s megannyi adattal mes\u00e9lte el mondand\u00f3j\u00e1t Zorin Radovancevic (aki Miroslavval k\u00f6z\u00f6sen alap\u00edtott c\u00e9g\u00e9ben dolgozik) a Google Analyticsr\u0151l.<\/span><\/p><p style=\"font-variant-ligatures: normal; font-variant-caps: normal; font-family: &quot;Work Sans&quot;, sans-serif; font-size: 14px; font-style: normal; font-weight: 300;\"><span style=\"font-size: 14px; font-weight: 400;\">Semmi k\u00edv\u00e1nni val\u00f3t nem hagyott maga ut\u00e1n az els\u0151 nap fogyasztott eb\u00e9d, \u0151szint\u00e9n m\u00e9g tudtunk volna maradni.&nbsp;<\/span><\/p><p style=\"font-variant-ligatures: normal; font-variant-caps: normal; font-family: &quot;Work Sans&quot;, sans-serif; font-size: 14px; font-style: normal; font-weight: 300;\"><span style=\"font-size: 14px; font-weight: 400;\">Teli hassal eb\u00e9d ut\u00e1n Hannah Goldbergt\u0151l tanultunk \u00faj dolgokat, a k\u00f6z\u00f6ss\u00e9gi m\u00e9dia haszn\u00e1lat\u00e1r\u00f3l. Sok saj\u00e1t t\u00f6rt\u00e9nettel \u00e9s egy nagyon j\u00f3 el\u0151ad\u00e1ssal z\u00e1rta Hannah a napot, miut\u00e1n m\u00e1r csak egy besz\u00e9lget\u0151s panel maradt h\u00e1tra m\u00e1s charter c\u00e9gekkel.<\/span><\/p><p style=\"font-variant-ligatures: normal; font-variant-caps: normal; font-family: &quot;Work Sans&quot;, sans-serif; font-size: 14px; font-style: normal; font-weight: 300;\"><span style=\"font-size: 14px; font-weight: 400;\">V\u00e9g\u00fcl este elj\u00f6tt a v\u00e1rva v\u00e1rt nyit\u00f3 esem\u00e9ny. A Booking Manager 20-ik sz\u00fclet\u00e9snapj\u00e1t m\u00e9lt\u00f3 m\u00f3don \u00fcnnepelt\u00fck meg \u00e9l\u0151 zen\u00e9vel, horv\u00e1t sonk\u00e1kkal \u00e9s keny\u00e9rrel, valamint m\u00e9rt\u00e9ktelen j\u00f3 hangulattal.&nbsp;<\/span><\/p><p style=\"font-variant-ligatures: normal; font-variant-caps: normal; font-family: &quot;Work Sans&quot;, sans-serif; font-size: 14px; font-style: normal; font-weight: 300;\"><span style=\"font-size: 14px; font-weight: 400;\">K\u00f6zben a jelenl\u00e9v\u0151 candorosok egy tagja megh\u00edv\u00e1st nyert 5 el\u0151ad\u00f3t\u00f3l, hogy egy priv\u00e1t vacsora keret\u00e9ben ismerkedjenek \u00e9s besz\u00e9lgessenek.&nbsp;<\/span><\/p><p style=\"font-variant-ligatures: normal; font-variant-caps: normal; font-family: &quot;Work Sans&quot;, sans-serif; font-size: 14px; font-style: normal; font-weight: 300;\">&nbsp;<\/p><p style=\"font-variant-ligatures: normal; font-variant-caps: normal; font-family: &quot;Work Sans&quot;, sans-serif; font-size: 14px; font-style: normal; font-weight: 300;\"><span style=\"font-size: 14px; font-weight: 400;\">A m\u00e1sodik napon egy kiad\u00f3s reggeli ut\u00e1n a szakm\u00e1ban j\u00f3l ismert Frank Honan tartott el\u0151ad\u00e1st a yacht-charterben jelenl\u00e9v\u0151 ISO standardr\u00f3l. Az el\u0151ad\u00e1sb\u00f3l megtudhattuk, hogy a Candorn\u00e1l bizony a nemzetk\u00f6zi standard a minimum!&nbsp;<\/span><\/p><p style=\"font-variant-ligatures: normal; font-variant-caps: normal; font-family: &quot;Work Sans&quot;, sans-serif; font-size: 14px; font-style: normal; font-weight: 300;\"><span style=\"font-size: 14px; font-weight: 400;\">A nap folyam\u00e1n r\u00e9szt vett\u00fcnk egy Booking Manager szemin\u00e1riumon is, ahol az \u00faj kiad\u00e1s funkci\u00f3it mutatt\u00e1k be, majd szem\u00e9lyesen is besz\u00e9lgett\u00fcnk k\u00e9t munkat\u00e1rsukkal. Sok k\u00e9rd\u00e9st \u00e9s k\u00e9r\u00e9st \u00e1tbesz\u00e9lt\u00fcnk, a seg\u00edt\u0151k\u00e9sz MMK-sokkal.&nbsp;<\/span><\/p><p style=\"font-variant-ligatures: normal; font-variant-caps: normal; font-family: &quot;Work Sans&quot;, sans-serif; font-size: 14px; font-style: normal; font-weight: 300;\"><span style=\"font-size: 14px; font-weight: 400;\">Az \u00fajabban csod\u00e1s eb\u00e9d ut\u00e1n az \u00fczleti kommunik\u00e1ci\u00f3r\u00f3l \u00e9s \u00e9rzelmi intelligenci\u00e1r\u00f3l tanultunk, Jay Johnson csod\u00e1s \u00e9s interakt\u00edv el\u0151ad\u00e1s\u00e1ban.&nbsp;<\/span><\/p><p style=\"font-variant-ligatures: normal; font-variant-caps: normal; font-family: &quot;Work Sans&quot;, sans-serif; font-size: 14px; font-style: normal; font-weight: 300;\"><span style=\"font-size: 14px; font-weight: 400;\">Az utols\u00f3 esti besz\u00e9lget\u0151s panel el\u0151tt m\u00e9g meghallgattuk Daniel Disney el\u0151ad\u00e1s\u00e1t a k\u00f6z\u00f6ss\u00e9gi m\u00e9di\u00e1n val\u00f3 \u00e9rt\u00e9kes\u00edt\u00e9sr\u0151l \u00e9s jelenl\u00e9tr\u0151l.&nbsp;<\/span><\/p><p style=\"font-variant-ligatures: normal; font-variant-caps: normal; font-family: &quot;Work Sans&quot;, sans-serif; font-size: 14px; font-style: normal; font-weight: 300;\"><span style=\"font-size: 14px; font-weight: 400;\">Ez alkalommal m\u00e1r nem charter c\u00e9gek, hanem \u00fcgyn\u00f6ks\u00e9gek vettek r\u00e9szt a besz\u00e9lget\u0151s panelen, egy izgalmasabb m\u00e1sf\u00e9l \u00f3ra \u00e9rdek\u00e9ben.&nbsp;<\/span><\/p><p style=\"font-variant-ligatures: normal; font-variant-caps: normal; font-family: &quot;Work Sans&quot;, sans-serif; font-size: 14px; font-style: normal; font-weight: 300;\"><span style=\"font-size: 14px; font-weight: 400;\">V\u00e9g\u00fcl k\u00e9s\u0151n, f\u00e1rdtan, viszont ann\u00e1l t\u00e1j\u00e9kozottabban indultunk el hazafel\u00e9, otthagyva a k\u00f6rny\u00e9kbeli sajt- \u00e9s bork\u00f3stol\u00f3t.&nbsp;<\/span><\/p><p style=\"font-variant-ligatures: normal; font-variant-caps: normal; font-family: &quot;Work Sans&quot;, sans-serif; font-size: 14px; font-style: normal; font-weight: 300;\"><span style=\"font-size: 14px; font-weight: 400;\">K\u00f6sz\u00f6nj\u00fck sz\u00e9pen Booking Manager, j\u00f6v\u0151re tal\u00e1lkozunk!<\/span><\/p>\t\t\t\t\t\t\t\t<\/div>\n\t\t\t\t\t<\/div>\n\t\t<\/div>\n\t\t\t\t\t<\/div>\n\t\t<\/section>\n\t\t\t\t<\/div>\n\t\t","protected":false},"excerpt":{"rendered":"<p>Booking Manager Summit 2022 Id\u00e9n a Candor csal\u00e1d h\u00e1rom tagja l\u00e1togatott el a Z\u00e1gr\u00e1bban rendezett exp\u00f3ra. K\u00e9s\u0151 esti \u00e9rkez\u00e9s\u00fcnk ut\u00e1n kor\u00e1n fek\u00fcdt\u00fcnk, hogy m\u00e1snap b\u00edrjuk az el\u0151ad\u00e1sok iram\u00e1t.&nbsp; A reggeli megnyit\u00f3 ut\u00e1n sz\u00e9tsz\u00e9ledt a csapat h\u00e1rom fele, mindenki a hozz\u00e1 legtesthezill\u0151bb el\u0151ad\u00e1sokat szemelte ki mag\u00e1nak. David Tarvint\u00f3l a hivat\u00e1sos humor prom\u00f3tert\u0151l a munkahelyen alkalmazott humorr\u00f3l [&hellip;]<\/p>\n","protected":false},"author":3,"featured_media":0,"parent":0,"menu_order":0,"comment_status":"closed","ping_status":"closed","template":"","meta":{"footnotes":""},"class_list":["post-4676","page","type-page","status-publish","hentry","entry","owp-thumbs-layout-horizontal","owp-btn-normal","owp-tabs-layout-horizontal","has-no-thumbnails","has-product-nav"],"yoast_head":"<!-- This site is optimized with the Yoast SEO plugin v27.4 - https:\/\/yoast.com\/product\/yoast-seo-wordpress\/ -->\n<title>Booking Manager Summit 2022 | Sailing charter Horv\u00e1torsz\u00e1g | Candor.hu<\/title>\n<meta name=\"description\" content=\"2022-ben a Candor csal\u00e1d h\u00e1rom tagja l\u00e1togatott el a Z\u00e1gr\u00e1bban rendezett exp\u00f3ra. Izgalmas szakmai el\u0151ad\u00e1sokon \u00e9s besz\u00e9lget\u00e9seken vett\u00fcnk r\u00e9szt.\" \/>\n<meta name=\"robots\" content=\"index, follow, max-snippet:-1, max-image-preview:large, max-video-preview:-1\" \/>\n<link rel=\"canonical\" href=\"https:\/\/candor.hu\/index.php\/booking-manager-summit-2022\/\" \/>\n<meta property=\"og:locale\" content=\"hu_HU\" \/>\n<meta property=\"og:type\" content=\"article\" \/>\n<meta property=\"og:title\" content=\"Booking Manager Summit 2022 | Sailing charter Horv\u00e1torsz\u00e1g | Candor.hu\" \/>\n<meta property=\"og:description\" content=\"2022-ben a Candor csal\u00e1d h\u00e1rom tagja l\u00e1togatott el a Z\u00e1gr\u00e1bban rendezett exp\u00f3ra. Izgalmas szakmai el\u0151ad\u00e1sokon \u00e9s besz\u00e9lget\u00e9seken vett\u00fcnk r\u00e9szt.\" \/>\n<meta property=\"og:url\" content=\"https:\/\/candor.hu\/index.php\/booking-manager-summit-2022\/\" \/>\n<meta property=\"og:site_name\" content=\"Candor\" \/>\n<meta property=\"article:modified_time\" content=\"2025-05-22T07:59:23+00:00\" \/>\n<meta name=\"twitter:card\" content=\"summary_large_image\" \/>\n<meta name=\"twitter:label1\" content=\"Becs\u00fclt olvas\u00e1si id\u0151\" \/>\n\t<meta name=\"twitter:data1\" content=\"3 perc\" \/>\n<script type=\"application\/ld+json\" class=\"yoast-schema-graph\">{\"@context\":\"https:\\\/\\\/schema.org\",\"@graph\":[{\"@type\":\"WebPage\",\"@id\":\"https:\\\/\\\/candor.hu\\\/index.php\\\/booking-manager-summit-2022\\\/\",\"url\":\"https:\\\/\\\/candor.hu\\\/index.php\\\/booking-manager-summit-2022\\\/\",\"name\":\"Booking Manager Summit 2022 | Sailing charter Horv\u00e1torsz\u00e1g | Candor.hu\",\"isPartOf\":{\"@id\":\"https:\\\/\\\/candor.hu\\\/#website\"},\"datePublished\":\"2024-04-02T12:59:40+00:00\",\"dateModified\":\"2025-05-22T07:59:23+00:00\",\"description\":\"2022-ben a Candor csal\u00e1d h\u00e1rom tagja l\u00e1togatott el a Z\u00e1gr\u00e1bban rendezett exp\u00f3ra. Izgalmas szakmai el\u0151ad\u00e1sokon \u00e9s besz\u00e9lget\u00e9seken vett\u00fcnk r\u00e9szt.\",\"breadcrumb\":{\"@id\":\"https:\\\/\\\/candor.hu\\\/index.php\\\/booking-manager-summit-2022\\\/#breadcrumb\"},\"inLanguage\":\"hu\",\"potentialAction\":[{\"@type\":\"ReadAction\",\"target\":[\"https:\\\/\\\/candor.hu\\\/index.php\\\/booking-manager-summit-2022\\\/\"]}]},{\"@type\":\"BreadcrumbList\",\"@id\":\"https:\\\/\\\/candor.hu\\\/index.php\\\/booking-manager-summit-2022\\\/#breadcrumb\",\"itemListElement\":[{\"@type\":\"ListItem\",\"position\":1,\"name\":\"Kezd\u0151lap\",\"item\":\"https:\\\/\\\/candor.hu\\\/\"},{\"@type\":\"ListItem\",\"position\":2,\"name\":\"Booking Manager Summit 2022\"}]},{\"@type\":\"WebSite\",\"@id\":\"https:\\\/\\\/candor.hu\\\/#website\",\"url\":\"https:\\\/\\\/candor.hu\\\/\",\"name\":\"Candor\",\"description\":\"\",\"publisher\":{\"@id\":\"https:\\\/\\\/candor.hu\\\/#organization\"},\"potentialAction\":[{\"@type\":\"SearchAction\",\"target\":{\"@type\":\"EntryPoint\",\"urlTemplate\":\"https:\\\/\\\/candor.hu\\\/?s={search_term_string}\"},\"query-input\":{\"@type\":\"PropertyValueSpecification\",\"valueRequired\":true,\"valueName\":\"search_term_string\"}}],\"inLanguage\":\"hu\"},{\"@type\":\"Organization\",\"@id\":\"https:\\\/\\\/candor.hu\\\/#organization\",\"name\":\"Candor\",\"url\":\"https:\\\/\\\/candor.hu\\\/\",\"logo\":{\"@type\":\"ImageObject\",\"inLanguage\":\"hu\",\"@id\":\"https:\\\/\\\/candor.hu\\\/#\\\/schema\\\/logo\\\/image\\\/\",\"url\":\"https:\\\/\\\/candor.hu\\\/wp-content\\\/uploads\\\/2023\\\/05\\\/cropped-candorlogo-01.png\",\"contentUrl\":\"https:\\\/\\\/candor.hu\\\/wp-content\\\/uploads\\\/2023\\\/05\\\/cropped-candorlogo-01.png\",\"width\":754,\"height\":206,\"caption\":\"Candor\"},\"image\":{\"@id\":\"https:\\\/\\\/candor.hu\\\/#\\\/schema\\\/logo\\\/image\\\/\"}}]}<\/script>\n<!-- \/ Yoast SEO plugin. -->","yoast_head_json":{"title":"Booking Manager Summit 2022 | Sailing charter Horv\u00e1torsz\u00e1g | Candor.hu","description":"2022-ben a Candor csal\u00e1d h\u00e1rom tagja l\u00e1togatott el a Z\u00e1gr\u00e1bban rendezett exp\u00f3ra. Izgalmas szakmai el\u0151ad\u00e1sokon \u00e9s besz\u00e9lget\u00e9seken vett\u00fcnk r\u00e9szt.","robots":{"index":"index","follow":"follow","max-snippet":"max-snippet:-1","max-image-preview":"max-image-preview:large","max-video-preview":"max-video-preview:-1"},"canonical":"https:\/\/candor.hu\/index.php\/booking-manager-summit-2022\/","og_locale":"hu_HU","og_type":"article","og_title":"Booking Manager Summit 2022 | Sailing charter Horv\u00e1torsz\u00e1g | Candor.hu","og_description":"2022-ben a Candor csal\u00e1d h\u00e1rom tagja l\u00e1togatott el a Z\u00e1gr\u00e1bban rendezett exp\u00f3ra. Izgalmas szakmai el\u0151ad\u00e1sokon \u00e9s besz\u00e9lget\u00e9seken vett\u00fcnk r\u00e9szt.","og_url":"https:\/\/candor.hu\/index.php\/booking-manager-summit-2022\/","og_site_name":"Candor","article_modified_time":"2025-05-22T07:59:23+00:00","twitter_card":"summary_large_image","twitter_misc":{"Becs\u00fclt olvas\u00e1si id\u0151":"3 perc"},"schema":{"@context":"https:\/\/schema.org","@graph":[{"@type":"WebPage","@id":"https:\/\/candor.hu\/index.php\/booking-manager-summit-2022\/","url":"https:\/\/candor.hu\/index.php\/booking-manager-summit-2022\/","name":"Booking Manager Summit 2022 | Sailing charter Horv\u00e1torsz\u00e1g | Candor.hu","isPartOf":{"@id":"https:\/\/candor.hu\/#website"},"datePublished":"2024-04-02T12:59:40+00:00","dateModified":"2025-05-22T07:59:23+00:00","description":"2022-ben a Candor csal\u00e1d h\u00e1rom tagja l\u00e1togatott el a Z\u00e1gr\u00e1bban rendezett exp\u00f3ra. Izgalmas szakmai el\u0151ad\u00e1sokon \u00e9s besz\u00e9lget\u00e9seken vett\u00fcnk r\u00e9szt.","breadcrumb":{"@id":"https:\/\/candor.hu\/index.php\/booking-manager-summit-2022\/#breadcrumb"},"inLanguage":"hu","potentialAction":[{"@type":"ReadAction","target":["https:\/\/candor.hu\/index.php\/booking-manager-summit-2022\/"]}]},{"@type":"BreadcrumbList","@id":"https:\/\/candor.hu\/index.php\/booking-manager-summit-2022\/#breadcrumb","itemListElement":[{"@type":"ListItem","position":1,"name":"Kezd\u0151lap","item":"https:\/\/candor.hu\/"},{"@type":"ListItem","position":2,"name":"Booking Manager Summit 2022"}]},{"@type":"WebSite","@id":"https:\/\/candor.hu\/#website","url":"https:\/\/candor.hu\/","name":"Candor","description":"","publisher":{"@id":"https:\/\/candor.hu\/#organization"},"potentialAction":[{"@type":"SearchAction","target":{"@type":"EntryPoint","urlTemplate":"https:\/\/candor.hu\/?s={search_term_string}"},"query-input":{"@type":"PropertyValueSpecification","valueRequired":true,"valueName":"search_term_string"}}],"inLanguage":"hu"},{"@type":"Organization","@id":"https:\/\/candor.hu\/#organization","name":"Candor","url":"https:\/\/candor.hu\/","logo":{"@type":"ImageObject","inLanguage":"hu","@id":"https:\/\/candor.hu\/#\/schema\/logo\/image\/","url":"https:\/\/candor.hu\/wp-content\/uploads\/2023\/05\/cropped-candorlogo-01.png","contentUrl":"https:\/\/candor.hu\/wp-content\/uploads\/2023\/05\/cropped-candorlogo-01.png","width":754,"height":206,"caption":"Candor"},"image":{"@id":"https:\/\/candor.hu\/#\/schema\/logo\/image\/"}}]}},"jetpack_sharing_enabled":true,"_links":{"self":[{"href":"https:\/\/candor.hu\/index.php\/wp-json\/wp\/v2\/pages\/4676","targetHints":{"allow":["GET"]}}],"collection":[{"href":"https:\/\/candor.hu\/index.php\/wp-json\/wp\/v2\/pages"}],"about":[{"href":"https:\/\/candor.hu\/index.php\/wp-json\/wp\/v2\/types\/page"}],"author":[{"embeddable":true,"href":"https:\/\/candor.hu\/index.php\/wp-json\/wp\/v2\/users\/3"}],"replies":[{"embeddable":true,"href":"https:\/\/candor.hu\/index.php\/wp-json\/wp\/v2\/comments?post=4676"}],"version-history":[{"count":10,"href":"https:\/\/candor.hu\/index.php\/wp-json\/wp\/v2\/pages\/4676\/revisions"}],"predecessor-version":[{"id":4720,"href":"https:\/\/candor.hu\/index.php\/wp-json\/wp\/v2\/pages\/4676\/revisions\/4720"}],"wp:attachment":[{"href":"https:\/\/candor.hu\/index.php\/wp-json\/wp\/v2\/media?parent=4676"}],"curies":[{"name":"wp","href":"https:\/\/api.w.org\/{rel}","templated":true}]}}