{"id":4733,"date":"2024-04-02T21:10:57","date_gmt":"2024-04-02T21:10:57","guid":{"rendered":"https:\/\/candor.hu\/?page_id=4733"},"modified":"2026-02-18T21:15:41","modified_gmt":"2026-02-18T21:15:41","slug":"halado-manover-trening","status":"publish","type":"page","link":"https:\/\/candor.hu\/index.php\/halado-manover-trening\/","title":{"rendered":"Halad\u00f3 man\u0151ver tr\u00e9ning"},"content":{"rendered":"\t\t<div data-elementor-type=\"wp-page\" data-elementor-id=\"4733\" class=\"elementor elementor-4733\" data-elementor-post-type=\"page\">\n\t\t\t\t\t\t<section class=\"elementor-section elementor-top-section elementor-element elementor-element-c23374b elementor-section-boxed elementor-section-height-default elementor-section-height-default\" data-id=\"c23374b\" data-element_type=\"section\" data-e-type=\"section\">\n\t\t\t\t\t\t<div class=\"elementor-container elementor-column-gap-default\">\n\t\t\t\t\t<div class=\"elementor-column elementor-col-100 elementor-top-column elementor-element elementor-element-a1af6a4\" data-id=\"a1af6a4\" data-element_type=\"column\" data-e-type=\"column\">\n\t\t\t<div class=\"elementor-widget-wrap elementor-element-populated\">\n\t\t\t\t\t\t<div class=\"elementor-element elementor-element-dcc98c3 de_scroll_animation_no elementor-widget elementor-widget-spacer\" data-id=\"dcc98c3\" data-element_type=\"widget\" data-e-type=\"widget\" data-widget_type=\"spacer.default\">\n\t\t\t\t<div class=\"elementor-widget-container\">\n\t\t\t\t\t\t\t<div class=\"elementor-spacer\">\n\t\t\t<div class=\"elementor-spacer-inner\"><\/div>\n\t\t<\/div>\n\t\t\t\t\t\t<\/div>\n\t\t\t\t<\/div>\n\t\t\t\t\t<\/div>\n\t\t<\/div>\n\t\t\t\t\t<\/div>\n\t\t<\/section>\n\t\t\t\t<section class=\"elementor-section elementor-top-section elementor-element elementor-element-668493f elementor-section-boxed elementor-section-height-default elementor-section-height-default\" data-id=\"668493f\" data-element_type=\"section\" data-e-type=\"section\">\n\t\t\t\t\t\t<div class=\"elementor-container elementor-column-gap-default\">\n\t\t\t\t\t<div class=\"elementor-column elementor-col-100 elementor-top-column elementor-element elementor-element-1f1c884\" data-id=\"1f1c884\" data-element_type=\"column\" data-e-type=\"column\">\n\t\t\t<div class=\"elementor-widget-wrap elementor-element-populated\">\n\t\t\t\t\t\t<div class=\"elementor-element elementor-element-3016c80 de_scroll_animation_no elementor-widget elementor-widget-heading\" data-id=\"3016c80\" data-element_type=\"widget\" data-e-type=\"widget\" data-widget_type=\"heading.default\">\n\t\t\t\t<div class=\"elementor-widget-container\">\n\t\t\t\t\t<h2 class=\"elementor-heading-title elementor-size-default\">Halad\u00f3 man\u0151ver tr\u00e9ning Horv\u00e1torsz\u00e1gban<\/h2>\t\t\t\t<\/div>\n\t\t\t\t<\/div>\n\t\t\t\t\t<\/div>\n\t\t<\/div>\n\t\t\t\t\t<\/div>\n\t\t<\/section>\n\t\t\t\t<section class=\"elementor-section elementor-top-section elementor-element elementor-element-21337a7 elementor-section-boxed elementor-section-height-default elementor-section-height-default\" data-id=\"21337a7\" data-element_type=\"section\" data-e-type=\"section\">\n\t\t\t\t\t\t<div class=\"elementor-container elementor-column-gap-default\">\n\t\t\t\t\t<div class=\"elementor-column elementor-col-100 elementor-top-column elementor-element elementor-element-942be4a\" data-id=\"942be4a\" data-element_type=\"column\" data-e-type=\"column\">\n\t\t\t<div class=\"elementor-widget-wrap elementor-element-populated\">\n\t\t\t\t\t\t<div class=\"elementor-element elementor-element-257cb19 de_scroll_animation_no elementor-widget elementor-widget-text-editor\" data-id=\"257cb19\" data-element_type=\"widget\" data-e-type=\"widget\" data-widget_type=\"text-editor.default\">\n\t\t\t\t<div class=\"elementor-widget-container\">\n\t\t\t\t\t\t\t\t\t<p><strong>Kedves Vitorl\u00e1z\u00f3 Bar\u00e1taink!<\/strong><\/p><p class=\"p1\">Az \u0151szi tr\u00e9ning ut\u00e1n ism\u00e9t meghirdetj\u00fck a halad\u00f3 man\u0151ver tr\u00e9ning\u00fcnket gyakorlott, RYA \u00e1ltal k\u00e9pzett oktat\u00f3nkkal.<\/p><p class=\"p1\">Erre a tr\u00e9ningre v\u00e1rjuk azokat, akik m\u00e1r sokat vitorl\u00e1ztak, a kik\u00f6t\u0151i man\u0151verekben m\u00e1r gyakorlottak, m\u00e9ly\u00edteni szeretn\u00e9k a gyakorlati tud\u00e1sukat \u00e9s megtanulni extr\u00e9m helyzetek kezel\u00e9s\u00e9t is.<\/p><p><a href=\"https:\/\/www.youtube.com\/watch?v=oGfcvVTz8xo\">Ezen<\/a> a linken megn\u00e9zhettek egy hosszabb kedvcsin\u00e1l\u00f3 vide\u00f3t a tr\u00e9ningr\u0151l!<\/p><p class=\"p1\"><strong>D\u00e1tum:<\/strong><\/p><p><strong>2026. \u00e1prilis 18-22 &#8211; MEGTELT<\/strong><\/p><p class=\"p1\"><strong>2026. \u00e1prilis 22-25<\/strong><\/p><p>B\u00e1zis kik\u00f6t\u0151: Marina Kastela<\/p><p>R\u00e9szv\u00e9teli d\u00edj: 680 eur.<\/p><p>Ha saj\u00e1t kabint szeretn\u00e9tek: 990 eur.<\/p><p>Az \u00e1r tartalmazza a:<\/p><p>-haj\u00f3 b\u00e9rleti d\u00edj\u00e1t<\/p><p>-oktat\u00e1st<\/p><p>-tranzit log-ot (takar\u00edt\u00e1s, \u00e1gynem\u0171, b\u00fav\u00e1r, indul\u00f3 csomag)<\/p><p>-k\u00fclmotort<\/p><p>-turisztikai ad\u00f3t<\/p><p>-kauci\u00f3biztos\u00edt\u00e1st. A mini depozit annyifel\u00e9 oszlik, ah\u00e1ny jelentkez\u0151nk van-ezt term\u00e9szetesen visszakapj\u00e1tok a tr\u00e9ning ut\u00e1n, ha s\u00e9r\u00fcl\u00e9smentesen, \u00e9p felszerel\u00e9ssel kapjuk vissza haj\u00f3t.<\/p><p>NEM tartalmazza a kik\u00f6t\u0151 d\u00edjakat b\u00e1zis kik\u00f6t\u0151n k\u00edv\u00fcl \u00e9s az elhaszn\u00e1lt \u00fczemanyag d\u00edj\u00e1t.<\/p><p>Az oktat\u00f3 \u00e9tkez\u00e9s\u00e9t a leg\u00e9nys\u00e9g biztos\u00edtja.<\/p><p><strong>Tervezett tematika f\u0151bb pontokban:<\/strong><\/p><p>-Nappali \u00e9s \u00e9jszakai navig\u00e1ci\u00f3 GPS n\u00e9lk\u00fcl<\/p><p>-T\u00e1j\u00e9koz\u00f3d\u00e1s \u00e9s biztons\u00e1gos halad\u00e1s cs\u00f6kkent l\u00e1t\u00f3t\u00e1v eset\u00e9n (pl. k\u00f6dben)<\/p><p>-\u00c1ltal\u00e1nos t\u00e9rk\u00e9p\u00e9szeti feladatok, pilotk\u00f6nyv haszn\u00e1lata<\/p><p>-Motoros kik\u00f6t\u0151i man\u0151verek (biztons\u00e1gos vesztegl\u00e9s, fordul\u00f3 sz\u0171k helyen, p\u00e1rhuzamos partfalra \u00e1ll\u00e1s, farral partfalra \u00e1ll\u00e1s)<\/p><p>-Vitorl\u00e1s man\u0151verek (fordul\u00e1s, halzol\u00e1s, reffel\u00e9s)<\/p><p>-V\u00edzb\u0151l ment\u00e9s motorral \u00e9s vitorl\u00e1val, t\u00f6bbf\u00e9le m\u00f3dszerrel<\/p><p>-Elindul\u00e1s p\u00e1rhuzamos partfalr\u00f3l r\u00e1f\u00faj\u00f3 sz\u00e9lben kik\u00f6t\u0151k\u00f6telek haszn\u00e1lat\u00e1val<\/p><p>-Hosszabb \u00fatszakasz megt\u00e9tele (12-24 \u00f3r\u00e1s menet \u0151rs\u00e9gv\u00e1lt\u00e1sokkal)<\/p><p>-Horgonyz\u00e1s motorral illetve csak vitorl\u00e1val<\/p><p>-V\u00e9szkorm\u00e1ny haszn\u00e1lata korm\u00e1nym\u0171 meghib\u00e1sod\u00e1s eset\u00e9n<\/p><p>-F\u00e9nyjelek, hangjelz\u00e9sek, kit\u00e9r\u00e9si szab\u00e1lyok k\u00fcl\u00f6nf\u00e9le haj\u00f3k k\u00f6z\u00f6tt<\/p><p>-\u00dctk\u00f6z\u0151p\u00e1ly\u00e1n l\u00e9v\u0151 haj\u00f3 azonos\u00edt\u00e1sa, v\u00e9szhelyzeti kit\u00e9r\u00e9si strat\u00e9gi\u00e1k \u00fatjogos haj\u00f3k\u00e9nt<\/p><p>-Biztons\u00e1gi rendszerek ismerete \u00e9s haszn\u00e1lata (pirotechnikai eszk\u00f6z\u00f6k, seg\u00e9lyk\u00e9r\u00e9s VHF r\u00e1di\u00f3n)<\/p><p>-Id\u0151j\u00e1r\u00e1sjelent\u00e9sek \u00e9s term\u00e9szeti megfigyel\u00e9sek \u00e9rtelmez\u00e9se<\/p><p>-Gyakori motorhib\u00e1k \u00e9s elektromos probl\u00e9m\u00e1k felismer\u00e9se \u00e9s kezel\u00e9se<\/p><p>-Gumics\u00f3nak \u00e9s k\u00fclmotor biztons\u00e1gos haszn\u00e1lata<\/p><p>-Gumics\u00f3nak haszn\u00e1lata vontat\u00e1shoz haj\u00f3 motorhib\u00e1ja eset\u00e9n<\/p><p>Ezek elm\u00e9leti h\u00e1tt\u00e9rrel eg\u00e9sz\u00fclnek ki a k\u00e9pz\u00e9s sor\u00e1n.<\/p><p>A k\u00e9pz\u00e9s minimum l\u00e9tsz\u00e1mmal indul. Ig\u00e9ny eset\u00e9n ind\u00edtunk m\u00e9g egy tr\u00e9ninget.<\/p><p>Tov\u00e1bbi r\u00e9szletek\u00e9rt nyugodtan keressetek mailben, vagy telefonon!<\/p><p>Szeretettel v\u00e1runk Titeket,<\/p><p>Candor csapat<\/p><p>+36 20 2206623; +385 98 9272565<\/p>\t\t\t\t\t\t\t\t<\/div>\n\t\t\t\t<\/div>\n\t\t\t\t\t<\/div>\n\t\t<\/div>\n\t\t\t\t\t<\/div>\n\t\t<\/section>\n\t\t\t\t<section class=\"elementor-section elementor-top-section elementor-element elementor-element-fb3b06e elementor-section-boxed elementor-section-height-default elementor-section-height-default\" data-id=\"fb3b06e\" data-element_type=\"section\" data-e-type=\"section\">\n\t\t\t\t\t\t<div class=\"elementor-container elementor-column-gap-default\">\n\t\t\t\t\t<div class=\"elementor-column elementor-col-100 elementor-top-column elementor-element elementor-element-7e335d0\" data-id=\"7e335d0\" data-element_type=\"column\" data-e-type=\"column\">\n\t\t\t<div class=\"elementor-widget-wrap elementor-element-populated\">\n\t\t\t\t\t\t<section class=\"elementor-section elementor-inner-section elementor-element elementor-element-a435f8b elementor-section-boxed elementor-section-height-default elementor-section-height-default\" data-id=\"a435f8b\" data-element_type=\"section\" data-e-type=\"section\">\n\t\t\t\t\t\t<div class=\"elementor-container elementor-column-gap-default\">\n\t\t\t\t\t<div class=\"elementor-column elementor-col-50 elementor-inner-column elementor-element elementor-element-8c7d6d5\" data-id=\"8c7d6d5\" data-element_type=\"column\" data-e-type=\"column\">\n\t\t\t<div class=\"elementor-widget-wrap\">\n\t\t\t\t\t\t\t<\/div>\n\t\t<\/div>\n\t\t\t\t<div class=\"elementor-column elementor-col-50 elementor-inner-column elementor-element elementor-element-9d60d39\" data-id=\"9d60d39\" data-element_type=\"column\" data-e-type=\"column\">\n\t\t\t<div class=\"elementor-widget-wrap\">\n\t\t\t\t\t\t\t<\/div>\n\t\t<\/div>\n\t\t\t\t\t<\/div>\n\t\t<\/section>\n\t\t\t\t\t<\/div>\n\t\t<\/div>\n\t\t\t\t\t<\/div>\n\t\t<\/section>\n\t\t\t\t<\/div>\n\t\t","protected":false},"excerpt":{"rendered":"<p>Halad\u00f3 man\u0151ver tr\u00e9ning Horv\u00e1torsz\u00e1gban Kedves Vitorl\u00e1z\u00f3 Bar\u00e1taink! Az \u0151szi tr\u00e9ning ut\u00e1n ism\u00e9t meghirdetj\u00fck a halad\u00f3 man\u0151ver tr\u00e9ning\u00fcnket gyakorlott, RYA \u00e1ltal k\u00e9pzett oktat\u00f3nkkal. Erre a tr\u00e9ningre v\u00e1rjuk azokat, akik m\u00e1r sokat vitorl\u00e1ztak, a kik\u00f6t\u0151i man\u0151verekben m\u00e1r gyakorlottak, m\u00e9ly\u00edteni szeretn\u00e9k a gyakorlati tud\u00e1sukat \u00e9s megtanulni extr\u00e9m helyzetek kezel\u00e9s\u00e9t is. Ezen a linken megn\u00e9zhettek egy hosszabb kedvcsin\u00e1l\u00f3 vide\u00f3t [&hellip;]<\/p>\n","protected":false},"author":3,"featured_media":0,"parent":0,"menu_order":0,"comment_status":"closed","ping_status":"closed","template":"","meta":{"footnotes":""},"class_list":["post-4733","page","type-page","status-publish","hentry","entry","owp-thumbs-layout-horizontal","owp-btn-normal","owp-tabs-layout-horizontal","has-no-thumbnails","has-product-nav"],"yoast_head":"<!-- This site is optimized with the Yoast SEO plugin v27.2 - https:\/\/yoast.com\/product\/yoast-seo-wordpress\/ -->\n<title>Halad\u00f3 man\u0151ver tr\u00e9ning Horv\u00e1torsz\u00e1g | Vitorl\u00e1s k\u00e9pz\u00e9s Adria | Candor.hu<\/title>\n<meta name=\"description\" content=\"Az \u0151szi tr\u00e9ning ut\u00e1n ism\u00e9t meghirdetj\u00fck a halad\u00f3 man\u0151ver tr\u00e9ning\u00fcnket Horv\u00e1torsz\u00e1gban gyakorlott oktat\u00f3nkkal.\" \/>\n<meta name=\"robots\" content=\"index, follow, max-snippet:-1, max-image-preview:large, max-video-preview:-1\" \/>\n<link rel=\"canonical\" href=\"https:\/\/candor.hu\/index.php\/halado-manover-trening\/\" \/>\n<meta property=\"og:locale\" content=\"hu_HU\" \/>\n<meta property=\"og:type\" content=\"article\" \/>\n<meta property=\"og:title\" content=\"Halad\u00f3 man\u0151ver tr\u00e9ning Horv\u00e1torsz\u00e1g | Vitorl\u00e1s k\u00e9pz\u00e9s Adria | Candor.hu\" \/>\n<meta property=\"og:description\" content=\"Az \u0151szi tr\u00e9ning ut\u00e1n ism\u00e9t meghirdetj\u00fck a halad\u00f3 man\u0151ver tr\u00e9ning\u00fcnket Horv\u00e1torsz\u00e1gban gyakorlott oktat\u00f3nkkal.\" \/>\n<meta property=\"og:url\" content=\"https:\/\/candor.hu\/index.php\/halado-manover-trening\/\" \/>\n<meta property=\"og:site_name\" content=\"Candor\" \/>\n<meta property=\"article:modified_time\" content=\"2026-02-18T21:15:41+00:00\" \/>\n<meta name=\"twitter:card\" content=\"summary_large_image\" \/>\n<meta name=\"twitter:label1\" content=\"Becs\u00fclt olvas\u00e1si id\u0151\" \/>\n\t<meta name=\"twitter:data1\" content=\"2 perc\" \/>\n<script type=\"application\/ld+json\" class=\"yoast-schema-graph\">{\"@context\":\"https:\/\/schema.org\",\"@graph\":[{\"@type\":\"WebPage\",\"@id\":\"https:\/\/candor.hu\/index.php\/halado-manover-trening\/\",\"url\":\"https:\/\/candor.hu\/index.php\/halado-manover-trening\/\",\"name\":\"Halad\u00f3 man\u0151ver tr\u00e9ning Horv\u00e1torsz\u00e1g | Vitorl\u00e1s k\u00e9pz\u00e9s Adria | Candor.hu\",\"isPartOf\":{\"@id\":\"https:\/\/candor.hu\/#website\"},\"datePublished\":\"2024-04-02T21:10:57+00:00\",\"dateModified\":\"2026-02-18T21:15:41+00:00\",\"description\":\"Az \u0151szi tr\u00e9ning ut\u00e1n ism\u00e9t meghirdetj\u00fck a halad\u00f3 man\u0151ver tr\u00e9ning\u00fcnket Horv\u00e1torsz\u00e1gban gyakorlott oktat\u00f3nkkal.\",\"breadcrumb\":{\"@id\":\"https:\/\/candor.hu\/index.php\/halado-manover-trening\/#breadcrumb\"},\"inLanguage\":\"hu\",\"potentialAction\":[{\"@type\":\"ReadAction\",\"target\":[\"https:\/\/candor.hu\/index.php\/halado-manover-trening\/\"]}]},{\"@type\":\"BreadcrumbList\",\"@id\":\"https:\/\/candor.hu\/index.php\/halado-manover-trening\/#breadcrumb\",\"itemListElement\":[{\"@type\":\"ListItem\",\"position\":1,\"name\":\"Kezd\u0151lap\",\"item\":\"https:\/\/candor.hu\/\"},{\"@type\":\"ListItem\",\"position\":2,\"name\":\"Halad\u00f3 man\u0151ver tr\u00e9ning\"}]},{\"@type\":\"WebSite\",\"@id\":\"https:\/\/candor.hu\/#website\",\"url\":\"https:\/\/candor.hu\/\",\"name\":\"Candor\",\"description\":\"\",\"publisher\":{\"@id\":\"https:\/\/candor.hu\/#organization\"},\"potentialAction\":[{\"@type\":\"SearchAction\",\"target\":{\"@type\":\"EntryPoint\",\"urlTemplate\":\"https:\/\/candor.hu\/?s={search_term_string}\"},\"query-input\":{\"@type\":\"PropertyValueSpecification\",\"valueRequired\":true,\"valueName\":\"search_term_string\"}}],\"inLanguage\":\"hu\"},{\"@type\":\"Organization\",\"@id\":\"https:\/\/candor.hu\/#organization\",\"name\":\"Candor\",\"url\":\"https:\/\/candor.hu\/\",\"logo\":{\"@type\":\"ImageObject\",\"inLanguage\":\"hu\",\"@id\":\"https:\/\/candor.hu\/#\/schema\/logo\/image\/\",\"url\":\"https:\/\/candor.hu\/wp-content\/uploads\/2023\/05\/cropped-candorlogo-01.png\",\"contentUrl\":\"https:\/\/candor.hu\/wp-content\/uploads\/2023\/05\/cropped-candorlogo-01.png\",\"width\":754,\"height\":206,\"caption\":\"Candor\"},\"image\":{\"@id\":\"https:\/\/candor.hu\/#\/schema\/logo\/image\/\"}}]}<\/script>\n<!-- \/ Yoast SEO plugin. -->","yoast_head_json":{"title":"Halad\u00f3 man\u0151ver tr\u00e9ning Horv\u00e1torsz\u00e1g | Vitorl\u00e1s k\u00e9pz\u00e9s Adria | Candor.hu","description":"Az \u0151szi tr\u00e9ning ut\u00e1n ism\u00e9t meghirdetj\u00fck a halad\u00f3 man\u0151ver tr\u00e9ning\u00fcnket Horv\u00e1torsz\u00e1gban gyakorlott oktat\u00f3nkkal.","robots":{"index":"index","follow":"follow","max-snippet":"max-snippet:-1","max-image-preview":"max-image-preview:large","max-video-preview":"max-video-preview:-1"},"canonical":"https:\/\/candor.hu\/index.php\/halado-manover-trening\/","og_locale":"hu_HU","og_type":"article","og_title":"Halad\u00f3 man\u0151ver tr\u00e9ning Horv\u00e1torsz\u00e1g | Vitorl\u00e1s k\u00e9pz\u00e9s Adria | Candor.hu","og_description":"Az \u0151szi tr\u00e9ning ut\u00e1n ism\u00e9t meghirdetj\u00fck a halad\u00f3 man\u0151ver tr\u00e9ning\u00fcnket Horv\u00e1torsz\u00e1gban gyakorlott oktat\u00f3nkkal.","og_url":"https:\/\/candor.hu\/index.php\/halado-manover-trening\/","og_site_name":"Candor","article_modified_time":"2026-02-18T21:15:41+00:00","twitter_card":"summary_large_image","twitter_misc":{"Becs\u00fclt olvas\u00e1si id\u0151":"2 perc"},"schema":{"@context":"https:\/\/schema.org","@graph":[{"@type":"WebPage","@id":"https:\/\/candor.hu\/index.php\/halado-manover-trening\/","url":"https:\/\/candor.hu\/index.php\/halado-manover-trening\/","name":"Halad\u00f3 man\u0151ver tr\u00e9ning Horv\u00e1torsz\u00e1g | Vitorl\u00e1s k\u00e9pz\u00e9s Adria | Candor.hu","isPartOf":{"@id":"https:\/\/candor.hu\/#website"},"datePublished":"2024-04-02T21:10:57+00:00","dateModified":"2026-02-18T21:15:41+00:00","description":"Az \u0151szi tr\u00e9ning ut\u00e1n ism\u00e9t meghirdetj\u00fck a halad\u00f3 man\u0151ver tr\u00e9ning\u00fcnket Horv\u00e1torsz\u00e1gban gyakorlott oktat\u00f3nkkal.","breadcrumb":{"@id":"https:\/\/candor.hu\/index.php\/halado-manover-trening\/#breadcrumb"},"inLanguage":"hu","potentialAction":[{"@type":"ReadAction","target":["https:\/\/candor.hu\/index.php\/halado-manover-trening\/"]}]},{"@type":"BreadcrumbList","@id":"https:\/\/candor.hu\/index.php\/halado-manover-trening\/#breadcrumb","itemListElement":[{"@type":"ListItem","position":1,"name":"Kezd\u0151lap","item":"https:\/\/candor.hu\/"},{"@type":"ListItem","position":2,"name":"Halad\u00f3 man\u0151ver tr\u00e9ning"}]},{"@type":"WebSite","@id":"https:\/\/candor.hu\/#website","url":"https:\/\/candor.hu\/","name":"Candor","description":"","publisher":{"@id":"https:\/\/candor.hu\/#organization"},"potentialAction":[{"@type":"SearchAction","target":{"@type":"EntryPoint","urlTemplate":"https:\/\/candor.hu\/?s={search_term_string}"},"query-input":{"@type":"PropertyValueSpecification","valueRequired":true,"valueName":"search_term_string"}}],"inLanguage":"hu"},{"@type":"Organization","@id":"https:\/\/candor.hu\/#organization","name":"Candor","url":"https:\/\/candor.hu\/","logo":{"@type":"ImageObject","inLanguage":"hu","@id":"https:\/\/candor.hu\/#\/schema\/logo\/image\/","url":"https:\/\/candor.hu\/wp-content\/uploads\/2023\/05\/cropped-candorlogo-01.png","contentUrl":"https:\/\/candor.hu\/wp-content\/uploads\/2023\/05\/cropped-candorlogo-01.png","width":754,"height":206,"caption":"Candor"},"image":{"@id":"https:\/\/candor.hu\/#\/schema\/logo\/image\/"}}]}},"jetpack_sharing_enabled":true,"_links":{"self":[{"href":"https:\/\/candor.hu\/index.php\/wp-json\/wp\/v2\/pages\/4733","targetHints":{"allow":["GET"]}}],"collection":[{"href":"https:\/\/candor.hu\/index.php\/wp-json\/wp\/v2\/pages"}],"about":[{"href":"https:\/\/candor.hu\/index.php\/wp-json\/wp\/v2\/types\/page"}],"author":[{"embeddable":true,"href":"https:\/\/candor.hu\/index.php\/wp-json\/wp\/v2\/users\/3"}],"replies":[{"embeddable":true,"href":"https:\/\/candor.hu\/index.php\/wp-json\/wp\/v2\/comments?post=4733"}],"version-history":[{"count":50,"href":"https:\/\/candor.hu\/index.php\/wp-json\/wp\/v2\/pages\/4733\/revisions"}],"predecessor-version":[{"id":6338,"href":"https:\/\/candor.hu\/index.php\/wp-json\/wp\/v2\/pages\/4733\/revisions\/6338"}],"wp:attachment":[{"href":"https:\/\/candor.hu\/index.php\/wp-json\/wp\/v2\/media?parent=4733"}],"curies":[{"name":"wp","href":"https:\/\/api.w.org\/{rel}","templated":true}]}}