{"id":4739,"date":"2024-04-02T21:14:38","date_gmt":"2024-04-02T21:14:38","guid":{"rendered":"https:\/\/candor.hu\/?page_id=4739"},"modified":"2025-11-19T19:20:42","modified_gmt":"2025-11-19T19:20:42","slug":"tengeri-manover-trening","status":"publish","type":"page","link":"https:\/\/candor.hu\/index.php\/tengeri-manover-trening\/","title":{"rendered":"Tengeri man\u0151ver tr\u00e9ning"},"content":{"rendered":"\t\t<div data-elementor-type=\"wp-page\" data-elementor-id=\"4739\" class=\"elementor elementor-4739\" data-elementor-post-type=\"page\">\n\t\t\t\t\t\t<section class=\"elementor-section elementor-top-section elementor-element elementor-element-5db4cc0 elementor-section-boxed elementor-section-height-default elementor-section-height-default\" data-id=\"5db4cc0\" data-element_type=\"section\" data-e-type=\"section\">\n\t\t\t\t\t\t<div class=\"elementor-container elementor-column-gap-default\">\n\t\t\t\t\t<div class=\"elementor-column elementor-col-100 elementor-top-column elementor-element elementor-element-d564389\" data-id=\"d564389\" data-element_type=\"column\" data-e-type=\"column\">\n\t\t\t<div class=\"elementor-widget-wrap elementor-element-populated\">\n\t\t\t\t\t\t<div class=\"elementor-element elementor-element-d28d12a de_scroll_animation_no elementor-widget elementor-widget-spacer\" data-id=\"d28d12a\" data-element_type=\"widget\" data-e-type=\"widget\" data-widget_type=\"spacer.default\">\n\t\t\t\t<div class=\"elementor-widget-container\">\n\t\t\t\t\t\t\t<div class=\"elementor-spacer\">\n\t\t\t<div class=\"elementor-spacer-inner\"><\/div>\n\t\t<\/div>\n\t\t\t\t\t\t<\/div>\n\t\t\t\t<\/div>\n\t\t\t\t\t<\/div>\n\t\t<\/div>\n\t\t\t\t\t<\/div>\n\t\t<\/section>\n\t\t\t\t<section class=\"elementor-section elementor-top-section elementor-element elementor-element-23dc4af elementor-section-boxed elementor-section-height-default elementor-section-height-default\" data-id=\"23dc4af\" data-element_type=\"section\" data-e-type=\"section\">\n\t\t\t\t\t\t<div class=\"elementor-container elementor-column-gap-default\">\n\t\t\t\t\t<div class=\"elementor-column elementor-col-100 elementor-top-column elementor-element elementor-element-526b86d\" data-id=\"526b86d\" data-element_type=\"column\" data-e-type=\"column\">\n\t\t\t<div class=\"elementor-widget-wrap elementor-element-populated\">\n\t\t\t\t\t\t<div class=\"elementor-element elementor-element-464f776 de_scroll_animation_no elementor-widget elementor-widget-heading\" data-id=\"464f776\" data-element_type=\"widget\" data-e-type=\"widget\" data-widget_type=\"heading.default\">\n\t\t\t\t<div class=\"elementor-widget-container\">\n\t\t\t\t\t<h2 class=\"elementor-heading-title elementor-size-default\">Alapoz\u00f3 tengeri man\u0151ver tr\u00e9ning Horv\u00e1torsz\u00e1gban<\/h2>\t\t\t\t<\/div>\n\t\t\t\t<\/div>\n\t\t\t\t\t<\/div>\n\t\t<\/div>\n\t\t\t\t\t<\/div>\n\t\t<\/section>\n\t\t\t\t<section class=\"elementor-section elementor-top-section elementor-element elementor-element-98fe1d4 elementor-section-boxed elementor-section-height-default elementor-section-height-default\" data-id=\"98fe1d4\" data-element_type=\"section\" data-e-type=\"section\">\n\t\t\t\t\t\t<div class=\"elementor-container elementor-column-gap-default\">\n\t\t\t\t\t<div class=\"elementor-column elementor-col-100 elementor-top-column elementor-element elementor-element-25ed51b\" data-id=\"25ed51b\" data-element_type=\"column\" data-e-type=\"column\">\n\t\t\t<div class=\"elementor-widget-wrap elementor-element-populated\">\n\t\t\t\t\t\t<div class=\"elementor-element elementor-element-229100c de_scroll_animation_no elementor-widget elementor-widget-text-editor\" data-id=\"229100c\" data-element_type=\"widget\" data-e-type=\"widget\" data-widget_type=\"text-editor.default\">\n\t\t\t\t<div class=\"elementor-widget-container\">\n\t\t\t\t\t\t\t\t\t<p class=\"p1\"><strong>Kedves Vitorl\u00e1z\u00f3 \u00e9s Vitorl\u00e1zni V\u00e1gy\u00f3 Bar\u00e1taink!<\/strong><\/p><p class=\"p1\">Ism\u00e9t meghirdetj\u00fck a tengeri man\u0151ver tr\u00e9ning\u00fcnket, gyakorlott, RYA \u00e1ltal k\u00e9pzett oktat\u00f3nkkal.<\/p><p class=\"p1\">Erre a tr\u00e9ningre v\u00e1rjuk azokat, akik m\u00e1r vitorl\u00e1ztak p\u00e1rszor, de m\u00e9ly\u00edteni szeretn\u00e9k a gyakorlati tud\u00e1sukat \u00e9s azokat is, akik most kezdik ezt a sportot. Az oktat\u00e1s felk\u00e9sz\u00edt az \u00f6n\u00e1ll\u00f3 haj\u00f3b\u00e9rl\u00e9sre is.<\/p><p><a href=\"https:\/\/www.youtube.com\/watch?v=oGfcvVTz8xo\">Ezen<\/a> a linken megn\u00e9zhettek egy hosszabb kedvcsin\u00e1l\u00f3 vide\u00f3t a tr\u00e9ningr\u0151l!<\/p><p class=\"p1\"><strong>D\u00e1tumok:<\/strong><\/p><p class=\"p1\"><b>2026. \u00e1prilis 18-22<\/b><\/p><p class=\"p1\">B\u00e1zis kik\u00f6t\u0151: Marina Kastela<\/p><p class=\"p1\">R\u00e9szt v\u00e9teli d\u00edj: 630 eur.<\/p><p class=\"p1\">Ha saj\u00e1t kabint szeretn\u00e9tek: 990 eur.<\/p><p class=\"p1\">Az \u00e1r tartalmazza a:<\/p><p class=\"p1\">-haj\u00f3 b\u00e9rleti d\u00edj\u00e1t<\/p><p class=\"p1\">-oktat\u00e1st<\/p><p class=\"p1\">-tranzit log-ot (takar\u00edt\u00e1s, \u00e1gynem\u0171, b\u00fav\u00e1r, indul\u00f3 csomag)<\/p><p class=\"p1\">-k\u00fclmotort<\/p><p class=\"p1\">-turisztikai ad\u00f3t<\/p><p class=\"p1\">-kauci\u00f3biztos\u00edt\u00e1st. A mini depozit annyifel\u00e9 oszlik, ah\u00e1ny jelentkez\u0151nk van-ezt term\u00e9szetesen visszakapj\u00e1tok a tr\u00e9ning ut\u00e1n, ha s\u00e9r\u00fcl\u00e9smentesen, \u00e9p felszerel\u00e9ssel kapjuk vissza haj\u00f3t.<\/p><p class=\"p1\"><strong>NINCS az \u00e1rban:<\/strong>\u00a0kik\u00f6t\u0151 d\u00edjak a b\u00e1zis kik\u00f6t\u0151n k\u00edv\u00fcl, elhaszn\u00e1lt \u00fczemanyag.<\/p><p class=\"p1\">Az oktat\u00f3 \u00e9tkez\u00e9s\u00e9t a leg\u00e9nys\u00e9g biztos\u00edtja.<\/p><p class=\"p1\"><strong>Tervezett gyakorlati tematika f\u0151bb pontokban:<\/strong><\/p><p class=\"p1\">-indul\u00e1s<\/p><p class=\"p1\">-kik\u00f6t\u00e9s<\/p><p class=\"p1\">-horgonyz\u00e1s<\/p><p class=\"p1\">-vitorla kezel\u00e9se<\/p><p class=\"p1\">-ment\u00e9s<\/p><p class=\"p1\">Nagy hangs\u00faly ker\u00fcl a kik\u00f6t\u0151i men\u0151verekre.<\/p><p class=\"p1\">A gyakorlat elm\u00e9leti h\u00e1tt\u00e9rrel eg\u00e9sz\u00fcl ki a k\u00e9pz\u00e9s sor\u00e1n.<\/p><p class=\"p1\">A k\u00e9pz\u00e9s minimum l\u00e9tsz\u00e1mmal indul.<\/p><p class=\"p1\">Tov\u00e1bbi r\u00e9szletek\u00e9rt nyugodtan keressetek mailben, vagy telefonon!<\/p><p class=\"p1\">Szeretettel v\u00e1runk Titeket,<\/p><p class=\"p1\">Candor csapat<\/p><p class=\"p1\">+36 20 2206623; +385 98 9272565<\/p><p class=\"p1\">info@candor.<\/p>\t\t\t\t\t\t\t\t<\/div>\n\t\t\t\t<\/div>\n\t\t\t\t\t<\/div>\n\t\t<\/div>\n\t\t\t\t\t<\/div>\n\t\t<\/section>\n\t\t\t\t<\/div>\n\t\t","protected":false},"excerpt":{"rendered":"<p>Alapoz\u00f3 tengeri man\u0151ver tr\u00e9ning Horv\u00e1torsz\u00e1gban Kedves Vitorl\u00e1z\u00f3 \u00e9s Vitorl\u00e1zni V\u00e1gy\u00f3 Bar\u00e1taink! Ism\u00e9t meghirdetj\u00fck a tengeri man\u0151ver tr\u00e9ning\u00fcnket, gyakorlott, RYA \u00e1ltal k\u00e9pzett oktat\u00f3nkkal. Erre a tr\u00e9ningre v\u00e1rjuk azokat, akik m\u00e1r vitorl\u00e1ztak p\u00e1rszor, de m\u00e9ly\u00edteni szeretn\u00e9k a gyakorlati tud\u00e1sukat \u00e9s azokat is, akik most kezdik ezt a sportot. Az oktat\u00e1s felk\u00e9sz\u00edt az \u00f6n\u00e1ll\u00f3 haj\u00f3b\u00e9rl\u00e9sre is. Ezen a [&hellip;]<\/p>\n","protected":false},"author":3,"featured_media":0,"parent":0,"menu_order":0,"comment_status":"closed","ping_status":"closed","template":"","meta":{"footnotes":""},"class_list":["post-4739","page","type-page","status-publish","hentry","entry","owp-thumbs-layout-horizontal","owp-btn-normal","owp-tabs-layout-horizontal","has-no-thumbnails","has-product-nav"],"yoast_head":"<!-- This site is optimized with the Yoast SEO plugin v27.2 - https:\/\/yoast.com\/product\/yoast-seo-wordpress\/ -->\n<title>Alapoz\u00f3 tengeri man\u0151ver tr\u00e9ning Horv\u00e1torsz\u00e1g | Candor.hu<\/title>\n<meta name=\"description\" content=\"Alapoz\u00f3 man\u0151ver tr\u00e9ningre v\u00e1rjuk azokat, akik m\u00e1r vitorl\u00e1ztak, de m\u00e9ly\u00edteni szeretn\u00e9k gyakorlati tud\u00e1sukat, valamint azokat, akik most kezdik ezt a sportot.\" \/>\n<meta name=\"robots\" content=\"index, follow, max-snippet:-1, max-image-preview:large, max-video-preview:-1\" \/>\n<link rel=\"canonical\" href=\"https:\/\/candor.hu\/index.php\/tengeri-manover-trening\/\" \/>\n<meta property=\"og:locale\" content=\"hu_HU\" \/>\n<meta property=\"og:type\" content=\"article\" \/>\n<meta property=\"og:title\" content=\"Alapoz\u00f3 tengeri man\u0151ver tr\u00e9ning Horv\u00e1torsz\u00e1g | Candor.hu\" \/>\n<meta property=\"og:description\" content=\"Alapoz\u00f3 man\u0151ver tr\u00e9ningre v\u00e1rjuk azokat, akik m\u00e1r vitorl\u00e1ztak, de m\u00e9ly\u00edteni szeretn\u00e9k gyakorlati tud\u00e1sukat, valamint azokat, akik most kezdik ezt a sportot.\" \/>\n<meta property=\"og:url\" content=\"https:\/\/candor.hu\/index.php\/tengeri-manover-trening\/\" \/>\n<meta property=\"og:site_name\" content=\"Candor\" \/>\n<meta property=\"article:modified_time\" content=\"2025-11-19T19:20:42+00:00\" \/>\n<meta name=\"twitter:card\" content=\"summary_large_image\" \/>\n<meta name=\"twitter:label1\" content=\"Becs\u00fclt olvas\u00e1si id\u0151\" \/>\n\t<meta name=\"twitter:data1\" content=\"2 perc\" \/>\n<script type=\"application\/ld+json\" class=\"yoast-schema-graph\">{\"@context\":\"https:\/\/schema.org\",\"@graph\":[{\"@type\":\"WebPage\",\"@id\":\"https:\/\/candor.hu\/index.php\/tengeri-manover-trening\/\",\"url\":\"https:\/\/candor.hu\/index.php\/tengeri-manover-trening\/\",\"name\":\"Alapoz\u00f3 tengeri man\u0151ver tr\u00e9ning Horv\u00e1torsz\u00e1g | Candor.hu\",\"isPartOf\":{\"@id\":\"https:\/\/candor.hu\/#website\"},\"datePublished\":\"2024-04-02T21:14:38+00:00\",\"dateModified\":\"2025-11-19T19:20:42+00:00\",\"description\":\"Alapoz\u00f3 man\u0151ver tr\u00e9ningre v\u00e1rjuk azokat, akik m\u00e1r vitorl\u00e1ztak, de m\u00e9ly\u00edteni szeretn\u00e9k gyakorlati tud\u00e1sukat, valamint azokat, akik most kezdik ezt a sportot.\",\"breadcrumb\":{\"@id\":\"https:\/\/candor.hu\/index.php\/tengeri-manover-trening\/#breadcrumb\"},\"inLanguage\":\"hu\",\"potentialAction\":[{\"@type\":\"ReadAction\",\"target\":[\"https:\/\/candor.hu\/index.php\/tengeri-manover-trening\/\"]}]},{\"@type\":\"BreadcrumbList\",\"@id\":\"https:\/\/candor.hu\/index.php\/tengeri-manover-trening\/#breadcrumb\",\"itemListElement\":[{\"@type\":\"ListItem\",\"position\":1,\"name\":\"Kezd\u0151lap\",\"item\":\"https:\/\/candor.hu\/\"},{\"@type\":\"ListItem\",\"position\":2,\"name\":\"Tengeri man\u0151ver tr\u00e9ning\"}]},{\"@type\":\"WebSite\",\"@id\":\"https:\/\/candor.hu\/#website\",\"url\":\"https:\/\/candor.hu\/\",\"name\":\"Candor\",\"description\":\"\",\"publisher\":{\"@id\":\"https:\/\/candor.hu\/#organization\"},\"potentialAction\":[{\"@type\":\"SearchAction\",\"target\":{\"@type\":\"EntryPoint\",\"urlTemplate\":\"https:\/\/candor.hu\/?s={search_term_string}\"},\"query-input\":{\"@type\":\"PropertyValueSpecification\",\"valueRequired\":true,\"valueName\":\"search_term_string\"}}],\"inLanguage\":\"hu\"},{\"@type\":\"Organization\",\"@id\":\"https:\/\/candor.hu\/#organization\",\"name\":\"Candor\",\"url\":\"https:\/\/candor.hu\/\",\"logo\":{\"@type\":\"ImageObject\",\"inLanguage\":\"hu\",\"@id\":\"https:\/\/candor.hu\/#\/schema\/logo\/image\/\",\"url\":\"https:\/\/candor.hu\/wp-content\/uploads\/2023\/05\/cropped-candorlogo-01.png\",\"contentUrl\":\"https:\/\/candor.hu\/wp-content\/uploads\/2023\/05\/cropped-candorlogo-01.png\",\"width\":754,\"height\":206,\"caption\":\"Candor\"},\"image\":{\"@id\":\"https:\/\/candor.hu\/#\/schema\/logo\/image\/\"}}]}<\/script>\n<!-- \/ Yoast SEO plugin. -->","yoast_head_json":{"title":"Alapoz\u00f3 tengeri man\u0151ver tr\u00e9ning Horv\u00e1torsz\u00e1g | Candor.hu","description":"Alapoz\u00f3 man\u0151ver tr\u00e9ningre v\u00e1rjuk azokat, akik m\u00e1r vitorl\u00e1ztak, de m\u00e9ly\u00edteni szeretn\u00e9k gyakorlati tud\u00e1sukat, valamint azokat, akik most kezdik ezt a sportot.","robots":{"index":"index","follow":"follow","max-snippet":"max-snippet:-1","max-image-preview":"max-image-preview:large","max-video-preview":"max-video-preview:-1"},"canonical":"https:\/\/candor.hu\/index.php\/tengeri-manover-trening\/","og_locale":"hu_HU","og_type":"article","og_title":"Alapoz\u00f3 tengeri man\u0151ver tr\u00e9ning Horv\u00e1torsz\u00e1g | Candor.hu","og_description":"Alapoz\u00f3 man\u0151ver tr\u00e9ningre v\u00e1rjuk azokat, akik m\u00e1r vitorl\u00e1ztak, de m\u00e9ly\u00edteni szeretn\u00e9k gyakorlati tud\u00e1sukat, valamint azokat, akik most kezdik ezt a sportot.","og_url":"https:\/\/candor.hu\/index.php\/tengeri-manover-trening\/","og_site_name":"Candor","article_modified_time":"2025-11-19T19:20:42+00:00","twitter_card":"summary_large_image","twitter_misc":{"Becs\u00fclt olvas\u00e1si id\u0151":"2 perc"},"schema":{"@context":"https:\/\/schema.org","@graph":[{"@type":"WebPage","@id":"https:\/\/candor.hu\/index.php\/tengeri-manover-trening\/","url":"https:\/\/candor.hu\/index.php\/tengeri-manover-trening\/","name":"Alapoz\u00f3 tengeri man\u0151ver tr\u00e9ning Horv\u00e1torsz\u00e1g | Candor.hu","isPartOf":{"@id":"https:\/\/candor.hu\/#website"},"datePublished":"2024-04-02T21:14:38+00:00","dateModified":"2025-11-19T19:20:42+00:00","description":"Alapoz\u00f3 man\u0151ver tr\u00e9ningre v\u00e1rjuk azokat, akik m\u00e1r vitorl\u00e1ztak, de m\u00e9ly\u00edteni szeretn\u00e9k gyakorlati tud\u00e1sukat, valamint azokat, akik most kezdik ezt a sportot.","breadcrumb":{"@id":"https:\/\/candor.hu\/index.php\/tengeri-manover-trening\/#breadcrumb"},"inLanguage":"hu","potentialAction":[{"@type":"ReadAction","target":["https:\/\/candor.hu\/index.php\/tengeri-manover-trening\/"]}]},{"@type":"BreadcrumbList","@id":"https:\/\/candor.hu\/index.php\/tengeri-manover-trening\/#breadcrumb","itemListElement":[{"@type":"ListItem","position":1,"name":"Kezd\u0151lap","item":"https:\/\/candor.hu\/"},{"@type":"ListItem","position":2,"name":"Tengeri man\u0151ver tr\u00e9ning"}]},{"@type":"WebSite","@id":"https:\/\/candor.hu\/#website","url":"https:\/\/candor.hu\/","name":"Candor","description":"","publisher":{"@id":"https:\/\/candor.hu\/#organization"},"potentialAction":[{"@type":"SearchAction","target":{"@type":"EntryPoint","urlTemplate":"https:\/\/candor.hu\/?s={search_term_string}"},"query-input":{"@type":"PropertyValueSpecification","valueRequired":true,"valueName":"search_term_string"}}],"inLanguage":"hu"},{"@type":"Organization","@id":"https:\/\/candor.hu\/#organization","name":"Candor","url":"https:\/\/candor.hu\/","logo":{"@type":"ImageObject","inLanguage":"hu","@id":"https:\/\/candor.hu\/#\/schema\/logo\/image\/","url":"https:\/\/candor.hu\/wp-content\/uploads\/2023\/05\/cropped-candorlogo-01.png","contentUrl":"https:\/\/candor.hu\/wp-content\/uploads\/2023\/05\/cropped-candorlogo-01.png","width":754,"height":206,"caption":"Candor"},"image":{"@id":"https:\/\/candor.hu\/#\/schema\/logo\/image\/"}}]}},"jetpack_sharing_enabled":true,"_links":{"self":[{"href":"https:\/\/candor.hu\/index.php\/wp-json\/wp\/v2\/pages\/4739","targetHints":{"allow":["GET"]}}],"collection":[{"href":"https:\/\/candor.hu\/index.php\/wp-json\/wp\/v2\/pages"}],"about":[{"href":"https:\/\/candor.hu\/index.php\/wp-json\/wp\/v2\/types\/page"}],"author":[{"embeddable":true,"href":"https:\/\/candor.hu\/index.php\/wp-json\/wp\/v2\/users\/3"}],"replies":[{"embeddable":true,"href":"https:\/\/candor.hu\/index.php\/wp-json\/wp\/v2\/comments?post=4739"}],"version-history":[{"count":52,"href":"https:\/\/candor.hu\/index.php\/wp-json\/wp\/v2\/pages\/4739\/revisions"}],"predecessor-version":[{"id":6037,"href":"https:\/\/candor.hu\/index.php\/wp-json\/wp\/v2\/pages\/4739\/revisions\/6037"}],"wp:attachment":[{"href":"https:\/\/candor.hu\/index.php\/wp-json\/wp\/v2\/media?parent=4739"}],"curies":[{"name":"wp","href":"https:\/\/api.w.org\/{rel}","templated":true}]}}