{"id":4749,"date":"2024-04-02T21:18:21","date_gmt":"2024-04-02T21:18:21","guid":{"rendered":"https:\/\/candor.hu\/?page_id=4749"},"modified":"2026-02-06T04:59:45","modified_gmt":"2026-02-06T04:59:45","slug":"behajozas","status":"publish","type":"page","link":"https:\/\/candor.hu\/index.php\/behajozas\/","title":{"rendered":"Behaj\u00f3z\u00e1s"},"content":{"rendered":"\t\t<div data-elementor-type=\"wp-page\" data-elementor-id=\"4749\" class=\"elementor elementor-4749\" data-elementor-post-type=\"page\">\n\t\t\t\t\t\t<section class=\"elementor-section elementor-top-section elementor-element elementor-element-d335f84 elementor-section-boxed elementor-section-height-default elementor-section-height-default\" data-id=\"d335f84\" data-element_type=\"section\" data-e-type=\"section\">\n\t\t\t\t\t\t<div class=\"elementor-container elementor-column-gap-default\">\n\t\t\t\t\t<div class=\"elementor-column elementor-col-100 elementor-top-column elementor-element elementor-element-8d24c82\" data-id=\"8d24c82\" data-element_type=\"column\" data-e-type=\"column\">\n\t\t\t<div class=\"elementor-widget-wrap elementor-element-populated\">\n\t\t\t\t\t\t<div class=\"elementor-element elementor-element-831c36e de_scroll_animation_no elementor-widget elementor-widget-spacer\" data-id=\"831c36e\" data-element_type=\"widget\" data-e-type=\"widget\" data-widget_type=\"spacer.default\">\n\t\t\t\t<div class=\"elementor-widget-container\">\n\t\t\t\t\t\t\t<div class=\"elementor-spacer\">\n\t\t\t<div class=\"elementor-spacer-inner\"><\/div>\n\t\t<\/div>\n\t\t\t\t\t\t<\/div>\n\t\t\t\t<\/div>\n\t\t\t\t\t<\/div>\n\t\t<\/div>\n\t\t\t\t\t<\/div>\n\t\t<\/section>\n\t\t\t\t<section class=\"elementor-section elementor-top-section elementor-element elementor-element-99314ec elementor-section-boxed elementor-section-height-default elementor-section-height-default\" data-id=\"99314ec\" data-element_type=\"section\" data-e-type=\"section\">\n\t\t\t\t\t\t<div class=\"elementor-container elementor-column-gap-default\">\n\t\t\t\t\t<div class=\"elementor-column elementor-col-100 elementor-top-column elementor-element elementor-element-75cc89d\" data-id=\"75cc89d\" data-element_type=\"column\" data-e-type=\"column\">\n\t\t\t<div class=\"elementor-widget-wrap elementor-element-populated\">\n\t\t\t\t\t\t<div class=\"elementor-element elementor-element-0dc3af9 de_scroll_animation_no elementor-widget elementor-widget-heading\" data-id=\"0dc3af9\" data-element_type=\"widget\" data-e-type=\"widget\" data-widget_type=\"heading.default\">\n\t\t\t\t<div class=\"elementor-widget-container\">\n\t\t\t\t\t<h2 class=\"elementor-heading-title elementor-size-default\">Behaj\u00f3z\u00e1s 2026<\/h2>\t\t\t\t<\/div>\n\t\t\t\t<\/div>\n\t\t\t\t\t<\/div>\n\t\t<\/div>\n\t\t\t\t\t<\/div>\n\t\t<\/section>\n\t\t\t\t<section class=\"elementor-section elementor-top-section elementor-element elementor-element-ea8d000 elementor-section-boxed elementor-section-height-default elementor-section-height-default\" data-id=\"ea8d000\" data-element_type=\"section\" data-e-type=\"section\">\n\t\t\t\t\t\t<div class=\"elementor-container elementor-column-gap-default\">\n\t\t\t\t\t<div class=\"elementor-column elementor-col-100 elementor-top-column elementor-element elementor-element-bddeb33\" data-id=\"bddeb33\" data-element_type=\"column\" data-e-type=\"column\">\n\t\t\t<div class=\"elementor-widget-wrap elementor-element-populated\">\n\t\t\t\t\t\t<div class=\"elementor-element elementor-element-bd27123 de_scroll_animation_no elementor-widget elementor-widget-text-editor\" data-id=\"bd27123\" data-element_type=\"widget\" data-e-type=\"widget\" data-widget_type=\"text-editor.default\">\n\t\t\t\t<div class=\"elementor-widget-container\">\n\t\t\t\t\t\t\t\t\t<p class=\"x_MsoNormal\"><span data-olk-copy-source=\"MessageBody\">Id\u00e9n is lesz\u00a0<\/span><b>BEHAJ\u00d3Z\u00c1S<\/b>!<\/p><p class=\"x_MsoNormal\">\u00cdrd be a napt\u00e1radba, besz\u00e9ld meg a t\u00f6bbiekkel, \u00e9s jelentkezz id\u0151ben, mert hamar elj\u00f6n a tavasz, \u00e9s tudjuk, hogy m\u00e1r most \u00e9rdemes lefoglalnod azt a haj\u00f3t, amivel j\u00f6nni szeretn\u00e9l!<\/p><p class=\"x_MsoNormal\"><b>A d\u00e1tum\u00a0<\/b><b>2026 \u00e1prilis 28 (kedd d\u00e9lut\u00e1n) \u2013 m\u00e1jus 3 (vas\u00e1rnap d\u00e9lel\u0151tt)<\/b><\/p><p class=\"x_MsoNormal\">A program v\u00e1ltozatlan, reggelente korm\u00e1nyosi k\u00e1v\u00e9, \u00fatvonaltervez\u00e9s, napk\u00f6zben \u00f6r\u00f6mvitorl\u00e1z\u00e1s, n\u00e9ha horgonyz\u00e1s, napf\u00fcrd\u0151z\u00e9s, a b\u00e1trabbaknak \u00fasz\u00e1s, est\u00e9nk\u00e9nt besz\u00e9lget\u00e9s, s\u00fct\u00e9s-f\u0151z\u00e9s-ev\u00e9s-iv\u00e1s, \u00e9lm\u00e9nybesz\u00e1mol\u00f3k, j\u00e1t\u00e9k.<\/p><p class=\"x_MsoNormal\">A k\u00edn\u00e1lat ismert, a\u00a0<span class=\"markcdp7enxi0\" data-markjs=\"true\" data-ogac=\"\" data-ogab=\"\" data-ogsc=\"\" data-ogsb=\"\">Candor<\/span>\u00a0frissen szervizelt flott\u00e1ja, K\u00f6z\u00e9p-Dalm\u00e1cia szigetei, kik\u00f6t\u0151i, \u00f6blei, a\u00a0<span class=\"markcdp7enxi0\" data-markjs=\"true\" data-ogac=\"\" data-ogab=\"\" data-ogsc=\"\" data-ogsb=\"\">Candor<\/span>-k\u00f6z\u00f6ss\u00e9g h\u00fasz \u00e9ve fejl\u0151d\u0151 vil\u00e1ga.<\/p><p class=\"x_MsoNormal\">A tartalom a szok\u00e1sos, a r\u00e9szv\u00e9teli d\u00edjban benne van a haj\u00f3b\u00e9rlet, takar\u00edt\u00e1s, ad\u00f3, kauci\u00f3megv\u00e1lt\u00e1s, \u00fczemanyag, k\u00f6z\u00f6s vacsora \u00e9s aj\u00e1nd\u00e9k a megadott l\u00e9tsz\u00e1mra. A l\u00e9tsz\u00e1m-elt\u00e9r\u00e9seket fejenk\u00e9nt 160 eur\u00f3val sz\u00e1moljuk el.<\/p><p class=\"x_MsoNormal\">A v\u00e1laszthat\u00f3 haj\u00f3k a k\u00f6vetkez\u0151k:<\/p><table class=\"x_MsoNormalTable\" border=\"0\" width=\"445\" cellspacing=\"0\" cellpadding=\"0\"><tbody><tr><td valign=\"bottom\" nowrap=\"nowrap\" width=\"177\"><p class=\"x_MsoNormal\"><b>Model<\/b><\/p><\/td><td valign=\"top\" width=\"89\"><p class=\"x_MsoNormal\"><b>L\u00e9tsz\u00e1m<\/b><\/p><\/td><td valign=\"bottom\" nowrap=\"nowrap\" width=\"89\"><p class=\"x_MsoNormal\"><b>N\u00e9v<\/b><\/p><\/td><td valign=\"bottom\" nowrap=\"nowrap\" width=\"89\"><p class=\"x_MsoNormal\"><b>Heti \u00e1r<\/b><\/p><\/td><\/tr><tr><td valign=\"bottom\" nowrap=\"nowrap\" width=\"177\"><p class=\"x_MsoNormal\"><b>JEANNEAU 389<\/b><\/p><\/td><td valign=\"top\" width=\"89\"><p class=\"x_MsoNormal\"><b>6<\/b><\/p><\/td><td valign=\"bottom\" nowrap=\"nowrap\" width=\"89\"><p class=\"x_MsoNormal\"><b>Vacskamati<\/b><\/p><\/td><td valign=\"bottom\" nowrap=\"nowrap\" width=\"89\"><p class=\"x_MsoNormal\" align=\"right\"><b>2900<\/b><\/p><\/td><\/tr><tr><td valign=\"bottom\" nowrap=\"nowrap\" width=\"177\"><p class=\"x_MsoNormal\"><b>JEANNEAU 410<\/b><\/p><\/td><td valign=\"top\" width=\"89\"><p class=\"x_MsoNormal\"><b>6<\/b><\/p><\/td><td valign=\"bottom\" nowrap=\"nowrap\" width=\"89\"><p class=\"x_MsoNormal\"><b>Maminti<\/b><\/p><\/td><td valign=\"bottom\" nowrap=\"nowrap\" width=\"89\"><p class=\"x_MsoNormal\" align=\"right\"><b>3300<\/b><\/p><\/td><\/tr><tr><td valign=\"bottom\" nowrap=\"nowrap\" width=\"177\"><p class=\"x_MsoNormal\"><b>JEANNEAU 410<\/b><\/p><\/td><td valign=\"top\" width=\"89\"><p class=\"x_MsoNormal\"><b>6<\/b><\/p><\/td><td valign=\"bottom\" nowrap=\"nowrap\" width=\"89\"><p class=\"x_MsoNormal\"><b>Purr<\/b><\/p><\/td><td valign=\"bottom\" nowrap=\"nowrap\" width=\"89\"><p class=\"x_MsoNormal\" align=\"right\"><b>3500<\/b><\/p><\/td><\/tr><tr><td valign=\"bottom\" nowrap=\"nowrap\" width=\"177\"><p class=\"x_MsoNormal\"><b>DUFOUR 460 Grand Large<\/b><\/p><\/td><td valign=\"top\" width=\"89\"><p class=\"x_MsoNormal\"><b>8<\/b><\/p><\/td><td valign=\"bottom\" nowrap=\"nowrap\" width=\"89\"><p class=\"x_MsoNormal\"><b>Sea Hawk<\/b><\/p><\/td><td valign=\"bottom\" nowrap=\"nowrap\" width=\"89\"><p class=\"x_MsoNormal\" align=\"right\"><b>4000<\/b><\/p><\/td><\/tr><tr><td valign=\"bottom\" nowrap=\"nowrap\" width=\"177\"><p class=\"x_MsoNormal\"><b>BALI Catspace<\/b><\/p><\/td><td valign=\"top\" width=\"89\"><p class=\"x_MsoNormal\"><b>8<\/b><\/p><\/td><td valign=\"bottom\" nowrap=\"nowrap\" width=\"89\"><p class=\"x_MsoNormal\"><b>Amon-Re<\/b><\/p><\/td><td valign=\"bottom\" nowrap=\"nowrap\" width=\"89\"><p class=\"x_MsoNormal\" align=\"right\"><b>4900<\/b><\/p><\/td><\/tr><tr><td valign=\"bottom\" nowrap=\"nowrap\" width=\"177\"><p class=\"x_MsoNormal\"><b>DUFOUR 470 Grand Large<\/b><\/p><\/td><td valign=\"top\" width=\"89\"><p class=\"x_MsoNormal\"><b>6<\/b><\/p><\/td><td valign=\"bottom\" nowrap=\"nowrap\" width=\"89\"><p class=\"x_MsoNormal\"><b>Angelique<\/b><\/p><\/td><td valign=\"bottom\" nowrap=\"nowrap\" width=\"89\"><p class=\"x_MsoNormal\" align=\"right\"><b>4400<\/b><\/p><\/td><\/tr><\/tbody><\/table><p class=\"x_MsoNormal\"><b>Az egy\u00e9ni r\u00e9szv\u00e9teli d\u00edj 520 eur\u00f3, saj\u00e1t kabinban 700 eur\u00f3.<\/b><\/p><p class=\"x_MsoNormal\">H\u00edvunk, v\u00e1runk, sz\u00e1m\u00edtunk R\u00e1d! Keress minket a k\u00e9rd\u00e9seiddel, foglal\u00e1si sz\u00e1nd\u00e9koddal, \u00e9s k\u00fcldd tov\u00e1bb azoknak az ismer\u0151s\u00f6knek, akiket sz\u00edvesen l\u00e1tn\u00e1l a t\u00far\u00e1n. A foglal\u00e1s \u00e9rkez\u00e9si sorrendben t\u00f6rt\u00e9nik, 50% el\u0151leg befizet\u00e9s\u00e9vel.<\/p>\t\t\t\t\t\t\t\t<\/div>\n\t\t\t\t<\/div>\n\t\t\t\t\t<\/div>\n\t\t<\/div>\n\t\t\t\t\t<\/div>\n\t\t<\/section>\n\t\t\t\t<\/div>\n\t\t","protected":false},"excerpt":{"rendered":"<p>Behaj\u00f3z\u00e1s 2026 Id\u00e9n is lesz\u00a0BEHAJ\u00d3Z\u00c1S! \u00cdrd be a napt\u00e1radba, besz\u00e9ld meg a t\u00f6bbiekkel, \u00e9s jelentkezz id\u0151ben, mert hamar elj\u00f6n a tavasz, \u00e9s tudjuk, hogy m\u00e1r most \u00e9rdemes lefoglalnod azt a haj\u00f3t, amivel j\u00f6nni szeretn\u00e9l! A d\u00e1tum\u00a02026 \u00e1prilis 28 (kedd d\u00e9lut\u00e1n) \u2013 m\u00e1jus 3 (vas\u00e1rnap d\u00e9lel\u0151tt) A program v\u00e1ltozatlan, reggelente korm\u00e1nyosi k\u00e1v\u00e9, \u00fatvonaltervez\u00e9s, napk\u00f6zben \u00f6r\u00f6mvitorl\u00e1z\u00e1s, n\u00e9ha [&hellip;]<\/p>\n","protected":false},"author":3,"featured_media":0,"parent":0,"menu_order":0,"comment_status":"closed","ping_status":"closed","template":"","meta":{"footnotes":""},"class_list":["post-4749","page","type-page","status-publish","hentry","entry","owp-thumbs-layout-horizontal","owp-btn-normal","owp-tabs-layout-horizontal","has-no-thumbnails","has-product-nav"],"yoast_head":"<!-- This site is optimized with the Yoast SEO plugin v27.2 - https:\/\/yoast.com\/product\/yoast-seo-wordpress\/ -->\n<title>Behaj\u00f3z\u00e1s 2025 | Vitorl\u00e1s nyaral\u00e1s Horv\u00e1torsz\u00e1g | Candor.hu<\/title>\n<meta name=\"description\" content=\"Ha vitorl\u00e1s haj\u00f3 b\u00e9rl\u00e9st tervezel Horv\u00e1torsz\u00e1gban, v\u00e1laszd a Candort! 2025 a huszadik vitorl\u00e1s szezonunk, ebb\u0151l az alkalomb\u00f3l \u00fajragondoltuk a Behaj\u00f3z\u00e1st.\" \/>\n<meta name=\"robots\" content=\"index, follow, max-snippet:-1, max-image-preview:large, max-video-preview:-1\" \/>\n<link rel=\"canonical\" href=\"https:\/\/candor.hu\/index.php\/behajozas\/\" \/>\n<meta property=\"og:locale\" content=\"hu_HU\" \/>\n<meta property=\"og:type\" content=\"article\" \/>\n<meta property=\"og:title\" content=\"Behaj\u00f3z\u00e1s 2025 | Vitorl\u00e1s nyaral\u00e1s Horv\u00e1torsz\u00e1g | Candor.hu\" \/>\n<meta property=\"og:description\" content=\"Ha vitorl\u00e1s haj\u00f3 b\u00e9rl\u00e9st tervezel Horv\u00e1torsz\u00e1gban, v\u00e1laszd a Candort! 2025 a huszadik vitorl\u00e1s szezonunk, ebb\u0151l az alkalomb\u00f3l \u00fajragondoltuk a Behaj\u00f3z\u00e1st.\" \/>\n<meta property=\"og:url\" content=\"https:\/\/candor.hu\/index.php\/behajozas\/\" \/>\n<meta property=\"og:site_name\" content=\"Candor\" \/>\n<meta property=\"article:modified_time\" content=\"2026-02-06T04:59:45+00:00\" \/>\n<meta name=\"twitter:card\" content=\"summary_large_image\" \/>\n<meta name=\"twitter:label1\" content=\"Becs\u00fclt olvas\u00e1si id\u0151\" \/>\n\t<meta name=\"twitter:data1\" content=\"2 perc\" \/>\n<script type=\"application\/ld+json\" class=\"yoast-schema-graph\">{\"@context\":\"https:\/\/schema.org\",\"@graph\":[{\"@type\":\"WebPage\",\"@id\":\"https:\/\/candor.hu\/index.php\/behajozas\/\",\"url\":\"https:\/\/candor.hu\/index.php\/behajozas\/\",\"name\":\"Behaj\u00f3z\u00e1s 2025 | Vitorl\u00e1s nyaral\u00e1s Horv\u00e1torsz\u00e1g | Candor.hu\",\"isPartOf\":{\"@id\":\"https:\/\/candor.hu\/#website\"},\"datePublished\":\"2024-04-02T21:18:21+00:00\",\"dateModified\":\"2026-02-06T04:59:45+00:00\",\"description\":\"Ha vitorl\u00e1s haj\u00f3 b\u00e9rl\u00e9st tervezel Horv\u00e1torsz\u00e1gban, v\u00e1laszd a Candort! 2025 a huszadik vitorl\u00e1s szezonunk, ebb\u0151l az alkalomb\u00f3l \u00fajragondoltuk a Behaj\u00f3z\u00e1st.\",\"breadcrumb\":{\"@id\":\"https:\/\/candor.hu\/index.php\/behajozas\/#breadcrumb\"},\"inLanguage\":\"hu\",\"potentialAction\":[{\"@type\":\"ReadAction\",\"target\":[\"https:\/\/candor.hu\/index.php\/behajozas\/\"]}]},{\"@type\":\"BreadcrumbList\",\"@id\":\"https:\/\/candor.hu\/index.php\/behajozas\/#breadcrumb\",\"itemListElement\":[{\"@type\":\"ListItem\",\"position\":1,\"name\":\"Kezd\u0151lap\",\"item\":\"https:\/\/candor.hu\/\"},{\"@type\":\"ListItem\",\"position\":2,\"name\":\"Behaj\u00f3z\u00e1s\"}]},{\"@type\":\"WebSite\",\"@id\":\"https:\/\/candor.hu\/#website\",\"url\":\"https:\/\/candor.hu\/\",\"name\":\"Candor\",\"description\":\"\",\"publisher\":{\"@id\":\"https:\/\/candor.hu\/#organization\"},\"potentialAction\":[{\"@type\":\"SearchAction\",\"target\":{\"@type\":\"EntryPoint\",\"urlTemplate\":\"https:\/\/candor.hu\/?s={search_term_string}\"},\"query-input\":{\"@type\":\"PropertyValueSpecification\",\"valueRequired\":true,\"valueName\":\"search_term_string\"}}],\"inLanguage\":\"hu\"},{\"@type\":\"Organization\",\"@id\":\"https:\/\/candor.hu\/#organization\",\"name\":\"Candor\",\"url\":\"https:\/\/candor.hu\/\",\"logo\":{\"@type\":\"ImageObject\",\"inLanguage\":\"hu\",\"@id\":\"https:\/\/candor.hu\/#\/schema\/logo\/image\/\",\"url\":\"https:\/\/candor.hu\/wp-content\/uploads\/2023\/05\/cropped-candorlogo-01.png\",\"contentUrl\":\"https:\/\/candor.hu\/wp-content\/uploads\/2023\/05\/cropped-candorlogo-01.png\",\"width\":754,\"height\":206,\"caption\":\"Candor\"},\"image\":{\"@id\":\"https:\/\/candor.hu\/#\/schema\/logo\/image\/\"}}]}<\/script>\n<!-- \/ Yoast SEO plugin. -->","yoast_head_json":{"title":"Behaj\u00f3z\u00e1s 2025 | Vitorl\u00e1s nyaral\u00e1s Horv\u00e1torsz\u00e1g | Candor.hu","description":"Ha vitorl\u00e1s haj\u00f3 b\u00e9rl\u00e9st tervezel Horv\u00e1torsz\u00e1gban, v\u00e1laszd a Candort! 2025 a huszadik vitorl\u00e1s szezonunk, ebb\u0151l az alkalomb\u00f3l \u00fajragondoltuk a Behaj\u00f3z\u00e1st.","robots":{"index":"index","follow":"follow","max-snippet":"max-snippet:-1","max-image-preview":"max-image-preview:large","max-video-preview":"max-video-preview:-1"},"canonical":"https:\/\/candor.hu\/index.php\/behajozas\/","og_locale":"hu_HU","og_type":"article","og_title":"Behaj\u00f3z\u00e1s 2025 | Vitorl\u00e1s nyaral\u00e1s Horv\u00e1torsz\u00e1g | Candor.hu","og_description":"Ha vitorl\u00e1s haj\u00f3 b\u00e9rl\u00e9st tervezel Horv\u00e1torsz\u00e1gban, v\u00e1laszd a Candort! 2025 a huszadik vitorl\u00e1s szezonunk, ebb\u0151l az alkalomb\u00f3l \u00fajragondoltuk a Behaj\u00f3z\u00e1st.","og_url":"https:\/\/candor.hu\/index.php\/behajozas\/","og_site_name":"Candor","article_modified_time":"2026-02-06T04:59:45+00:00","twitter_card":"summary_large_image","twitter_misc":{"Becs\u00fclt olvas\u00e1si id\u0151":"2 perc"},"schema":{"@context":"https:\/\/schema.org","@graph":[{"@type":"WebPage","@id":"https:\/\/candor.hu\/index.php\/behajozas\/","url":"https:\/\/candor.hu\/index.php\/behajozas\/","name":"Behaj\u00f3z\u00e1s 2025 | Vitorl\u00e1s nyaral\u00e1s Horv\u00e1torsz\u00e1g | Candor.hu","isPartOf":{"@id":"https:\/\/candor.hu\/#website"},"datePublished":"2024-04-02T21:18:21+00:00","dateModified":"2026-02-06T04:59:45+00:00","description":"Ha vitorl\u00e1s haj\u00f3 b\u00e9rl\u00e9st tervezel Horv\u00e1torsz\u00e1gban, v\u00e1laszd a Candort! 2025 a huszadik vitorl\u00e1s szezonunk, ebb\u0151l az alkalomb\u00f3l \u00fajragondoltuk a Behaj\u00f3z\u00e1st.","breadcrumb":{"@id":"https:\/\/candor.hu\/index.php\/behajozas\/#breadcrumb"},"inLanguage":"hu","potentialAction":[{"@type":"ReadAction","target":["https:\/\/candor.hu\/index.php\/behajozas\/"]}]},{"@type":"BreadcrumbList","@id":"https:\/\/candor.hu\/index.php\/behajozas\/#breadcrumb","itemListElement":[{"@type":"ListItem","position":1,"name":"Kezd\u0151lap","item":"https:\/\/candor.hu\/"},{"@type":"ListItem","position":2,"name":"Behaj\u00f3z\u00e1s"}]},{"@type":"WebSite","@id":"https:\/\/candor.hu\/#website","url":"https:\/\/candor.hu\/","name":"Candor","description":"","publisher":{"@id":"https:\/\/candor.hu\/#organization"},"potentialAction":[{"@type":"SearchAction","target":{"@type":"EntryPoint","urlTemplate":"https:\/\/candor.hu\/?s={search_term_string}"},"query-input":{"@type":"PropertyValueSpecification","valueRequired":true,"valueName":"search_term_string"}}],"inLanguage":"hu"},{"@type":"Organization","@id":"https:\/\/candor.hu\/#organization","name":"Candor","url":"https:\/\/candor.hu\/","logo":{"@type":"ImageObject","inLanguage":"hu","@id":"https:\/\/candor.hu\/#\/schema\/logo\/image\/","url":"https:\/\/candor.hu\/wp-content\/uploads\/2023\/05\/cropped-candorlogo-01.png","contentUrl":"https:\/\/candor.hu\/wp-content\/uploads\/2023\/05\/cropped-candorlogo-01.png","width":754,"height":206,"caption":"Candor"},"image":{"@id":"https:\/\/candor.hu\/#\/schema\/logo\/image\/"}}]}},"jetpack_sharing_enabled":true,"_links":{"self":[{"href":"https:\/\/candor.hu\/index.php\/wp-json\/wp\/v2\/pages\/4749","targetHints":{"allow":["GET"]}}],"collection":[{"href":"https:\/\/candor.hu\/index.php\/wp-json\/wp\/v2\/pages"}],"about":[{"href":"https:\/\/candor.hu\/index.php\/wp-json\/wp\/v2\/types\/page"}],"author":[{"embeddable":true,"href":"https:\/\/candor.hu\/index.php\/wp-json\/wp\/v2\/users\/3"}],"replies":[{"embeddable":true,"href":"https:\/\/candor.hu\/index.php\/wp-json\/wp\/v2\/comments?post=4749"}],"version-history":[{"count":26,"href":"https:\/\/candor.hu\/index.php\/wp-json\/wp\/v2\/pages\/4749\/revisions"}],"predecessor-version":[{"id":6197,"href":"https:\/\/candor.hu\/index.php\/wp-json\/wp\/v2\/pages\/4749\/revisions\/6197"}],"wp:attachment":[{"href":"https:\/\/candor.hu\/index.php\/wp-json\/wp\/v2\/media?parent=4749"}],"curies":[{"name":"wp","href":"https:\/\/api.w.org\/{rel}","templated":true}]}}