{"id":4754,"date":"2024-04-02T21:19:55","date_gmt":"2024-04-02T21:19:55","guid":{"rendered":"https:\/\/candor.hu\/?page_id=4754"},"modified":"2026-03-29T17:06:10","modified_gmt":"2026-03-29T17:06:10","slug":"katamaran-trening","status":"publish","type":"page","link":"https:\/\/candor.hu\/index.php\/katamaran-trening\/","title":{"rendered":"Katamar\u00e1n tr\u00e9ning"},"content":{"rendered":"\t\t<div data-elementor-type=\"wp-page\" data-elementor-id=\"4754\" class=\"elementor elementor-4754\" data-elementor-post-type=\"page\">\n\t\t\t\t\t\t<section class=\"elementor-section elementor-top-section elementor-element elementor-element-eb0e6a5 elementor-section-boxed elementor-section-height-default elementor-section-height-default\" data-id=\"eb0e6a5\" data-element_type=\"section\" data-e-type=\"section\">\n\t\t\t\t\t\t<div class=\"elementor-container elementor-column-gap-default\">\n\t\t\t\t\t<div class=\"elementor-column elementor-col-100 elementor-top-column elementor-element elementor-element-5d30edd\" data-id=\"5d30edd\" data-element_type=\"column\" data-e-type=\"column\">\n\t\t\t<div class=\"elementor-widget-wrap elementor-element-populated\">\n\t\t\t\t\t\t<div class=\"elementor-element elementor-element-e9f4701 de_scroll_animation_no elementor-widget elementor-widget-spacer\" data-id=\"e9f4701\" data-element_type=\"widget\" data-e-type=\"widget\" data-widget_type=\"spacer.default\">\n\t\t\t\t<div class=\"elementor-widget-container\">\n\t\t\t\t\t\t\t<div class=\"elementor-spacer\">\n\t\t\t<div class=\"elementor-spacer-inner\"><\/div>\n\t\t<\/div>\n\t\t\t\t\t\t<\/div>\n\t\t\t\t<\/div>\n\t\t\t\t\t<\/div>\n\t\t<\/div>\n\t\t\t\t\t<\/div>\n\t\t<\/section>\n\t\t\t\t<section class=\"elementor-section elementor-top-section elementor-element elementor-element-539784c elementor-section-boxed elementor-section-height-default elementor-section-height-default\" data-id=\"539784c\" data-element_type=\"section\" data-e-type=\"section\">\n\t\t\t\t\t\t<div class=\"elementor-container elementor-column-gap-default\">\n\t\t\t\t\t<div class=\"elementor-column elementor-col-100 elementor-top-column elementor-element elementor-element-305a270\" data-id=\"305a270\" data-element_type=\"column\" data-e-type=\"column\">\n\t\t\t<div class=\"elementor-widget-wrap elementor-element-populated\">\n\t\t\t\t\t\t<div class=\"elementor-element elementor-element-c898e03 de_scroll_animation_no elementor-widget elementor-widget-heading\" data-id=\"c898e03\" data-element_type=\"widget\" data-e-type=\"widget\" data-widget_type=\"heading.default\">\n\t\t\t\t<div class=\"elementor-widget-container\">\n\t\t\t\t\t<h2 class=\"elementor-heading-title elementor-size-default\">Katamar\u00e1n tr\u00e9ning<\/h2>\t\t\t\t<\/div>\n\t\t\t\t<\/div>\n\t\t\t\t\t<\/div>\n\t\t<\/div>\n\t\t\t\t\t<\/div>\n\t\t<\/section>\n\t\t\t\t<section class=\"elementor-section elementor-top-section elementor-element elementor-element-7155d37 elementor-section-boxed elementor-section-height-default elementor-section-height-default\" data-id=\"7155d37\" data-element_type=\"section\" data-e-type=\"section\">\n\t\t\t\t\t\t<div class=\"elementor-container elementor-column-gap-default\">\n\t\t\t\t\t<div class=\"elementor-column elementor-col-100 elementor-top-column elementor-element elementor-element-b1e669a\" data-id=\"b1e669a\" data-element_type=\"column\" data-e-type=\"column\">\n\t\t\t<div class=\"elementor-widget-wrap elementor-element-populated\">\n\t\t\t\t\t\t<div class=\"elementor-element elementor-element-857a526 de_scroll_animation_no elementor-widget elementor-widget-text-editor\" data-id=\"857a526\" data-element_type=\"widget\" data-e-type=\"widget\" data-widget_type=\"text-editor.default\">\n\t\t\t\t<div class=\"elementor-widget-container\">\n\t\t\t\t\t\t\t\t\t<p>\u00c9rdekel a katamar\u00e1n b\u00e9rl\u00e9s? Friss\u00edten\u00e9d m\u00e1r megl\u00e9v\u0151 tud\u00e1sod? Nem vagy biztos a man\u0151verekben? Id\u00e9n is meghirdetj\u00fck tavaszi \u00e9s \u0151szi n\u00e9gynapos intenz\u00edv katamar\u00e1n tr\u00e9ning\u00fcnket!<\/p><p>Tanfolyamunkat els\u0151sorban azok sz\u00e1m\u00e1ra aj\u00e1nljuk, akik m\u00e1r rendelkeznek megfelel\u0151 tapasztalattal a vitorl\u00e1z\u00e1sban, de a t\u00f6bbtest\u0171 haj\u00f3z\u00e1st csak most kezdik, vagy csak szeretn\u00e9k kor\u00e1bbi ismereteiket friss\u00edteni, b\u0151v\u00edteni.\u00a0<\/p><p><a href=\"https:\/\/www.youtube.com\/watch?v=oGfcvVTz8xo\">Ezen<\/a> a linken megn\u00e9zhettek egy hosszabb kedvcsin\u00e1l\u00f3 vide\u00f3t a tr\u00e9ning\u00fcnkr\u0151l!<\/p><ul><li>Fontos, hogy biztons\u00e1gosan kezeld a t\u00f6bbtest\u0171 haj\u00f3t is?<\/li><li>Szeretn\u00e9d meg\u00e9rteni a katamar\u00e1n mozg\u00e1s\u00e1t vitorl\u00e1zva \u00e9s motorozva is?<\/li><li>Pontosabban szeretn\u00e9d v\u00e9grehajtani a kik\u00f6t\u0151i man\u0151vereket a legsz\u0171kebb helyeken is?<\/li><li>Skipperk\u00e9nt is szeretn\u00e9d magad kipr\u00f3b\u00e1lni katamar\u00e1non?<\/li><\/ul><p>Ha a fentiek b\u00e1rmelyike is igaz r\u00e1d, akkor mindenk\u00e9pp jelentkezz!<\/p><p>A katamar\u00e1n tr\u00e9ning id\u00e9n is a Candor Charter, a Yacht Charter Guru, \u00e9s az Ocean Sailing SE k\u00f6z\u00f6s szervez\u00e9s\u00e9ben val\u00f3sulhat meg. K\u00e9t turnusban, csoportonk\u00e9nt maximum 4 f\u0151 hallgat\u00f3i l\u00e9tsz\u00e1mmal hirdetj\u00fck meg az intenz\u00edv tr\u00e9ning\u00fcnket id\u00e9n \u0151sszel.<\/p><p><strong>Id\u0151pont:\u00a0<\/strong><\/p><ul><li>2026. \u00e1prilis 12, vas\u00e1rnap, 17.00 &#8211; 2026. \u00e1prilis 16, szerda, 12.00 &#8211;\u00a0<strong>MEGTELT<\/strong><\/li><li>2026. \u00e1prilis 16, szerda, 14.00 &#8211; 2026. \u00e1prilis 20, vas\u00e1rnap, 9.00 &#8211; <strong>k\u00e9t szabad hely last minute kedvezm\u00e9nnyel<\/strong><\/li><\/ul><p><strong>Helysz\u00edn<\/strong>: Trogir, Marina Baotic<\/p><p><strong>Tematika:<\/strong>\u00a0katamar\u00e1n \u00e9s egytest\u0171 haj\u00f3 kezel\u00e9s\u00e9nek k\u00fcl\u00f6nbs\u00e9gei, elindul\u00e1s, kik\u00f6t\u00e9s, horgonyz\u00e1s, biztons\u00e1gos man\u0151verez\u00e9s.<\/p><p><b>\u00c1r: 930\u20ac\/f\u0151<\/b><\/p><p><b>Amit tartalmaz<\/b>:<br \/><img decoding=\"async\" class=\"emoji\" role=\"img\" draggable=\"false\" src=\"https:\/\/s.w.org\/images\/core\/emoji\/15.0.3\/svg\/2714.svg\" alt=\"\u2714\ufe0f\" \/> katamar\u00e1n b\u00e9rleti d\u00edja<br \/><img decoding=\"async\" class=\"emoji\" role=\"img\" draggable=\"false\" src=\"https:\/\/s.w.org\/images\/core\/emoji\/15.0.3\/svg\/2714.svg\" alt=\"\u2714\ufe0f\" \/> saj\u00e1t kabin, saj\u00e1t f\u00fcrd\u0151szoba<br \/><img decoding=\"async\" class=\"emoji\" role=\"img\" draggable=\"false\" src=\"https:\/\/s.w.org\/images\/core\/emoji\/15.0.3\/svg\/2714.svg\" alt=\"\u2714\ufe0f\" \/> magyar nyelv\u0171 oktat\u00f3<br \/><img decoding=\"async\" class=\"emoji\" role=\"img\" draggable=\"false\" src=\"https:\/\/s.w.org\/images\/core\/emoji\/15.0.3\/svg\/2714.svg\" alt=\"\u2714\ufe0f\" \/> takar\u00edt\u00e1si d\u00edj, \u00e1gynem\u0171<br \/><img decoding=\"async\" class=\"emoji\" role=\"img\" draggable=\"false\" src=\"https:\/\/s.w.org\/images\/core\/emoji\/15.0.3\/svg\/2714.svg\" alt=\"\u2714\ufe0f\" \/> kik\u00f6t\u0151d\u00edj a b\u00e1ziskik\u00f6t\u0151ben<br \/><img decoding=\"async\" class=\"emoji\" role=\"img\" draggable=\"false\" src=\"https:\/\/s.w.org\/images\/core\/emoji\/15.0.3\/svg\/2714.svg\" alt=\"\u2714\ufe0f\" \/> kauci\u00f3-biztos\u00edt\u00e1s<br \/><img decoding=\"async\" class=\"emoji\" role=\"img\" draggable=\"false\" src=\"https:\/\/s.w.org\/images\/core\/emoji\/15.0.3\/svg\/2714.svg\" alt=\"\u2714\ufe0f\" \/> idegenforgalmi ad\u00f3<\/p><p><img decoding=\"async\" class=\"emoji\" role=\"img\" draggable=\"false\" src=\"https:\/\/s.w.org\/images\/core\/emoji\/15.0.3\/svg\/274c.svg\" alt=\"\u274c\" \/> Az \u00e1r nem tartalmazza az utaz\u00e1sok \u00e9s az \u00e9tkez\u00e9sek k\u00f6lts\u00e9geit, a vend\u00e9gkik\u00f6t\u0151k \u00e9s az elhaszn\u00e1lt \u00fczemanyag \u00e1r\u00e1t, valamint a minidepozitot (1250 eur, ezt ar\u00e1nyosan osztj\u00e1k el a r\u00e9szt vev\u0151k egym\u00e1s k\u00f6z\u00f6tt), tov\u00e1bb\u00e1 a skipper \u00e9tkez\u00e9s\u00e9r\u0151l \u00e9s utaztat\u00e1s\u00e1r\u00f3l a csapatoknak kell gondoskodniuk.<\/p><p><strong>Mi\u00e9rt v\u00e1laszd a mi tanfolyamunkat?<\/strong><\/p><p><img decoding=\"async\" class=\"emoji\" role=\"img\" draggable=\"false\" src=\"https:\/\/s.w.org\/images\/core\/emoji\/15.0.3\/svg\/2714.svg\" alt=\"\u2714\ufe0f\" \/> Tapasztalt oktat\u00f3 seg\u00edti tanul\u00e1sodat, aki \u00e1t is szeretn\u00e9, \u00e9s \u00e1t is tudja adni a tud\u00e1s\u00e1t<br \/><img decoding=\"async\" class=\"emoji\" role=\"img\" draggable=\"false\" src=\"https:\/\/s.w.org\/images\/core\/emoji\/15.0.3\/svg\/2714.svg\" alt=\"\u2714\ufe0f\" \/> Max. 4 f\u0151 hallgat\u00f3i l\u00e9tsz\u00e1m, hogy minden man\u0151ver gyakorl\u00e1s\u00e1ra legyen el\u00e9g id\u0151<br \/><img decoding=\"async\" class=\"emoji\" role=\"img\" draggable=\"false\" src=\"https:\/\/s.w.org\/images\/core\/emoji\/15.0.3\/svg\/2714.svg\" alt=\"\u2714\ufe0f\" \/> T\u00e1gas, j\u00f3l felszerelt, fiatal katamar\u00e1n, hogy j\u00f3l is \u00e9rezd magad a tanfolyam idej\u00e9n<\/p><p><strong><img decoding=\"async\" class=\"emoji\" role=\"img\" draggable=\"false\" src=\"https:\/\/s.w.org\/images\/core\/emoji\/15.0.3\/svg\/2795.svg\" alt=\"\u2795\" \/> Kiv\u00e1l\u00f3 aj\u00e1nd\u00e9k!<\/strong><\/p><p>Korl\u00e1tozott sz\u00e1mban lehet\u0151s\u00e9g van k\u00e9t f\u0151 elhelyez\u00e9sre egy kabinban, 1.230 Euro\/kabin \u00e1ron. Aj\u00e1nd\u00e9kba is adhatod a tr\u00e9ninget, \u00fagy, hogy Te is ott legy\u00e9l, vagy hozhatsz magaddal k\u00eds\u00e9r\u0151t.<\/p><p>Jelentkezni \u00e9s \u00e9rdekl\u0151dni lehet ismert el\u00e9rhet\u0151s\u00e9geinken!<\/p>\t\t\t\t\t\t\t\t<\/div>\n\t\t\t\t<\/div>\n\t\t\t\t\t<\/div>\n\t\t<\/div>\n\t\t\t\t\t<\/div>\n\t\t<\/section>\n\t\t\t\t<\/div>\n\t\t","protected":false},"excerpt":{"rendered":"<p>Katamar\u00e1n tr\u00e9ning \u00c9rdekel a katamar\u00e1n b\u00e9rl\u00e9s? Friss\u00edten\u00e9d m\u00e1r megl\u00e9v\u0151 tud\u00e1sod? Nem vagy biztos a man\u0151verekben? Id\u00e9n is meghirdetj\u00fck tavaszi \u00e9s \u0151szi n\u00e9gynapos intenz\u00edv katamar\u00e1n tr\u00e9ning\u00fcnket! Tanfolyamunkat els\u0151sorban azok sz\u00e1m\u00e1ra aj\u00e1nljuk, akik m\u00e1r rendelkeznek megfelel\u0151 tapasztalattal a vitorl\u00e1z\u00e1sban, de a t\u00f6bbtest\u0171 haj\u00f3z\u00e1st csak most kezdik, vagy csak szeretn\u00e9k kor\u00e1bbi ismereteiket friss\u00edteni, b\u0151v\u00edteni.\u00a0 Ezen a linken megn\u00e9zhettek [&hellip;]<\/p>\n","protected":false},"author":3,"featured_media":0,"parent":0,"menu_order":0,"comment_status":"closed","ping_status":"closed","template":"","meta":{"footnotes":""},"class_list":["post-4754","page","type-page","status-publish","hentry","entry","owp-thumbs-layout-horizontal","owp-btn-normal","owp-tabs-layout-horizontal","has-no-thumbnails","has-product-nav"],"yoast_head":"<!-- This site is optimized with the Yoast SEO plugin v27.2 - https:\/\/yoast.com\/product\/yoast-seo-wordpress\/ -->\n<title>Katamar\u00e1n tr\u00e9ning | Vitorl\u00e1s k\u00e9pz\u00e9s Adria | Candor.hu<\/title>\n<meta name=\"description\" content=\"Nem vagy biztos a man\u0151verekben? Friss\u00edtsd a megl\u00e9v\u0151 tud\u00e1sod! Id\u00e9n is meghirdetj\u00fck tavaszi n\u00e9gynapos intenz\u00edv katamar\u00e1n tr\u00e9ning\u00fcnket!\" \/>\n<meta name=\"robots\" content=\"index, follow, max-snippet:-1, max-image-preview:large, max-video-preview:-1\" \/>\n<link rel=\"canonical\" href=\"https:\/\/candor.hu\/index.php\/katamaran-trening\/\" \/>\n<meta property=\"og:locale\" content=\"hu_HU\" \/>\n<meta property=\"og:type\" content=\"article\" \/>\n<meta property=\"og:title\" content=\"Katamar\u00e1n tr\u00e9ning | Vitorl\u00e1s k\u00e9pz\u00e9s Adria | Candor.hu\" \/>\n<meta property=\"og:description\" content=\"Nem vagy biztos a man\u0151verekben? Friss\u00edtsd a megl\u00e9v\u0151 tud\u00e1sod! Id\u00e9n is meghirdetj\u00fck tavaszi n\u00e9gynapos intenz\u00edv katamar\u00e1n tr\u00e9ning\u00fcnket!\" \/>\n<meta property=\"og:url\" content=\"https:\/\/candor.hu\/index.php\/katamaran-trening\/\" \/>\n<meta property=\"og:site_name\" content=\"Candor\" \/>\n<meta property=\"article:modified_time\" content=\"2026-03-29T17:06:10+00:00\" \/>\n<meta property=\"og:image\" content=\"https:\/\/s.w.org\/images\/core\/emoji\/15.0.3\/svg\/2714.svg\" \/>\n<meta name=\"twitter:card\" content=\"summary_large_image\" \/>\n<meta name=\"twitter:label1\" content=\"Becs\u00fclt olvas\u00e1si id\u0151\" \/>\n\t<meta name=\"twitter:data1\" content=\"5 perc\" \/>\n<script type=\"application\/ld+json\" class=\"yoast-schema-graph\">{\"@context\":\"https:\/\/schema.org\",\"@graph\":[{\"@type\":\"WebPage\",\"@id\":\"https:\/\/candor.hu\/index.php\/katamaran-trening\/\",\"url\":\"https:\/\/candor.hu\/index.php\/katamaran-trening\/\",\"name\":\"Katamar\u00e1n tr\u00e9ning | Vitorl\u00e1s k\u00e9pz\u00e9s Adria | Candor.hu\",\"isPartOf\":{\"@id\":\"https:\/\/candor.hu\/#website\"},\"primaryImageOfPage\":{\"@id\":\"https:\/\/candor.hu\/index.php\/katamaran-trening\/#primaryimage\"},\"image\":{\"@id\":\"https:\/\/candor.hu\/index.php\/katamaran-trening\/#primaryimage\"},\"thumbnailUrl\":\"https:\/\/s.w.org\/images\/core\/emoji\/15.0.3\/svg\/2714.svg\",\"datePublished\":\"2024-04-02T21:19:55+00:00\",\"dateModified\":\"2026-03-29T17:06:10+00:00\",\"description\":\"Nem vagy biztos a man\u0151verekben? Friss\u00edtsd a megl\u00e9v\u0151 tud\u00e1sod! Id\u00e9n is meghirdetj\u00fck tavaszi n\u00e9gynapos intenz\u00edv katamar\u00e1n tr\u00e9ning\u00fcnket!\",\"breadcrumb\":{\"@id\":\"https:\/\/candor.hu\/index.php\/katamaran-trening\/#breadcrumb\"},\"inLanguage\":\"hu\",\"potentialAction\":[{\"@type\":\"ReadAction\",\"target\":[\"https:\/\/candor.hu\/index.php\/katamaran-trening\/\"]}]},{\"@type\":\"ImageObject\",\"inLanguage\":\"hu\",\"@id\":\"https:\/\/candor.hu\/index.php\/katamaran-trening\/#primaryimage\",\"url\":\"https:\/\/s.w.org\/images\/core\/emoji\/15.0.3\/svg\/2714.svg\",\"contentUrl\":\"https:\/\/s.w.org\/images\/core\/emoji\/15.0.3\/svg\/2714.svg\"},{\"@type\":\"BreadcrumbList\",\"@id\":\"https:\/\/candor.hu\/index.php\/katamaran-trening\/#breadcrumb\",\"itemListElement\":[{\"@type\":\"ListItem\",\"position\":1,\"name\":\"Kezd\u0151lap\",\"item\":\"https:\/\/candor.hu\/\"},{\"@type\":\"ListItem\",\"position\":2,\"name\":\"Katamar\u00e1n tr\u00e9ning\"}]},{\"@type\":\"WebSite\",\"@id\":\"https:\/\/candor.hu\/#website\",\"url\":\"https:\/\/candor.hu\/\",\"name\":\"Candor\",\"description\":\"\",\"publisher\":{\"@id\":\"https:\/\/candor.hu\/#organization\"},\"potentialAction\":[{\"@type\":\"SearchAction\",\"target\":{\"@type\":\"EntryPoint\",\"urlTemplate\":\"https:\/\/candor.hu\/?s={search_term_string}\"},\"query-input\":{\"@type\":\"PropertyValueSpecification\",\"valueRequired\":true,\"valueName\":\"search_term_string\"}}],\"inLanguage\":\"hu\"},{\"@type\":\"Organization\",\"@id\":\"https:\/\/candor.hu\/#organization\",\"name\":\"Candor\",\"url\":\"https:\/\/candor.hu\/\",\"logo\":{\"@type\":\"ImageObject\",\"inLanguage\":\"hu\",\"@id\":\"https:\/\/candor.hu\/#\/schema\/logo\/image\/\",\"url\":\"https:\/\/candor.hu\/wp-content\/uploads\/2023\/05\/cropped-candorlogo-01.png\",\"contentUrl\":\"https:\/\/candor.hu\/wp-content\/uploads\/2023\/05\/cropped-candorlogo-01.png\",\"width\":754,\"height\":206,\"caption\":\"Candor\"},\"image\":{\"@id\":\"https:\/\/candor.hu\/#\/schema\/logo\/image\/\"}}]}<\/script>\n<!-- \/ Yoast SEO plugin. -->","yoast_head_json":{"title":"Katamar\u00e1n tr\u00e9ning | Vitorl\u00e1s k\u00e9pz\u00e9s Adria | Candor.hu","description":"Nem vagy biztos a man\u0151verekben? Friss\u00edtsd a megl\u00e9v\u0151 tud\u00e1sod! Id\u00e9n is meghirdetj\u00fck tavaszi n\u00e9gynapos intenz\u00edv katamar\u00e1n tr\u00e9ning\u00fcnket!","robots":{"index":"index","follow":"follow","max-snippet":"max-snippet:-1","max-image-preview":"max-image-preview:large","max-video-preview":"max-video-preview:-1"},"canonical":"https:\/\/candor.hu\/index.php\/katamaran-trening\/","og_locale":"hu_HU","og_type":"article","og_title":"Katamar\u00e1n tr\u00e9ning | Vitorl\u00e1s k\u00e9pz\u00e9s Adria | Candor.hu","og_description":"Nem vagy biztos a man\u0151verekben? Friss\u00edtsd a megl\u00e9v\u0151 tud\u00e1sod! Id\u00e9n is meghirdetj\u00fck tavaszi n\u00e9gynapos intenz\u00edv katamar\u00e1n tr\u00e9ning\u00fcnket!","og_url":"https:\/\/candor.hu\/index.php\/katamaran-trening\/","og_site_name":"Candor","article_modified_time":"2026-03-29T17:06:10+00:00","og_image":[{"url":"https:\/\/s.w.org\/images\/core\/emoji\/15.0.3\/svg\/2714.svg","type":"","width":"","height":""}],"twitter_card":"summary_large_image","twitter_misc":{"Becs\u00fclt olvas\u00e1si id\u0151":"5 perc"},"schema":{"@context":"https:\/\/schema.org","@graph":[{"@type":"WebPage","@id":"https:\/\/candor.hu\/index.php\/katamaran-trening\/","url":"https:\/\/candor.hu\/index.php\/katamaran-trening\/","name":"Katamar\u00e1n tr\u00e9ning | Vitorl\u00e1s k\u00e9pz\u00e9s Adria | Candor.hu","isPartOf":{"@id":"https:\/\/candor.hu\/#website"},"primaryImageOfPage":{"@id":"https:\/\/candor.hu\/index.php\/katamaran-trening\/#primaryimage"},"image":{"@id":"https:\/\/candor.hu\/index.php\/katamaran-trening\/#primaryimage"},"thumbnailUrl":"https:\/\/s.w.org\/images\/core\/emoji\/15.0.3\/svg\/2714.svg","datePublished":"2024-04-02T21:19:55+00:00","dateModified":"2026-03-29T17:06:10+00:00","description":"Nem vagy biztos a man\u0151verekben? Friss\u00edtsd a megl\u00e9v\u0151 tud\u00e1sod! Id\u00e9n is meghirdetj\u00fck tavaszi n\u00e9gynapos intenz\u00edv katamar\u00e1n tr\u00e9ning\u00fcnket!","breadcrumb":{"@id":"https:\/\/candor.hu\/index.php\/katamaran-trening\/#breadcrumb"},"inLanguage":"hu","potentialAction":[{"@type":"ReadAction","target":["https:\/\/candor.hu\/index.php\/katamaran-trening\/"]}]},{"@type":"ImageObject","inLanguage":"hu","@id":"https:\/\/candor.hu\/index.php\/katamaran-trening\/#primaryimage","url":"https:\/\/s.w.org\/images\/core\/emoji\/15.0.3\/svg\/2714.svg","contentUrl":"https:\/\/s.w.org\/images\/core\/emoji\/15.0.3\/svg\/2714.svg"},{"@type":"BreadcrumbList","@id":"https:\/\/candor.hu\/index.php\/katamaran-trening\/#breadcrumb","itemListElement":[{"@type":"ListItem","position":1,"name":"Kezd\u0151lap","item":"https:\/\/candor.hu\/"},{"@type":"ListItem","position":2,"name":"Katamar\u00e1n tr\u00e9ning"}]},{"@type":"WebSite","@id":"https:\/\/candor.hu\/#website","url":"https:\/\/candor.hu\/","name":"Candor","description":"","publisher":{"@id":"https:\/\/candor.hu\/#organization"},"potentialAction":[{"@type":"SearchAction","target":{"@type":"EntryPoint","urlTemplate":"https:\/\/candor.hu\/?s={search_term_string}"},"query-input":{"@type":"PropertyValueSpecification","valueRequired":true,"valueName":"search_term_string"}}],"inLanguage":"hu"},{"@type":"Organization","@id":"https:\/\/candor.hu\/#organization","name":"Candor","url":"https:\/\/candor.hu\/","logo":{"@type":"ImageObject","inLanguage":"hu","@id":"https:\/\/candor.hu\/#\/schema\/logo\/image\/","url":"https:\/\/candor.hu\/wp-content\/uploads\/2023\/05\/cropped-candorlogo-01.png","contentUrl":"https:\/\/candor.hu\/wp-content\/uploads\/2023\/05\/cropped-candorlogo-01.png","width":754,"height":206,"caption":"Candor"},"image":{"@id":"https:\/\/candor.hu\/#\/schema\/logo\/image\/"}}]}},"jetpack_sharing_enabled":true,"_links":{"self":[{"href":"https:\/\/candor.hu\/index.php\/wp-json\/wp\/v2\/pages\/4754","targetHints":{"allow":["GET"]}}],"collection":[{"href":"https:\/\/candor.hu\/index.php\/wp-json\/wp\/v2\/pages"}],"about":[{"href":"https:\/\/candor.hu\/index.php\/wp-json\/wp\/v2\/types\/page"}],"author":[{"embeddable":true,"href":"https:\/\/candor.hu\/index.php\/wp-json\/wp\/v2\/users\/3"}],"replies":[{"embeddable":true,"href":"https:\/\/candor.hu\/index.php\/wp-json\/wp\/v2\/comments?post=4754"}],"version-history":[{"count":73,"href":"https:\/\/candor.hu\/index.php\/wp-json\/wp\/v2\/pages\/4754\/revisions"}],"predecessor-version":[{"id":6497,"href":"https:\/\/candor.hu\/index.php\/wp-json\/wp\/v2\/pages\/4754\/revisions\/6497"}],"wp:attachment":[{"href":"https:\/\/candor.hu\/index.php\/wp-json\/wp\/v2\/media?parent=4754"}],"curies":[{"name":"wp","href":"https:\/\/api.w.org\/{rel}","templated":true}]}}