{"id":4759,"date":"2024-04-02T21:21:06","date_gmt":"2024-04-02T21:21:06","guid":{"rendered":"https:\/\/candor.hu\/?page_id=4759"},"modified":"2025-08-20T13:25:34","modified_gmt":"2025-08-20T13:25:34","slug":"oszi-tura","status":"publish","type":"page","link":"https:\/\/candor.hu\/index.php\/oszi-tura\/","title":{"rendered":"\u0150szi t\u00fara"},"content":{"rendered":"\t\t<div data-elementor-type=\"wp-page\" data-elementor-id=\"4759\" class=\"elementor elementor-4759\" data-elementor-post-type=\"page\">\n\t\t\t\t\t\t<section class=\"elementor-section elementor-top-section elementor-element elementor-element-d0ec241 elementor-section-boxed elementor-section-height-default elementor-section-height-default\" data-id=\"d0ec241\" data-element_type=\"section\" data-e-type=\"section\">\n\t\t\t\t\t\t<div class=\"elementor-container elementor-column-gap-default\">\n\t\t\t\t\t<div class=\"elementor-column elementor-col-100 elementor-top-column elementor-element elementor-element-af72dde\" data-id=\"af72dde\" data-element_type=\"column\" data-e-type=\"column\">\n\t\t\t<div class=\"elementor-widget-wrap elementor-element-populated\">\n\t\t\t\t\t\t<div class=\"elementor-element elementor-element-231b196 de_scroll_animation_no elementor-widget elementor-widget-spacer\" data-id=\"231b196\" data-element_type=\"widget\" data-e-type=\"widget\" data-widget_type=\"spacer.default\">\n\t\t\t\t<div class=\"elementor-widget-container\">\n\t\t\t\t\t\t\t<div class=\"elementor-spacer\">\n\t\t\t<div class=\"elementor-spacer-inner\"><\/div>\n\t\t<\/div>\n\t\t\t\t\t\t<\/div>\n\t\t\t\t<\/div>\n\t\t\t\t\t<\/div>\n\t\t<\/div>\n\t\t\t\t\t<\/div>\n\t\t<\/section>\n\t\t\t\t<section class=\"elementor-section elementor-top-section elementor-element elementor-element-5a81b69 elementor-section-boxed elementor-section-height-default elementor-section-height-default\" data-id=\"5a81b69\" data-element_type=\"section\" data-e-type=\"section\">\n\t\t\t\t\t\t<div class=\"elementor-container elementor-column-gap-default\">\n\t\t\t\t\t<div class=\"elementor-column elementor-col-100 elementor-top-column elementor-element elementor-element-48c3217\" data-id=\"48c3217\" data-element_type=\"column\" data-e-type=\"column\">\n\t\t\t<div class=\"elementor-widget-wrap elementor-element-populated\">\n\t\t\t\t\t\t<div class=\"elementor-element elementor-element-562f09f de_scroll_animation_no elementor-widget elementor-widget-text-editor\" data-id=\"562f09f\" data-element_type=\"widget\" data-e-type=\"widget\" data-widget_type=\"text-editor.default\">\n\t\t\t\t<div class=\"elementor-widget-container\">\n\t\t\t\t\t\t\t\t\t<p class=\"p1\"><strong>Kedves Candor Vitorl\u00e1z\u00f3k!<\/strong><\/p><p class=\"p1\">Tavaly sikeres volt, ez\u00e9rt id\u00e9n is megism\u00e9telj\u00fck a verseny \u00e9s t\u00fara komb\u00f3t, kezdve a Viska Regatta csapat\u00e1ssal, befejezve egy kiad\u00f3s vitorl\u00e1st\u00far\u00e1val. R\u00e9szt lehet venni mindkett\u0151n is, de k\u00fcl\u00f6n-k\u00fcl\u00f6n is v\u00e1runk szeretettel!<\/p><p><img fetchpriority=\"high\" decoding=\"async\" class=\"alignnone size-full wp-image-5316\" src=\"https:\/\/candor.hu\/wp-content\/uploads\/2024\/08\/DSCF6410.jpg\" alt=\"\" width=\"2048\" height=\"1152\" srcset=\"https:\/\/candor.hu\/wp-content\/uploads\/2024\/08\/DSCF6410.jpg 2048w, https:\/\/candor.hu\/wp-content\/uploads\/2024\/08\/DSCF6410-300x169.jpg 300w, https:\/\/candor.hu\/wp-content\/uploads\/2024\/08\/DSCF6410-1024x576.jpg 1024w, https:\/\/candor.hu\/wp-content\/uploads\/2024\/08\/DSCF6410-768x432.jpg 768w, https:\/\/candor.hu\/wp-content\/uploads\/2024\/08\/DSCF6410-1536x864.jpg 1536w, https:\/\/candor.hu\/wp-content\/uploads\/2024\/08\/DSCF6410-800x450.jpg 800w, https:\/\/candor.hu\/wp-content\/uploads\/2024\/08\/DSCF6410-1320x743.jpg 1320w\" sizes=\"(max-width: 2048px) 100vw, 2048px\" \/><\/p><p class=\"p5\"><strong>A program &#8211; Viska Regatta<\/strong><\/p><p class=\"p1\">okt\u00f3ber 16. cs\u00fct\u00f6rt\u00f6k \u00e9rkez\u00e9s, majd edz\u00e9s \u00e9s taktikai vacsora<\/p><p class=\"p1\">okt\u00f3ber 17. 7:00 indul\u00e1s Kastel\u00e1r\u00f3l<\/p><p class=\"p1\">8:00 rajt Splitben (sz\u00e9lcsend eset\u00e9n m\u00f3dosulhat) kb. 16:00 befut\u00f3 Visen<\/p><p class=\"p1\">okt\u00f3ber 18. pihen\u0151nap, p\u00e1lyaversenyek Vis \u00f6b\u00f6lben, bork\u00f3stol\u00e1s, k\u00f6z\u00f6s d\u00e9lut\u00e1ni konob\u00e1z\u00e1s<\/p><p class=\"p1\">okt\u00f3ber 19. 8:00 rajt Visen, kb 16:00 befut\u00f3 Splitben, 20:00 eredm\u00e9nyhirdet\u00e9s, g\u00e1lavacsora Splitben<\/p><p class=\"p1\">okt\u00f3ber 20. levezet\u0151 edz\u00e9s, pihen\u0151nap, \u00f6r\u00f6mvitorl\u00e1z\u00e1s, vagy v\u00e1rosn\u00e9z\u00e9s<\/p><p><strong>A program &#8211; CCC<\/strong><\/p><p class=\"p1\">okt\u00f3ber 21. kedd \u00e9rkez\u00e9s, haj\u00f3\u00e1tv\u00e9tel, vitorl\u00e1z\u00e1s az \u00f6b\u00f6lben<\/p><p class=\"p1\">okt\u00f3ber 22-25 t\u00fara a sz\u00e9l szerint, napi 6-8 \u00f3ra vitorl\u00e1z\u00e1ssal.<\/p><p class=\"p1\">okt\u00f3ber 26. vas\u00e1rnap reggel hazaindul\u00e1s<\/p><p class=\"p1\">Mindk\u00e9t t\u00far\u00e1n lesz k\u00f6z\u00f6s vacsora, aj\u00e1nd\u00e9k, reggelente korm\u00e1nyosi k\u00e1v\u00e9, sok-sok vitorl\u00e1z\u00e1s, \u00e9lm\u00e9nybesz\u00e1mol\u00f3k, s\u00fct\u00e9s-f\u0151z\u00e9s, akt\u00edv pihen\u00e9s, hogy ill\u0151 m\u00f3don b\u00facs\u00fazzunk el a szezont\u00f3l!<\/p><p class=\"p1\">K\u00fcldd tov\u00e1bb, a megh\u00edv\u00e1st, sz\u00f3lj azoknak a bar\u00e1toknak, csal\u00e1dtagoknak, akik nem \u00e9rtik, mi a j\u00f3 a vitorl\u00e1z\u00e1sban! Ha itt nem \u00e9rtik meg, akkor soha\u2026<\/p><p>\u00a0<\/p><p class=\"p1\">A r\u00e9szv\u00e9teli d\u00edj a haj\u00f3nk\u00e9nt megadott l\u00e9tsz\u00e1mra sz\u00f3l, tartalmazza a b\u00e9rleti d\u00edjat, a tranzit log, idegenforgalmi ad\u00f3, \u00fczemanyag, kauci\u00f3biztos\u00edt\u00e1s \u00e1r\u00e1t, a k\u00f6z\u00f6s vacsor\u00e1t, \u00e9s az aj\u00e1nd\u00e9kot. Kauci\u00f3t ezen a programon tov\u00e1bbra sem k\u00e9r\u00fcnk, csak annyit v\u00e1ltoztatunk a kor\u00e1bbiakhoz k\u00e9pest, hogy a saj\u00e1t hib\u00e1b\u00f3l keletkezett k\u00e1rok\u00e9rt a kislet\u00e9t erej\u00e9ig mindenki felel.<\/p><p class=\"p1\">Mindk\u00e9t esem\u00e9nyre van a haj\u00f3nk\u00e9nti, \u00e9s egy\u00e9ni r\u00e9szv\u00e9teli d\u00edj. Az egy\u00e9ni r\u00e9sztvev\u0151ket igyeksz\u00fcnk \u00fagy elhelyezni, hogy mindenki j\u00f3l \u00e9rezhesse mag\u00e1t, de t\u0151l\u00fck az\u00e9rt nagyobb rugalmass\u00e1gra van sz\u00fcks\u00e9g, viszont ak\u00e1r saj\u00e1t kabint is lehet b\u00e9relni. A rendelkez\u00e9sre \u00e1ll\u00f3 haj\u00f3k a k\u00f6vetkez\u0151k:<\/p><p class=\"p1\"><img decoding=\"async\" class=\"alignnone size-medium wp-image-5970\" src=\"https:\/\/candor.hu\/wp-content\/uploads\/2025\/08\/Screenshot-2025-08-20-at-3.24.57-PM-300x241.png\" alt=\"\" width=\"300\" height=\"241\" srcset=\"https:\/\/candor.hu\/wp-content\/uploads\/2025\/08\/Screenshot-2025-08-20-at-3.24.57-PM-300x241.png 300w, https:\/\/candor.hu\/wp-content\/uploads\/2025\/08\/Screenshot-2025-08-20-at-3.24.57-PM-1024x824.png 1024w, https:\/\/candor.hu\/wp-content\/uploads\/2025\/08\/Screenshot-2025-08-20-at-3.24.57-PM-768x618.png 768w, https:\/\/candor.hu\/wp-content\/uploads\/2025\/08\/Screenshot-2025-08-20-at-3.24.57-PM-1320x1062.png 1320w, https:\/\/candor.hu\/wp-content\/uploads\/2025\/08\/Screenshot-2025-08-20-at-3.24.57-PM-600x483.png 600w, https:\/\/candor.hu\/wp-content\/uploads\/2025\/08\/Screenshot-2025-08-20-at-3.24.57-PM.png 1394w\" sizes=\"(max-width: 300px) 100vw, 300px\" \/>A foglal\u00e1sokat \u00e9rkez\u00e9si sorrendben igazoljuk vissza, a meger\u0151s\u00edt\u00e9shez 50% el\u0151leget k\u00e9r\u00fcnk. A megjel\u00f6ltt\u0151l elt\u00e9r\u0151 l\u00e9tsz\u00e1m eset\u00e9n fejenk\u00e9nt 130 eur\u00f3val sz\u00e1moljuk az \u00e1rk\u00fcl\u00f6nbs\u00e9get.<\/p><p class=\"p1\">V\u00e1rjuk a visszajelz\u00e9seket, k\u00e9rd\u00e9seket, \u00e9s term\u00e9szetesen a jelentkez\u00e9st!<\/p><p class=\"p1\">Bar\u00e1ti \u00fcdv\u00f6zlettel:<\/p><p class=\"p1\">a Candor Charter Csapat<\/p><p><img decoding=\"async\" class=\"alignnone size-full wp-image-5313\" src=\"https:\/\/candor.hu\/wp-content\/uploads\/2024\/08\/B0264901-4C3B-4DF3-A31E-5E71EF8A9929_1_102_o.jpeg\" alt=\"\" width=\"2048\" height=\"1536\" srcset=\"https:\/\/candor.hu\/wp-content\/uploads\/2024\/08\/B0264901-4C3B-4DF3-A31E-5E71EF8A9929_1_102_o.jpeg 2048w, https:\/\/candor.hu\/wp-content\/uploads\/2024\/08\/B0264901-4C3B-4DF3-A31E-5E71EF8A9929_1_102_o-300x225.jpeg 300w, https:\/\/candor.hu\/wp-content\/uploads\/2024\/08\/B0264901-4C3B-4DF3-A31E-5E71EF8A9929_1_102_o-1024x768.jpeg 1024w, https:\/\/candor.hu\/wp-content\/uploads\/2024\/08\/B0264901-4C3B-4DF3-A31E-5E71EF8A9929_1_102_o-768x576.jpeg 768w, https:\/\/candor.hu\/wp-content\/uploads\/2024\/08\/B0264901-4C3B-4DF3-A31E-5E71EF8A9929_1_102_o-1536x1152.jpeg 1536w, https:\/\/candor.hu\/wp-content\/uploads\/2024\/08\/B0264901-4C3B-4DF3-A31E-5E71EF8A9929_1_102_o-1320x990.jpeg 1320w\" sizes=\"(max-width: 2048px) 100vw, 2048px\" \/><\/p>\t\t\t\t\t\t\t\t<\/div>\n\t\t\t\t<\/div>\n\t\t\t\t\t<\/div>\n\t\t<\/div>\n\t\t\t\t\t<\/div>\n\t\t<\/section>\n\t\t\t\t<\/div>\n\t\t","protected":false},"excerpt":{"rendered":"<p>Kedves Candor Vitorl\u00e1z\u00f3k! Tavaly sikeres volt, ez\u00e9rt id\u00e9n is megism\u00e9telj\u00fck a verseny \u00e9s t\u00fara komb\u00f3t, kezdve a Viska Regatta csapat\u00e1ssal, befejezve egy kiad\u00f3s vitorl\u00e1st\u00far\u00e1val. R\u00e9szt lehet venni mindkett\u0151n is, de k\u00fcl\u00f6n-k\u00fcl\u00f6n is v\u00e1runk szeretettel! A program &#8211; Viska Regatta okt\u00f3ber 16. cs\u00fct\u00f6rt\u00f6k \u00e9rkez\u00e9s, majd edz\u00e9s \u00e9s taktikai vacsora okt\u00f3ber 17. 7:00 indul\u00e1s Kastel\u00e1r\u00f3l 8:00 rajt [&hellip;]<\/p>\n","protected":false},"author":3,"featured_media":0,"parent":0,"menu_order":0,"comment_status":"closed","ping_status":"closed","template":"","meta":{"footnotes":""},"class_list":["post-4759","page","type-page","status-publish","hentry","entry","owp-thumbs-layout-horizontal","owp-btn-normal","owp-tabs-layout-horizontal","has-no-thumbnails","has-product-nav"],"yoast_head":"<!-- This site is optimized with the Yoast SEO plugin v27.2 - https:\/\/yoast.com\/product\/yoast-seo-wordpress\/ -->\n<title>\u0150szi vitorl\u00e1s t\u00fara Horv\u00e1torsz\u00e1gban | Haj\u00f3 k\u00f6lcs\u00f6nz\u0151 Adria | Candor.hu<\/title>\n<meta name=\"description\" content=\"Az \u0151szi vitorl\u00e1s t\u00fara Horv\u00e1torsz\u00e1gban sok szervez\u00e9st ig\u00e9nyel, melyet m\u00e1r ny\u00e1ron el kell kezdeni, ha azt szeretn\u00e9nk, hogy minden z\u00f6kken\u0151mentesen t\u00f6rt\u00e9njen.\" \/>\n<meta name=\"robots\" content=\"index, follow, max-snippet:-1, max-image-preview:large, max-video-preview:-1\" \/>\n<link rel=\"canonical\" href=\"https:\/\/candor.hu\/index.php\/oszi-tura\/\" \/>\n<meta property=\"og:locale\" content=\"hu_HU\" \/>\n<meta property=\"og:type\" content=\"article\" \/>\n<meta property=\"og:title\" content=\"\u0150szi vitorl\u00e1s t\u00fara Horv\u00e1torsz\u00e1gban | Haj\u00f3 k\u00f6lcs\u00f6nz\u0151 Adria | Candor.hu\" \/>\n<meta property=\"og:description\" content=\"Az \u0151szi vitorl\u00e1s t\u00fara Horv\u00e1torsz\u00e1gban sok szervez\u00e9st ig\u00e9nyel, melyet m\u00e1r ny\u00e1ron el kell kezdeni, ha azt szeretn\u00e9nk, hogy minden z\u00f6kken\u0151mentesen t\u00f6rt\u00e9njen.\" \/>\n<meta property=\"og:url\" content=\"https:\/\/candor.hu\/index.php\/oszi-tura\/\" \/>\n<meta property=\"og:site_name\" content=\"Candor\" \/>\n<meta property=\"article:modified_time\" content=\"2025-08-20T13:25:34+00:00\" \/>\n<meta property=\"og:image\" content=\"https:\/\/candor.hu\/wp-content\/uploads\/2024\/08\/DSCF6410.jpg\" \/>\n<meta name=\"twitter:card\" content=\"summary_large_image\" \/>\n<meta name=\"twitter:label1\" content=\"Becs\u00fclt olvas\u00e1si id\u0151\" \/>\n\t<meta name=\"twitter:data1\" content=\"3 perc\" \/>\n<script type=\"application\/ld+json\" class=\"yoast-schema-graph\">{\"@context\":\"https:\/\/schema.org\",\"@graph\":[{\"@type\":\"WebPage\",\"@id\":\"https:\/\/candor.hu\/index.php\/oszi-tura\/\",\"url\":\"https:\/\/candor.hu\/index.php\/oszi-tura\/\",\"name\":\"\u0150szi vitorl\u00e1s t\u00fara Horv\u00e1torsz\u00e1gban | Haj\u00f3 k\u00f6lcs\u00f6nz\u0151 Adria | Candor.hu\",\"isPartOf\":{\"@id\":\"https:\/\/candor.hu\/#website\"},\"primaryImageOfPage\":{\"@id\":\"https:\/\/candor.hu\/index.php\/oszi-tura\/#primaryimage\"},\"image\":{\"@id\":\"https:\/\/candor.hu\/index.php\/oszi-tura\/#primaryimage\"},\"thumbnailUrl\":\"https:\/\/candor.hu\/wp-content\/uploads\/2024\/08\/DSCF6410.jpg\",\"datePublished\":\"2024-04-02T21:21:06+00:00\",\"dateModified\":\"2025-08-20T13:25:34+00:00\",\"description\":\"Az \u0151szi vitorl\u00e1s t\u00fara Horv\u00e1torsz\u00e1gban sok szervez\u00e9st ig\u00e9nyel, melyet m\u00e1r ny\u00e1ron el kell kezdeni, ha azt szeretn\u00e9nk, hogy minden z\u00f6kken\u0151mentesen t\u00f6rt\u00e9njen.\",\"breadcrumb\":{\"@id\":\"https:\/\/candor.hu\/index.php\/oszi-tura\/#breadcrumb\"},\"inLanguage\":\"hu\",\"potentialAction\":[{\"@type\":\"ReadAction\",\"target\":[\"https:\/\/candor.hu\/index.php\/oszi-tura\/\"]}]},{\"@type\":\"ImageObject\",\"inLanguage\":\"hu\",\"@id\":\"https:\/\/candor.hu\/index.php\/oszi-tura\/#primaryimage\",\"url\":\"https:\/\/candor.hu\/wp-content\/uploads\/2024\/08\/DSCF6410.jpg\",\"contentUrl\":\"https:\/\/candor.hu\/wp-content\/uploads\/2024\/08\/DSCF6410.jpg\",\"width\":2048,\"height\":1152},{\"@type\":\"BreadcrumbList\",\"@id\":\"https:\/\/candor.hu\/index.php\/oszi-tura\/#breadcrumb\",\"itemListElement\":[{\"@type\":\"ListItem\",\"position\":1,\"name\":\"Kezd\u0151lap\",\"item\":\"https:\/\/candor.hu\/\"},{\"@type\":\"ListItem\",\"position\":2,\"name\":\"\u0150szi t\u00fara\"}]},{\"@type\":\"WebSite\",\"@id\":\"https:\/\/candor.hu\/#website\",\"url\":\"https:\/\/candor.hu\/\",\"name\":\"Candor\",\"description\":\"\",\"publisher\":{\"@id\":\"https:\/\/candor.hu\/#organization\"},\"potentialAction\":[{\"@type\":\"SearchAction\",\"target\":{\"@type\":\"EntryPoint\",\"urlTemplate\":\"https:\/\/candor.hu\/?s={search_term_string}\"},\"query-input\":{\"@type\":\"PropertyValueSpecification\",\"valueRequired\":true,\"valueName\":\"search_term_string\"}}],\"inLanguage\":\"hu\"},{\"@type\":\"Organization\",\"@id\":\"https:\/\/candor.hu\/#organization\",\"name\":\"Candor\",\"url\":\"https:\/\/candor.hu\/\",\"logo\":{\"@type\":\"ImageObject\",\"inLanguage\":\"hu\",\"@id\":\"https:\/\/candor.hu\/#\/schema\/logo\/image\/\",\"url\":\"https:\/\/candor.hu\/wp-content\/uploads\/2023\/05\/cropped-candorlogo-01.png\",\"contentUrl\":\"https:\/\/candor.hu\/wp-content\/uploads\/2023\/05\/cropped-candorlogo-01.png\",\"width\":754,\"height\":206,\"caption\":\"Candor\"},\"image\":{\"@id\":\"https:\/\/candor.hu\/#\/schema\/logo\/image\/\"}}]}<\/script>\n<!-- \/ Yoast SEO plugin. -->","yoast_head_json":{"title":"\u0150szi vitorl\u00e1s t\u00fara Horv\u00e1torsz\u00e1gban | Haj\u00f3 k\u00f6lcs\u00f6nz\u0151 Adria | Candor.hu","description":"Az \u0151szi vitorl\u00e1s t\u00fara Horv\u00e1torsz\u00e1gban sok szervez\u00e9st ig\u00e9nyel, melyet m\u00e1r ny\u00e1ron el kell kezdeni, ha azt szeretn\u00e9nk, hogy minden z\u00f6kken\u0151mentesen t\u00f6rt\u00e9njen.","robots":{"index":"index","follow":"follow","max-snippet":"max-snippet:-1","max-image-preview":"max-image-preview:large","max-video-preview":"max-video-preview:-1"},"canonical":"https:\/\/candor.hu\/index.php\/oszi-tura\/","og_locale":"hu_HU","og_type":"article","og_title":"\u0150szi vitorl\u00e1s t\u00fara Horv\u00e1torsz\u00e1gban | Haj\u00f3 k\u00f6lcs\u00f6nz\u0151 Adria | Candor.hu","og_description":"Az \u0151szi vitorl\u00e1s t\u00fara Horv\u00e1torsz\u00e1gban sok szervez\u00e9st ig\u00e9nyel, melyet m\u00e1r ny\u00e1ron el kell kezdeni, ha azt szeretn\u00e9nk, hogy minden z\u00f6kken\u0151mentesen t\u00f6rt\u00e9njen.","og_url":"https:\/\/candor.hu\/index.php\/oszi-tura\/","og_site_name":"Candor","article_modified_time":"2025-08-20T13:25:34+00:00","og_image":[{"url":"https:\/\/candor.hu\/wp-content\/uploads\/2024\/08\/DSCF6410.jpg","type":"","width":"","height":""}],"twitter_card":"summary_large_image","twitter_misc":{"Becs\u00fclt olvas\u00e1si id\u0151":"3 perc"},"schema":{"@context":"https:\/\/schema.org","@graph":[{"@type":"WebPage","@id":"https:\/\/candor.hu\/index.php\/oszi-tura\/","url":"https:\/\/candor.hu\/index.php\/oszi-tura\/","name":"\u0150szi vitorl\u00e1s t\u00fara Horv\u00e1torsz\u00e1gban | Haj\u00f3 k\u00f6lcs\u00f6nz\u0151 Adria | Candor.hu","isPartOf":{"@id":"https:\/\/candor.hu\/#website"},"primaryImageOfPage":{"@id":"https:\/\/candor.hu\/index.php\/oszi-tura\/#primaryimage"},"image":{"@id":"https:\/\/candor.hu\/index.php\/oszi-tura\/#primaryimage"},"thumbnailUrl":"https:\/\/candor.hu\/wp-content\/uploads\/2024\/08\/DSCF6410.jpg","datePublished":"2024-04-02T21:21:06+00:00","dateModified":"2025-08-20T13:25:34+00:00","description":"Az \u0151szi vitorl\u00e1s t\u00fara Horv\u00e1torsz\u00e1gban sok szervez\u00e9st ig\u00e9nyel, melyet m\u00e1r ny\u00e1ron el kell kezdeni, ha azt szeretn\u00e9nk, hogy minden z\u00f6kken\u0151mentesen t\u00f6rt\u00e9njen.","breadcrumb":{"@id":"https:\/\/candor.hu\/index.php\/oszi-tura\/#breadcrumb"},"inLanguage":"hu","potentialAction":[{"@type":"ReadAction","target":["https:\/\/candor.hu\/index.php\/oszi-tura\/"]}]},{"@type":"ImageObject","inLanguage":"hu","@id":"https:\/\/candor.hu\/index.php\/oszi-tura\/#primaryimage","url":"https:\/\/candor.hu\/wp-content\/uploads\/2024\/08\/DSCF6410.jpg","contentUrl":"https:\/\/candor.hu\/wp-content\/uploads\/2024\/08\/DSCF6410.jpg","width":2048,"height":1152},{"@type":"BreadcrumbList","@id":"https:\/\/candor.hu\/index.php\/oszi-tura\/#breadcrumb","itemListElement":[{"@type":"ListItem","position":1,"name":"Kezd\u0151lap","item":"https:\/\/candor.hu\/"},{"@type":"ListItem","position":2,"name":"\u0150szi t\u00fara"}]},{"@type":"WebSite","@id":"https:\/\/candor.hu\/#website","url":"https:\/\/candor.hu\/","name":"Candor","description":"","publisher":{"@id":"https:\/\/candor.hu\/#organization"},"potentialAction":[{"@type":"SearchAction","target":{"@type":"EntryPoint","urlTemplate":"https:\/\/candor.hu\/?s={search_term_string}"},"query-input":{"@type":"PropertyValueSpecification","valueRequired":true,"valueName":"search_term_string"}}],"inLanguage":"hu"},{"@type":"Organization","@id":"https:\/\/candor.hu\/#organization","name":"Candor","url":"https:\/\/candor.hu\/","logo":{"@type":"ImageObject","inLanguage":"hu","@id":"https:\/\/candor.hu\/#\/schema\/logo\/image\/","url":"https:\/\/candor.hu\/wp-content\/uploads\/2023\/05\/cropped-candorlogo-01.png","contentUrl":"https:\/\/candor.hu\/wp-content\/uploads\/2023\/05\/cropped-candorlogo-01.png","width":754,"height":206,"caption":"Candor"},"image":{"@id":"https:\/\/candor.hu\/#\/schema\/logo\/image\/"}}]}},"jetpack_sharing_enabled":true,"_links":{"self":[{"href":"https:\/\/candor.hu\/index.php\/wp-json\/wp\/v2\/pages\/4759","targetHints":{"allow":["GET"]}}],"collection":[{"href":"https:\/\/candor.hu\/index.php\/wp-json\/wp\/v2\/pages"}],"about":[{"href":"https:\/\/candor.hu\/index.php\/wp-json\/wp\/v2\/types\/page"}],"author":[{"embeddable":true,"href":"https:\/\/candor.hu\/index.php\/wp-json\/wp\/v2\/users\/3"}],"replies":[{"embeddable":true,"href":"https:\/\/candor.hu\/index.php\/wp-json\/wp\/v2\/comments?post=4759"}],"version-history":[{"count":25,"href":"https:\/\/candor.hu\/index.php\/wp-json\/wp\/v2\/pages\/4759\/revisions"}],"predecessor-version":[{"id":5973,"href":"https:\/\/candor.hu\/index.php\/wp-json\/wp\/v2\/pages\/4759\/revisions\/5973"}],"wp:attachment":[{"href":"https:\/\/candor.hu\/index.php\/wp-json\/wp\/v2\/media?parent=4759"}],"curies":[{"name":"wp","href":"https:\/\/api.w.org\/{rel}","templated":true}]}}