{"id":4769,"date":"2024-04-02T21:23:29","date_gmt":"2024-04-02T21:23:29","guid":{"rendered":"https:\/\/candor.hu\/?page_id=4769"},"modified":"2025-05-22T08:04:29","modified_gmt":"2025-05-22T08:04:29","slug":"tanfolyamok-es-vizsgak","status":"publish","type":"page","link":"https:\/\/candor.hu\/index.php\/tanfolyamok-es-vizsgak\/","title":{"rendered":"Tanfolyamok \u00e9s vizsg\u00e1k"},"content":{"rendered":"\t\t<div data-elementor-type=\"wp-page\" data-elementor-id=\"4769\" class=\"elementor elementor-4769\" data-elementor-post-type=\"page\">\n\t\t\t\t\t\t<section class=\"elementor-section elementor-top-section elementor-element elementor-element-cac9cb6 elementor-section-boxed elementor-section-height-default elementor-section-height-default\" data-id=\"cac9cb6\" data-element_type=\"section\" data-e-type=\"section\">\n\t\t\t\t\t\t<div class=\"elementor-container elementor-column-gap-default\">\n\t\t\t\t\t<div class=\"elementor-column elementor-col-100 elementor-top-column elementor-element elementor-element-4ec519e\" data-id=\"4ec519e\" data-element_type=\"column\" data-e-type=\"column\">\n\t\t\t<div class=\"elementor-widget-wrap elementor-element-populated\">\n\t\t\t\t\t\t<div class=\"elementor-element elementor-element-9333b8a de_scroll_animation_no elementor-widget elementor-widget-spacer\" data-id=\"9333b8a\" data-element_type=\"widget\" data-e-type=\"widget\" data-widget_type=\"spacer.default\">\n\t\t\t\t<div class=\"elementor-widget-container\">\n\t\t\t\t\t\t\t<div class=\"elementor-spacer\">\n\t\t\t<div class=\"elementor-spacer-inner\"><\/div>\n\t\t<\/div>\n\t\t\t\t\t\t<\/div>\n\t\t\t\t<\/div>\n\t\t\t\t\t<\/div>\n\t\t<\/div>\n\t\t\t\t\t<\/div>\n\t\t<\/section>\n\t\t\t\t<section class=\"elementor-section elementor-top-section elementor-element elementor-element-efca01a elementor-section-boxed elementor-section-height-default elementor-section-height-default\" data-id=\"efca01a\" data-element_type=\"section\" data-e-type=\"section\">\n\t\t\t\t\t\t<div class=\"elementor-container elementor-column-gap-default\">\n\t\t\t\t\t<div class=\"elementor-column elementor-col-100 elementor-top-column elementor-element elementor-element-68fd13c\" data-id=\"68fd13c\" data-element_type=\"column\" data-e-type=\"column\">\n\t\t\t<div class=\"elementor-widget-wrap elementor-element-populated\">\n\t\t\t\t\t\t<div class=\"elementor-element elementor-element-cb0ec55 de_scroll_animation_no elementor-widget elementor-widget-heading\" data-id=\"cb0ec55\" data-element_type=\"widget\" data-e-type=\"widget\" data-widget_type=\"heading.default\">\n\t\t\t\t<div class=\"elementor-widget-container\">\n\t\t\t\t\t<h2 class=\"elementor-heading-title elementor-size-default\">Tanfolyamok \u00e9s vizsg\u00e1k<\/h2>\t\t\t\t<\/div>\n\t\t\t\t<\/div>\n\t\t\t\t\t<\/div>\n\t\t<\/div>\n\t\t\t\t\t<\/div>\n\t\t<\/section>\n\t\t\t\t<section class=\"elementor-section elementor-top-section elementor-element elementor-element-b0ff31b elementor-section-boxed elementor-section-height-default elementor-section-height-default\" data-id=\"b0ff31b\" data-element_type=\"section\" data-e-type=\"section\">\n\t\t\t\t\t\t<div class=\"elementor-container elementor-column-gap-default\">\n\t\t\t\t\t<div class=\"elementor-column elementor-col-100 elementor-top-column elementor-element elementor-element-69bf1d3\" data-id=\"69bf1d3\" data-element_type=\"column\" data-e-type=\"column\">\n\t\t\t<div class=\"elementor-widget-wrap elementor-element-populated\">\n\t\t\t\t\t\t<div class=\"elementor-element elementor-element-3e6a949 de_scroll_animation_no elementor-widget elementor-widget-text-editor\" data-id=\"3e6a949\" data-element_type=\"widget\" data-e-type=\"widget\" data-widget_type=\"text-editor.default\">\n\t\t\t\t<div class=\"elementor-widget-container\">\n\t\t\t\t\t\t\t\t\t<p>\u00a0<\/p><p><strong>B kateg\u00f3r\u00e1s adriai haj\u00f3vezet\u0151i tanfolyam<\/strong><\/p><p class=\"p1\">Ez a jogos\u00edtv\u00e1ny csak <strong>Horv\u00e1torsz\u00e1gban \u00e9rv\u00e9nyes<\/strong>, kedvtel\u00e9si c\u00e9l\u00fa. Legfeljebb <strong>12 utas<\/strong>t lehet vele vinni, <strong>motoroson \u00e9s vitorl\u00e1son<\/strong> is, eg\u00e9szen <strong>30 BRT<\/strong> haj\u00f3m\u00e9retig \u00e9s a partt\u00f3l <strong>12 tmf<\/strong> t\u00e1vols\u00e1gig. A vizsga a VHF k\u00e9pes\u00edt\u00e9st is tartalmazza.<\/p><p class=\"p1\">-tanfolyam \u00e9s vizsga 1 nap<\/p><p class=\"p1\">-\u00e1r: 350 eur<\/p><p><strong>ICC nemzetk\u00f6zi belv\u00edzi \u00e9s tengeri haj\u00f3vezet\u0151i tanfolyam<\/strong><\/p><p class=\"p1\">Ez a k\u00e9pes\u00edt\u00e9s <strong>nemzetk\u00f6zileg \u00e9rv\u00e9nyes belvizeken \u00e9s tengereken<\/strong> az EU-ban. Szint\u00e9n <strong>12 utas<\/strong>t vihet\u00fcnk vele <strong>motoroson \u00e9s vitorl\u00e1son<\/strong>, <strong>30 BRT<\/strong> haj\u00f3m\u00e9retig \u00e9s <strong>12 tmf<\/strong> t\u00e1vols\u00e1gig a partt\u00f3l. A VHF k\u00e9pes\u00edt\u00e9st is tartalmazza.<\/p><p class=\"p1\">-tanfolyam \u00e9s vizsga 1,5 nap<\/p><p class=\"p1\">-\u00e1r: 650 eur<\/p><p><strong>C kateg\u00f3ri\u00e1s nemzetk\u00f6zi haj\u00f3vezet\u0151i tanfolyam<\/strong><\/p><p>Ez a jogos\u00edtv\u00e1ny <strong>nemzetk\u00f6zileg elfogadott tengereken<\/strong>, <strong>alkalmas munkav\u00e1llal\u00e1sra<\/strong> is! A limit itt is <strong>12 f\u0151 (plusz szem\u00e9lyzet)<\/strong> \u00e9s <strong>30 BRT<\/strong>, <strong>motoroson \u00e9s vitorl\u00e1son<\/strong>. A partt\u00f3l <strong>korl\u00e1tlan t\u00e1vols\u00e1gig<\/strong> haszn\u00e1lhat\u00f3 \u00e9s szint\u00e9n tartalmazza a VHF k\u00e9pes\u00edt\u00e9st.<\/p><p class=\"p1\">-5 nap<\/p><p class=\"p1\">-990 eur<\/p><p class=\"p1\">-5 \u00e9vente orvosi alkalmass\u00e1gi<\/p><p><strong>YACHT MASTER A haj\u00f3vezet\u0151i tanfolyam<\/strong><\/p><p>Ez a jogos\u00edtv\u00e1ny is <strong>nemzetk\u00f6zileg elfogadott tengereken<\/strong>, <strong>alkalmas munkav\u00e1llal\u00e1sra<\/strong> is! A limit itt m\u00e1r\u00a0<strong>100 BRT<\/strong>, <strong>motoroson \u00e9s vitorl\u00e1son<\/strong>, szint\u00e9n <strong>12 utasig (plusz szem\u00e9lyzet)<\/strong>. A partt\u00f3l <strong>korl\u00e1tlan t\u00e1vols\u00e1gig<\/strong> haszn\u00e1lhat\u00f3.<\/p><p class=\"p1\">-5 nap<\/p><p class=\"p1\">-1970 eur<\/p><p class=\"p1\">-5 \u00e9vente orvosi alkalmass\u00e1gi<\/p><p><strong>YACHT MASTER B haj\u00f3vezet\u0151i tanfolyam<\/strong><\/p><p>Ez a jogos\u00edtv\u00e1ny is <strong>nemzetk\u00f6zileg elfogadott tengereken<\/strong>, <strong>alkalmas munkav\u00e1llal\u00e1sra<\/strong> is! A limit itt m\u00e1r\u00a0<strong>500 BRT<\/strong>, <strong>motoroson \u00e9s vitorl\u00e1son<\/strong>, szint\u00e9n <strong>12 utasig (plusz szem\u00e9lyzet)<\/strong>. A partt\u00f3l <strong>korl\u00e1tlan t\u00e1vols\u00e1gig<\/strong> haszn\u00e1lhat\u00f3.<\/p><p class=\"p1\">-11 nap<\/p><p class=\"p1\">-3190 eur<\/p><p><strong>GMDSS GOC r\u00e1di\u00f3s tanfolyam<\/strong><\/p><p class=\"p1\">Ez egy kifejezetten <strong>kereseti c\u00e9l\u00fa, hivat\u00e1sos STCW<\/strong> tanfolyam. Nemzetk\u00f6zileg haszn\u00e1lhat\u00f3 (<strong>A1-A4 GMDSS \u00f6vezetek<\/strong>). <strong>Nincs haj\u00f3s el\u0151felt\u00e9tel<\/strong>e, ak\u00e1r a haj\u00f3vezet\u0151i tanfolyam el\u0151tt is megszerezhet\u0151. Ez a lehet\u0151 legmagasabb szint\u0171 r\u00e1di\u00f3s k\u00e9pes\u00edt\u00e9s.<\/p><p class=\"p1\">-\u00e1r: 1150 eur<\/p><p><strong>VHF SCR r\u00e1di\u00f3s tanfolyam \u00e9s vizsga Magyarorsz\u00e1gon<\/strong><\/p><p class=\"p1\">A vizsga nemzetk\u00f6zi vizekre alkalmas. A tanfolyam f\u0151 pontjai:<\/p><p class=\"p1\">-A GMDSS rendszer\u00e9nek ismertet\u00e9se<\/p><p class=\"p1\">-NAVTEX, SART, EPIRB, AIS, INMARSAT \u00e9s COSPASS-SARSAT rendszerek \u00e9s azok m\u0171k\u00f6d\u00e9s\u00e9nek ismertet\u00e9se.<\/p><p class=\"p1\">-Routine, Safety, Urgency, valamint Distress \u00fczenetek szab\u00e1lyos k\u00fcld\u00e9s\u00e9nek gyakorl\u00e1sa<\/p><p class=\"p1\">-1 nap<\/p><p class=\"p1\">-350 eur<\/p><p class=\"p1\">-5 \u00e9vente friss\u00edt\u0151 vizsga<\/p>\t\t\t\t\t\t\t\t<\/div>\n\t\t\t\t<\/div>\n\t\t\t\t\t<\/div>\n\t\t<\/div>\n\t\t\t\t\t<\/div>\n\t\t<\/section>\n\t\t\t\t<\/div>\n\t\t","protected":false},"excerpt":{"rendered":"<p>Tanfolyamok \u00e9s vizsg\u00e1k \u00a0 B kateg\u00f3r\u00e1s adriai haj\u00f3vezet\u0151i tanfolyam Ez a jogos\u00edtv\u00e1ny csak Horv\u00e1torsz\u00e1gban \u00e9rv\u00e9nyes, kedvtel\u00e9si c\u00e9l\u00fa. Legfeljebb 12 utast lehet vele vinni, motoroson \u00e9s vitorl\u00e1son is, eg\u00e9szen 30 BRT haj\u00f3m\u00e9retig \u00e9s a partt\u00f3l 12 tmf t\u00e1vols\u00e1gig. A vizsga a VHF k\u00e9pes\u00edt\u00e9st is tartalmazza. -tanfolyam \u00e9s vizsga 1 nap -\u00e1r: 350 eur ICC nemzetk\u00f6zi belv\u00edzi [&hellip;]<\/p>\n","protected":false},"author":3,"featured_media":0,"parent":0,"menu_order":0,"comment_status":"closed","ping_status":"closed","template":"","meta":{"footnotes":""},"class_list":["post-4769","page","type-page","status-publish","hentry","entry","owp-thumbs-layout-horizontal","owp-btn-normal","owp-tabs-layout-horizontal","has-no-thumbnails","has-product-nav"],"yoast_head":"<!-- This site is optimized with the Yoast SEO plugin v27.2 - https:\/\/yoast.com\/product\/yoast-seo-wordpress\/ -->\n<title>Tanfolyamok \u00e9s vizsg\u00e1k | Haj\u00f3s k\u00e9pz\u00e9s Adria | Candor.hu<\/title>\n<meta name=\"description\" content=\"N\u00e1lunk lehet\u0151s\u00e9ged van t\u00f6bbek k\u00f6z\u00f6tt B kateg\u00f3ri\u00e1s adriai haj\u00f3vezet\u0151i tanfolyamon, vagy Yacht Master B haj\u00f3vezet\u0151i tanfolyamon r\u00e9szt venni.\" \/>\n<meta name=\"robots\" content=\"index, follow, max-snippet:-1, max-image-preview:large, max-video-preview:-1\" \/>\n<link rel=\"canonical\" href=\"https:\/\/candor.hu\/index.php\/tanfolyamok-es-vizsgak\/\" \/>\n<meta property=\"og:locale\" content=\"hu_HU\" \/>\n<meta property=\"og:type\" content=\"article\" \/>\n<meta property=\"og:title\" content=\"Tanfolyamok \u00e9s vizsg\u00e1k | Haj\u00f3s k\u00e9pz\u00e9s Adria | Candor.hu\" \/>\n<meta property=\"og:description\" content=\"N\u00e1lunk lehet\u0151s\u00e9ged van t\u00f6bbek k\u00f6z\u00f6tt B kateg\u00f3ri\u00e1s adriai haj\u00f3vezet\u0151i tanfolyamon, vagy Yacht Master B haj\u00f3vezet\u0151i tanfolyamon r\u00e9szt venni.\" \/>\n<meta property=\"og:url\" content=\"https:\/\/candor.hu\/index.php\/tanfolyamok-es-vizsgak\/\" \/>\n<meta property=\"og:site_name\" content=\"Candor\" \/>\n<meta property=\"article:modified_time\" content=\"2025-05-22T08:04:29+00:00\" \/>\n<meta name=\"twitter:card\" content=\"summary_large_image\" \/>\n<meta name=\"twitter:label1\" content=\"Becs\u00fclt olvas\u00e1si id\u0151\" \/>\n\t<meta name=\"twitter:data1\" content=\"2 perc\" \/>\n<script type=\"application\/ld+json\" class=\"yoast-schema-graph\">{\"@context\":\"https:\/\/schema.org\",\"@graph\":[{\"@type\":\"WebPage\",\"@id\":\"https:\/\/candor.hu\/index.php\/tanfolyamok-es-vizsgak\/\",\"url\":\"https:\/\/candor.hu\/index.php\/tanfolyamok-es-vizsgak\/\",\"name\":\"Tanfolyamok \u00e9s vizsg\u00e1k | Haj\u00f3s k\u00e9pz\u00e9s Adria | Candor.hu\",\"isPartOf\":{\"@id\":\"https:\/\/candor.hu\/#website\"},\"datePublished\":\"2024-04-02T21:23:29+00:00\",\"dateModified\":\"2025-05-22T08:04:29+00:00\",\"description\":\"N\u00e1lunk lehet\u0151s\u00e9ged van t\u00f6bbek k\u00f6z\u00f6tt B kateg\u00f3ri\u00e1s adriai haj\u00f3vezet\u0151i tanfolyamon, vagy Yacht Master B haj\u00f3vezet\u0151i tanfolyamon r\u00e9szt venni.\",\"breadcrumb\":{\"@id\":\"https:\/\/candor.hu\/index.php\/tanfolyamok-es-vizsgak\/#breadcrumb\"},\"inLanguage\":\"hu\",\"potentialAction\":[{\"@type\":\"ReadAction\",\"target\":[\"https:\/\/candor.hu\/index.php\/tanfolyamok-es-vizsgak\/\"]}]},{\"@type\":\"BreadcrumbList\",\"@id\":\"https:\/\/candor.hu\/index.php\/tanfolyamok-es-vizsgak\/#breadcrumb\",\"itemListElement\":[{\"@type\":\"ListItem\",\"position\":1,\"name\":\"Kezd\u0151lap\",\"item\":\"https:\/\/candor.hu\/\"},{\"@type\":\"ListItem\",\"position\":2,\"name\":\"Tanfolyamok \u00e9s vizsg\u00e1k\"}]},{\"@type\":\"WebSite\",\"@id\":\"https:\/\/candor.hu\/#website\",\"url\":\"https:\/\/candor.hu\/\",\"name\":\"Candor\",\"description\":\"\",\"publisher\":{\"@id\":\"https:\/\/candor.hu\/#organization\"},\"potentialAction\":[{\"@type\":\"SearchAction\",\"target\":{\"@type\":\"EntryPoint\",\"urlTemplate\":\"https:\/\/candor.hu\/?s={search_term_string}\"},\"query-input\":{\"@type\":\"PropertyValueSpecification\",\"valueRequired\":true,\"valueName\":\"search_term_string\"}}],\"inLanguage\":\"hu\"},{\"@type\":\"Organization\",\"@id\":\"https:\/\/candor.hu\/#organization\",\"name\":\"Candor\",\"url\":\"https:\/\/candor.hu\/\",\"logo\":{\"@type\":\"ImageObject\",\"inLanguage\":\"hu\",\"@id\":\"https:\/\/candor.hu\/#\/schema\/logo\/image\/\",\"url\":\"https:\/\/candor.hu\/wp-content\/uploads\/2023\/05\/cropped-candorlogo-01.png\",\"contentUrl\":\"https:\/\/candor.hu\/wp-content\/uploads\/2023\/05\/cropped-candorlogo-01.png\",\"width\":754,\"height\":206,\"caption\":\"Candor\"},\"image\":{\"@id\":\"https:\/\/candor.hu\/#\/schema\/logo\/image\/\"}}]}<\/script>\n<!-- \/ Yoast SEO plugin. -->","yoast_head_json":{"title":"Tanfolyamok \u00e9s vizsg\u00e1k | Haj\u00f3s k\u00e9pz\u00e9s Adria | Candor.hu","description":"N\u00e1lunk lehet\u0151s\u00e9ged van t\u00f6bbek k\u00f6z\u00f6tt B kateg\u00f3ri\u00e1s adriai haj\u00f3vezet\u0151i tanfolyamon, vagy Yacht Master B haj\u00f3vezet\u0151i tanfolyamon r\u00e9szt venni.","robots":{"index":"index","follow":"follow","max-snippet":"max-snippet:-1","max-image-preview":"max-image-preview:large","max-video-preview":"max-video-preview:-1"},"canonical":"https:\/\/candor.hu\/index.php\/tanfolyamok-es-vizsgak\/","og_locale":"hu_HU","og_type":"article","og_title":"Tanfolyamok \u00e9s vizsg\u00e1k | Haj\u00f3s k\u00e9pz\u00e9s Adria | Candor.hu","og_description":"N\u00e1lunk lehet\u0151s\u00e9ged van t\u00f6bbek k\u00f6z\u00f6tt B kateg\u00f3ri\u00e1s adriai haj\u00f3vezet\u0151i tanfolyamon, vagy Yacht Master B haj\u00f3vezet\u0151i tanfolyamon r\u00e9szt venni.","og_url":"https:\/\/candor.hu\/index.php\/tanfolyamok-es-vizsgak\/","og_site_name":"Candor","article_modified_time":"2025-05-22T08:04:29+00:00","twitter_card":"summary_large_image","twitter_misc":{"Becs\u00fclt olvas\u00e1si id\u0151":"2 perc"},"schema":{"@context":"https:\/\/schema.org","@graph":[{"@type":"WebPage","@id":"https:\/\/candor.hu\/index.php\/tanfolyamok-es-vizsgak\/","url":"https:\/\/candor.hu\/index.php\/tanfolyamok-es-vizsgak\/","name":"Tanfolyamok \u00e9s vizsg\u00e1k | Haj\u00f3s k\u00e9pz\u00e9s Adria | Candor.hu","isPartOf":{"@id":"https:\/\/candor.hu\/#website"},"datePublished":"2024-04-02T21:23:29+00:00","dateModified":"2025-05-22T08:04:29+00:00","description":"N\u00e1lunk lehet\u0151s\u00e9ged van t\u00f6bbek k\u00f6z\u00f6tt B kateg\u00f3ri\u00e1s adriai haj\u00f3vezet\u0151i tanfolyamon, vagy Yacht Master B haj\u00f3vezet\u0151i tanfolyamon r\u00e9szt venni.","breadcrumb":{"@id":"https:\/\/candor.hu\/index.php\/tanfolyamok-es-vizsgak\/#breadcrumb"},"inLanguage":"hu","potentialAction":[{"@type":"ReadAction","target":["https:\/\/candor.hu\/index.php\/tanfolyamok-es-vizsgak\/"]}]},{"@type":"BreadcrumbList","@id":"https:\/\/candor.hu\/index.php\/tanfolyamok-es-vizsgak\/#breadcrumb","itemListElement":[{"@type":"ListItem","position":1,"name":"Kezd\u0151lap","item":"https:\/\/candor.hu\/"},{"@type":"ListItem","position":2,"name":"Tanfolyamok \u00e9s vizsg\u00e1k"}]},{"@type":"WebSite","@id":"https:\/\/candor.hu\/#website","url":"https:\/\/candor.hu\/","name":"Candor","description":"","publisher":{"@id":"https:\/\/candor.hu\/#organization"},"potentialAction":[{"@type":"SearchAction","target":{"@type":"EntryPoint","urlTemplate":"https:\/\/candor.hu\/?s={search_term_string}"},"query-input":{"@type":"PropertyValueSpecification","valueRequired":true,"valueName":"search_term_string"}}],"inLanguage":"hu"},{"@type":"Organization","@id":"https:\/\/candor.hu\/#organization","name":"Candor","url":"https:\/\/candor.hu\/","logo":{"@type":"ImageObject","inLanguage":"hu","@id":"https:\/\/candor.hu\/#\/schema\/logo\/image\/","url":"https:\/\/candor.hu\/wp-content\/uploads\/2023\/05\/cropped-candorlogo-01.png","contentUrl":"https:\/\/candor.hu\/wp-content\/uploads\/2023\/05\/cropped-candorlogo-01.png","width":754,"height":206,"caption":"Candor"},"image":{"@id":"https:\/\/candor.hu\/#\/schema\/logo\/image\/"}}]}},"jetpack_sharing_enabled":true,"_links":{"self":[{"href":"https:\/\/candor.hu\/index.php\/wp-json\/wp\/v2\/pages\/4769","targetHints":{"allow":["GET"]}}],"collection":[{"href":"https:\/\/candor.hu\/index.php\/wp-json\/wp\/v2\/pages"}],"about":[{"href":"https:\/\/candor.hu\/index.php\/wp-json\/wp\/v2\/types\/page"}],"author":[{"embeddable":true,"href":"https:\/\/candor.hu\/index.php\/wp-json\/wp\/v2\/users\/3"}],"replies":[{"embeddable":true,"href":"https:\/\/candor.hu\/index.php\/wp-json\/wp\/v2\/comments?post=4769"}],"version-history":[{"count":10,"href":"https:\/\/candor.hu\/index.php\/wp-json\/wp\/v2\/pages\/4769\/revisions"}],"predecessor-version":[{"id":5794,"href":"https:\/\/candor.hu\/index.php\/wp-json\/wp\/v2\/pages\/4769\/revisions\/5794"}],"wp:attachment":[{"href":"https:\/\/candor.hu\/index.php\/wp-json\/wp\/v2\/media?parent=4769"}],"curies":[{"name":"wp","href":"https:\/\/api.w.org\/{rel}","templated":true}]}}