{"id":4774,"date":"2024-04-02T21:24:45","date_gmt":"2024-04-02T21:24:45","guid":{"rendered":"https:\/\/candor.hu\/?page_id=4774"},"modified":"2025-05-22T08:05:01","modified_gmt":"2025-05-22T08:05:01","slug":"jelentkezz-szkippernek","status":"publish","type":"page","link":"https:\/\/candor.hu\/index.php\/jelentkezz-szkippernek\/","title":{"rendered":"Jelentkezz szkippernek"},"content":{"rendered":"\t\t<div data-elementor-type=\"wp-page\" data-elementor-id=\"4774\" class=\"elementor elementor-4774\" data-elementor-post-type=\"page\">\n\t\t\t\t\t\t<section class=\"elementor-section elementor-top-section elementor-element elementor-element-2618a9d elementor-section-boxed elementor-section-height-default elementor-section-height-default\" data-id=\"2618a9d\" data-element_type=\"section\" data-e-type=\"section\">\n\t\t\t\t\t\t<div class=\"elementor-container elementor-column-gap-default\">\n\t\t\t\t\t<div class=\"elementor-column elementor-col-100 elementor-top-column elementor-element elementor-element-be89e36\" data-id=\"be89e36\" data-element_type=\"column\" data-e-type=\"column\">\n\t\t\t<div class=\"elementor-widget-wrap elementor-element-populated\">\n\t\t\t\t\t\t<div class=\"elementor-element elementor-element-9dfbcfc de_scroll_animation_no elementor-widget elementor-widget-spacer\" data-id=\"9dfbcfc\" data-element_type=\"widget\" data-e-type=\"widget\" data-widget_type=\"spacer.default\">\n\t\t\t\t<div class=\"elementor-widget-container\">\n\t\t\t\t\t\t\t<div class=\"elementor-spacer\">\n\t\t\t<div class=\"elementor-spacer-inner\"><\/div>\n\t\t<\/div>\n\t\t\t\t\t\t<\/div>\n\t\t\t\t<\/div>\n\t\t\t\t\t<\/div>\n\t\t<\/div>\n\t\t\t\t\t<\/div>\n\t\t<\/section>\n\t\t\t\t<section class=\"elementor-section elementor-top-section elementor-element elementor-element-fcd2ac2 elementor-section-boxed elementor-section-height-default elementor-section-height-default\" data-id=\"fcd2ac2\" data-element_type=\"section\" data-e-type=\"section\">\n\t\t\t\t\t\t<div class=\"elementor-container elementor-column-gap-default\">\n\t\t\t\t\t<div class=\"elementor-column elementor-col-100 elementor-top-column elementor-element elementor-element-108ec0b\" data-id=\"108ec0b\" data-element_type=\"column\" data-e-type=\"column\">\n\t\t\t<div class=\"elementor-widget-wrap elementor-element-populated\">\n\t\t\t\t\t\t<div class=\"elementor-element elementor-element-23d4770 de_scroll_animation_no elementor-widget elementor-widget-heading\" data-id=\"23d4770\" data-element_type=\"widget\" data-e-type=\"widget\" data-widget_type=\"heading.default\">\n\t\t\t\t<div class=\"elementor-widget-container\">\n\t\t\t\t\t<h2 class=\"elementor-heading-title elementor-size-default\">Jelentkezz szkippernek<\/h2>\t\t\t\t<\/div>\n\t\t\t\t<\/div>\n\t\t\t\t\t<\/div>\n\t\t<\/div>\n\t\t\t\t\t<\/div>\n\t\t<\/section>\n\t\t\t\t<section class=\"elementor-section elementor-top-section elementor-element elementor-element-5711716 elementor-section-boxed elementor-section-height-default elementor-section-height-default\" data-id=\"5711716\" data-element_type=\"section\" data-e-type=\"section\">\n\t\t\t\t\t\t<div class=\"elementor-container elementor-column-gap-default\">\n\t\t\t\t\t<div class=\"elementor-column elementor-col-100 elementor-top-column elementor-element elementor-element-6543b78\" data-id=\"6543b78\" data-element_type=\"column\" data-e-type=\"column\">\n\t\t\t<div class=\"elementor-widget-wrap elementor-element-populated\">\n\t\t\t\t\t\t<div class=\"elementor-element elementor-element-d1c6620 de_scroll_animation_no elementor-widget elementor-widget-text-editor\" data-id=\"d1c6620\" data-element_type=\"widget\" data-e-type=\"widget\" data-widget_type=\"text-editor.default\">\n\t\t\t\t<div class=\"elementor-widget-container\">\n\t\t\t\t\t\t\t\t\t<p>\u00dcdv\u00f6zl\u00fcnk a leend\u0151 c\u00e9gedn\u00e9l, egy csal\u00e1di tulajdonban l\u00e9v\u0151 vitorl\u00e1s k\u00f6lcs\u00f6nz\u0151n\u00e9l, Marina Kastelai b\u00e1zissal. Idei \u00e9s elk\u00f6vetkez\u0151 szezonjainkra\u00a0 tapasztalt \u00e9s enged\u00e9llyel rendelkez\u0151 skippereket keres\u00fcnk a vil\u00e1g minden t\u00e1j\u00e1r\u00f3l, a k\u00f6r\u00fclbel\u00fcl 40-50 f\u0151s szkipper csapatunkba. Flott\u00e1nk 15 vitorl\u00e1s haj\u00f3b\u00f3l \u00e1ll, amiket az Adri\u00e1n adunk b\u00e9rbe, \u00e9s olyan szkippereket keres\u00fcnk, akik seg\u00edtenek nek\u00fcnk abban, hogy kiv\u00e1l\u00f3 \u00e9lm\u00e9nyt ny\u00fajtsunk \u00fcgyfeleinknek.<\/p><p>El\u0151ny\u00f6k: A Candor szkipperek\u00e9nt versenyk\u00e9pes fizet\u00e9st, rugalmas id\u0151beoszt\u00e1st \u00e9s a lehet\u0151s\u00e9get k\u00edn\u00e1ljuk, hogy a vil\u00e1g egyik legszebb tenger\u00e9n vitorl\u00e1zhass. Lehet\u0151s\u00e9ged lesz arra is, hogy egy nagyszer\u0171 csapattal dolgozz egy\u00fctt, akik osztoznak a vitorl\u00e1z\u00e1s ir\u00e1nti szenved\u00e9lyedben.<\/p><p>K\u00f6vetelm\u00e9nyek: Ahhoz, hogy c\u00e9g\u00fcnkn\u00e9l skipper lehess, rendelkezned kell \u00e9rv\u00e9nyes skipper (kapit\u00e1nyi) jogos\u00edtv\u00e1nnyal, tapasztalattal az Adriai-tengeren val\u00f3 vitorl\u00e1z\u00e1sban, \u00e9s nem utols\u00f3sorban szenved\u00e9llyel a kiv\u00e9teles kiszolg\u00e1l\u00e1s ir\u00e1nt.<\/p><p>Jelentkez\u00e9shez k\u00fcldd el \u00f6n\u00e9letrajzod, \u00e9s egy r\u00f6vid bemutatkoz\u00e1st a info@candor.hu c\u00edmre!<\/p>\t\t\t\t\t\t\t\t<\/div>\n\t\t\t\t<\/div>\n\t\t\t\t\t<\/div>\n\t\t<\/div>\n\t\t\t\t\t<\/div>\n\t\t<\/section>\n\t\t\t\t<\/div>\n\t\t","protected":false},"excerpt":{"rendered":"<p>Jelentkezz szkippernek \u00dcdv\u00f6zl\u00fcnk a leend\u0151 c\u00e9gedn\u00e9l, egy csal\u00e1di tulajdonban l\u00e9v\u0151 vitorl\u00e1s k\u00f6lcs\u00f6nz\u0151n\u00e9l, Marina Kastelai b\u00e1zissal. Idei \u00e9s elk\u00f6vetkez\u0151 szezonjainkra\u00a0 tapasztalt \u00e9s enged\u00e9llyel rendelkez\u0151 skippereket keres\u00fcnk a vil\u00e1g minden t\u00e1j\u00e1r\u00f3l, a k\u00f6r\u00fclbel\u00fcl 40-50 f\u0151s szkipper csapatunkba. Flott\u00e1nk 15 vitorl\u00e1s haj\u00f3b\u00f3l \u00e1ll, amiket az Adri\u00e1n adunk b\u00e9rbe, \u00e9s olyan szkippereket keres\u00fcnk, akik seg\u00edtenek nek\u00fcnk abban, hogy kiv\u00e1l\u00f3 [&hellip;]<\/p>\n","protected":false},"author":3,"featured_media":0,"parent":0,"menu_order":0,"comment_status":"closed","ping_status":"closed","template":"","meta":{"footnotes":""},"class_list":["post-4774","page","type-page","status-publish","hentry","entry","owp-thumbs-layout-horizontal","owp-btn-normal","owp-tabs-layout-horizontal","has-no-thumbnails","has-product-nav"],"yoast_head":"<!-- This site is optimized with the Yoast SEO plugin v27.2 - https:\/\/yoast.com\/product\/yoast-seo-wordpress\/ -->\n<title>Jelentkezz szkippernek! | Vitorl\u00e1s k\u00e9pz\u00e9s Adria | Candor.hu<\/title>\n<meta name=\"description\" content=\"Tapasztalt \u00e9s enged\u00e9llyel rendelkez\u0151 skippereket keres\u00fcnk a vil\u00e1g minden t\u00e1j\u00e1r\u00f3l. Jelentkezz, \u00e9s l\u00e9gy te is Candor csapattag!\" \/>\n<meta name=\"robots\" content=\"index, follow, max-snippet:-1, max-image-preview:large, max-video-preview:-1\" \/>\n<link rel=\"canonical\" href=\"https:\/\/candor.hu\/index.php\/jelentkezz-szkippernek\/\" \/>\n<meta property=\"og:locale\" content=\"hu_HU\" \/>\n<meta property=\"og:type\" content=\"article\" \/>\n<meta property=\"og:title\" content=\"Jelentkezz szkippernek! | Vitorl\u00e1s k\u00e9pz\u00e9s Adria | Candor.hu\" \/>\n<meta property=\"og:description\" content=\"Tapasztalt \u00e9s enged\u00e9llyel rendelkez\u0151 skippereket keres\u00fcnk a vil\u00e1g minden t\u00e1j\u00e1r\u00f3l. Jelentkezz, \u00e9s l\u00e9gy te is Candor csapattag!\" \/>\n<meta property=\"og:url\" content=\"https:\/\/candor.hu\/index.php\/jelentkezz-szkippernek\/\" \/>\n<meta property=\"og:site_name\" content=\"Candor\" \/>\n<meta property=\"article:modified_time\" content=\"2025-05-22T08:05:01+00:00\" \/>\n<meta name=\"twitter:card\" content=\"summary_large_image\" \/>\n<meta name=\"twitter:label1\" content=\"Becs\u00fclt olvas\u00e1si id\u0151\" \/>\n\t<meta name=\"twitter:data1\" content=\"1 perc\" \/>\n<script type=\"application\/ld+json\" class=\"yoast-schema-graph\">{\"@context\":\"https:\/\/schema.org\",\"@graph\":[{\"@type\":\"WebPage\",\"@id\":\"https:\/\/candor.hu\/index.php\/jelentkezz-szkippernek\/\",\"url\":\"https:\/\/candor.hu\/index.php\/jelentkezz-szkippernek\/\",\"name\":\"Jelentkezz szkippernek! | Vitorl\u00e1s k\u00e9pz\u00e9s Adria | Candor.hu\",\"isPartOf\":{\"@id\":\"https:\/\/candor.hu\/#website\"},\"datePublished\":\"2024-04-02T21:24:45+00:00\",\"dateModified\":\"2025-05-22T08:05:01+00:00\",\"description\":\"Tapasztalt \u00e9s enged\u00e9llyel rendelkez\u0151 skippereket keres\u00fcnk a vil\u00e1g minden t\u00e1j\u00e1r\u00f3l. Jelentkezz, \u00e9s l\u00e9gy te is Candor csapattag!\",\"breadcrumb\":{\"@id\":\"https:\/\/candor.hu\/index.php\/jelentkezz-szkippernek\/#breadcrumb\"},\"inLanguage\":\"hu\",\"potentialAction\":[{\"@type\":\"ReadAction\",\"target\":[\"https:\/\/candor.hu\/index.php\/jelentkezz-szkippernek\/\"]}]},{\"@type\":\"BreadcrumbList\",\"@id\":\"https:\/\/candor.hu\/index.php\/jelentkezz-szkippernek\/#breadcrumb\",\"itemListElement\":[{\"@type\":\"ListItem\",\"position\":1,\"name\":\"Kezd\u0151lap\",\"item\":\"https:\/\/candor.hu\/\"},{\"@type\":\"ListItem\",\"position\":2,\"name\":\"Jelentkezz szkippernek\"}]},{\"@type\":\"WebSite\",\"@id\":\"https:\/\/candor.hu\/#website\",\"url\":\"https:\/\/candor.hu\/\",\"name\":\"Candor\",\"description\":\"\",\"publisher\":{\"@id\":\"https:\/\/candor.hu\/#organization\"},\"potentialAction\":[{\"@type\":\"SearchAction\",\"target\":{\"@type\":\"EntryPoint\",\"urlTemplate\":\"https:\/\/candor.hu\/?s={search_term_string}\"},\"query-input\":{\"@type\":\"PropertyValueSpecification\",\"valueRequired\":true,\"valueName\":\"search_term_string\"}}],\"inLanguage\":\"hu\"},{\"@type\":\"Organization\",\"@id\":\"https:\/\/candor.hu\/#organization\",\"name\":\"Candor\",\"url\":\"https:\/\/candor.hu\/\",\"logo\":{\"@type\":\"ImageObject\",\"inLanguage\":\"hu\",\"@id\":\"https:\/\/candor.hu\/#\/schema\/logo\/image\/\",\"url\":\"https:\/\/candor.hu\/wp-content\/uploads\/2023\/05\/cropped-candorlogo-01.png\",\"contentUrl\":\"https:\/\/candor.hu\/wp-content\/uploads\/2023\/05\/cropped-candorlogo-01.png\",\"width\":754,\"height\":206,\"caption\":\"Candor\"},\"image\":{\"@id\":\"https:\/\/candor.hu\/#\/schema\/logo\/image\/\"}}]}<\/script>\n<!-- \/ Yoast SEO plugin. -->","yoast_head_json":{"title":"Jelentkezz szkippernek! | Vitorl\u00e1s k\u00e9pz\u00e9s Adria | Candor.hu","description":"Tapasztalt \u00e9s enged\u00e9llyel rendelkez\u0151 skippereket keres\u00fcnk a vil\u00e1g minden t\u00e1j\u00e1r\u00f3l. Jelentkezz, \u00e9s l\u00e9gy te is Candor csapattag!","robots":{"index":"index","follow":"follow","max-snippet":"max-snippet:-1","max-image-preview":"max-image-preview:large","max-video-preview":"max-video-preview:-1"},"canonical":"https:\/\/candor.hu\/index.php\/jelentkezz-szkippernek\/","og_locale":"hu_HU","og_type":"article","og_title":"Jelentkezz szkippernek! | Vitorl\u00e1s k\u00e9pz\u00e9s Adria | Candor.hu","og_description":"Tapasztalt \u00e9s enged\u00e9llyel rendelkez\u0151 skippereket keres\u00fcnk a vil\u00e1g minden t\u00e1j\u00e1r\u00f3l. Jelentkezz, \u00e9s l\u00e9gy te is Candor csapattag!","og_url":"https:\/\/candor.hu\/index.php\/jelentkezz-szkippernek\/","og_site_name":"Candor","article_modified_time":"2025-05-22T08:05:01+00:00","twitter_card":"summary_large_image","twitter_misc":{"Becs\u00fclt olvas\u00e1si id\u0151":"1 perc"},"schema":{"@context":"https:\/\/schema.org","@graph":[{"@type":"WebPage","@id":"https:\/\/candor.hu\/index.php\/jelentkezz-szkippernek\/","url":"https:\/\/candor.hu\/index.php\/jelentkezz-szkippernek\/","name":"Jelentkezz szkippernek! | Vitorl\u00e1s k\u00e9pz\u00e9s Adria | Candor.hu","isPartOf":{"@id":"https:\/\/candor.hu\/#website"},"datePublished":"2024-04-02T21:24:45+00:00","dateModified":"2025-05-22T08:05:01+00:00","description":"Tapasztalt \u00e9s enged\u00e9llyel rendelkez\u0151 skippereket keres\u00fcnk a vil\u00e1g minden t\u00e1j\u00e1r\u00f3l. Jelentkezz, \u00e9s l\u00e9gy te is Candor csapattag!","breadcrumb":{"@id":"https:\/\/candor.hu\/index.php\/jelentkezz-szkippernek\/#breadcrumb"},"inLanguage":"hu","potentialAction":[{"@type":"ReadAction","target":["https:\/\/candor.hu\/index.php\/jelentkezz-szkippernek\/"]}]},{"@type":"BreadcrumbList","@id":"https:\/\/candor.hu\/index.php\/jelentkezz-szkippernek\/#breadcrumb","itemListElement":[{"@type":"ListItem","position":1,"name":"Kezd\u0151lap","item":"https:\/\/candor.hu\/"},{"@type":"ListItem","position":2,"name":"Jelentkezz szkippernek"}]},{"@type":"WebSite","@id":"https:\/\/candor.hu\/#website","url":"https:\/\/candor.hu\/","name":"Candor","description":"","publisher":{"@id":"https:\/\/candor.hu\/#organization"},"potentialAction":[{"@type":"SearchAction","target":{"@type":"EntryPoint","urlTemplate":"https:\/\/candor.hu\/?s={search_term_string}"},"query-input":{"@type":"PropertyValueSpecification","valueRequired":true,"valueName":"search_term_string"}}],"inLanguage":"hu"},{"@type":"Organization","@id":"https:\/\/candor.hu\/#organization","name":"Candor","url":"https:\/\/candor.hu\/","logo":{"@type":"ImageObject","inLanguage":"hu","@id":"https:\/\/candor.hu\/#\/schema\/logo\/image\/","url":"https:\/\/candor.hu\/wp-content\/uploads\/2023\/05\/cropped-candorlogo-01.png","contentUrl":"https:\/\/candor.hu\/wp-content\/uploads\/2023\/05\/cropped-candorlogo-01.png","width":754,"height":206,"caption":"Candor"},"image":{"@id":"https:\/\/candor.hu\/#\/schema\/logo\/image\/"}}]}},"jetpack_sharing_enabled":true,"_links":{"self":[{"href":"https:\/\/candor.hu\/index.php\/wp-json\/wp\/v2\/pages\/4774","targetHints":{"allow":["GET"]}}],"collection":[{"href":"https:\/\/candor.hu\/index.php\/wp-json\/wp\/v2\/pages"}],"about":[{"href":"https:\/\/candor.hu\/index.php\/wp-json\/wp\/v2\/types\/page"}],"author":[{"embeddable":true,"href":"https:\/\/candor.hu\/index.php\/wp-json\/wp\/v2\/users\/3"}],"replies":[{"embeddable":true,"href":"https:\/\/candor.hu\/index.php\/wp-json\/wp\/v2\/comments?post=4774"}],"version-history":[{"count":4,"href":"https:\/\/candor.hu\/index.php\/wp-json\/wp\/v2\/pages\/4774\/revisions"}],"predecessor-version":[{"id":4778,"href":"https:\/\/candor.hu\/index.php\/wp-json\/wp\/v2\/pages\/4774\/revisions\/4778"}],"wp:attachment":[{"href":"https:\/\/candor.hu\/index.php\/wp-json\/wp\/v2\/media?parent=4774"}],"curies":[{"name":"wp","href":"https:\/\/api.w.org\/{rel}","templated":true}]}}