{"id":5149,"date":"2024-06-18T10:21:01","date_gmt":"2024-06-18T10:21:01","guid":{"rendered":"https:\/\/candor.hu\/?page_id=5149"},"modified":"2024-06-18T10:26:14","modified_gmt":"2024-06-18T10:26:14","slug":"esemenyek","status":"publish","type":"page","link":"https:\/\/candor.hu\/index.php\/esemenyek\/","title":{"rendered":"Esem\u00e9nyek"},"content":{"rendered":"\t\t<div data-elementor-type=\"wp-page\" data-elementor-id=\"5149\" class=\"elementor elementor-5149\" data-elementor-post-type=\"page\">\n\t\t\t\t\t\t<section class=\"elementor-section elementor-top-section elementor-element elementor-element-198e0892 elementor-section-height-min-height elementor-section-boxed elementor-section-height-default elementor-section-items-middle\" data-id=\"198e0892\" data-element_type=\"section\" data-e-type=\"section\" data-settings=\"{&quot;background_background&quot;:&quot;classic&quot;}\">\n\t\t\t\t\t\t\t<div class=\"elementor-background-overlay\"><\/div>\n\t\t\t\t\t\t\t<div class=\"elementor-container elementor-column-gap-default\">\n\t\t\t\t\t<div class=\"elementor-column elementor-col-100 elementor-top-column elementor-element elementor-element-372ceeeb\" data-id=\"372ceeeb\" data-element_type=\"column\" data-e-type=\"column\">\n\t\t\t<div class=\"elementor-widget-wrap elementor-element-populated\">\n\t\t\t\t\t\t<div class=\"elementor-element elementor-element-8fc8a7e de_scroll_animation_no elementor-invisible elementor-widget elementor-widget-heading\" data-id=\"8fc8a7e\" data-element_type=\"widget\" data-e-type=\"widget\" data-settings=\"{&quot;_animation&quot;:&quot;fadeIn&quot;}\" data-widget_type=\"heading.default\">\n\t\t\t\t<div class=\"elementor-widget-container\">\n\t\t\t\t\t<h2 class=\"elementor-heading-title elementor-size-default\">C\u00e9ges esem\u00e9nyek<\/h2>\t\t\t\t<\/div>\n\t\t\t\t<\/div>\n\t\t\t\t<div class=\"elementor-element elementor-element-284b5282 elementor-icon-list--layout-inline elementor-align-center elementor-list-item-link-full_width de_scroll_animation_no elementor-invisible elementor-widget elementor-widget-icon-list\" data-id=\"284b5282\" data-element_type=\"widget\" data-e-type=\"widget\" data-settings=\"{&quot;_animation&quot;:&quot;fadeIn&quot;,&quot;_animation_delay&quot;:200}\" data-widget_type=\"icon-list.default\">\n\t\t\t\t<div class=\"elementor-widget-container\">\n\t\t\t\t\t\t\t<ul class=\"elementor-icon-list-items elementor-inline-items\">\n\t\t\t\t\t\t\t<li class=\"elementor-icon-list-item elementor-inline-item\">\n\t\t\t\t\t\t\t\t\t\t\t<a href=\"#\">\n\n\t\t\t\t\t\t\t\t\t\t\t<span class=\"elementor-icon-list-text\">kezd\u0151lap<\/span>\n\t\t\t\t\t\t\t\t\t\t\t<\/a>\n\t\t\t\t\t\t\t\t\t<\/li>\n\t\t\t\t\t\t\t\t<li class=\"elementor-icon-list-item elementor-inline-item\">\n\t\t\t\t\t\t\t\t\t\t\t<span class=\"elementor-icon-list-icon\">\n\t\t\t\t\t\t\t<i aria-hidden=\"true\" class=\"icon icon-right-arrow2\"><\/i>\t\t\t\t\t\t<\/span>\n\t\t\t\t\t\t\t\t\t\t<span class=\"elementor-icon-list-text\">C\u00e9ges esem\u00e9nyek<\/span>\n\t\t\t\t\t\t\t\t\t<\/li>\n\t\t\t\t\t\t<\/ul>\n\t\t\t\t\t\t<\/div>\n\t\t\t\t<\/div>\n\t\t\t\t\t<\/div>\n\t\t<\/div>\n\t\t\t\t\t<\/div>\n\t\t<\/section>\n\t\t\t\t<section class=\"elementor-section elementor-top-section elementor-element elementor-element-1f6665 elementor-section-boxed elementor-section-height-default elementor-section-height-default\" data-id=\"1f6665\" data-element_type=\"section\" data-e-type=\"section\">\n\t\t\t\t\t\t<div class=\"elementor-container elementor-column-gap-default\">\n\t\t\t\t\t<div class=\"elementor-column elementor-col-100 elementor-top-column elementor-element elementor-element-170d21f4 elementor-invisible\" data-id=\"170d21f4\" data-element_type=\"column\" data-e-type=\"column\" data-settings=\"{&quot;animation&quot;:&quot;fadeIn&quot;,&quot;animation_delay&quot;:200}\">\n\t\t\t<div class=\"elementor-widget-wrap elementor-element-populated\">\n\t\t\t\t\t\t<div class=\"elementor-element elementor-element-69eeacf de_scroll_animation_no elementor-widget elementor-widget-html\" data-id=\"69eeacf\" data-element_type=\"widget\" data-e-type=\"widget\" data-widget_type=\"html.default\">\n\t\t\t\t<div class=\"elementor-widget-container\">\n\t\t\t\t\t<script>\r\njQuery(document).ready(function($) {\r\nvar delay = 100; setTimeout(function() {\r\n$('.elementor-tab-title').removeClass('elementor-active');\r\n $('.elementor-tab-content').css('display', 'none'); }, delay);\r\n});\r\n<\/script>\t\t\t\t<\/div>\n\t\t\t\t<\/div>\n\t\t\t\t<section class=\"elementor-section elementor-inner-section elementor-element elementor-element-a7e26a2 elementor-section-boxed elementor-section-height-default elementor-section-height-default\" data-id=\"a7e26a2\" data-element_type=\"section\" data-e-type=\"section\">\n\t\t\t\t\t\t<div class=\"elementor-container elementor-column-gap-default\">\n\t\t\t\t\t<div class=\"elementor-column elementor-col-100 elementor-inner-column elementor-element elementor-element-4194061\" data-id=\"4194061\" data-element_type=\"column\" data-e-type=\"column\">\n\t\t\t<div class=\"elementor-widget-wrap elementor-element-populated\">\n\t\t\t\t\t\t<div class=\"elementor-element elementor-element-d13fefb de_scroll_animation_no elementor-widget elementor-widget-heading\" data-id=\"d13fefb\" data-element_type=\"widget\" data-e-type=\"widget\" data-widget_type=\"heading.default\">\n\t\t\t\t<div class=\"elementor-widget-container\">\n\t\t\t\t\t<h4 class=\"elementor-heading-title elementor-size-default\"><a href=\"https:\/\/candor.hu\/index.php\/jelentkezz-szkippernek\/\">Jelentkezz szkippernek<\/a><\/h4>\t\t\t\t<\/div>\n\t\t\t\t<\/div>\n\t\t\t\t<div class=\"elementor-element elementor-element-44f0837 de_scroll_animation_no elementor-widget elementor-widget-text-editor\" data-id=\"44f0837\" data-element_type=\"widget\" data-e-type=\"widget\" data-widget_type=\"text-editor.default\">\n\t\t\t\t<div class=\"elementor-widget-container\">\n\t\t\t\t\t\t\t\t\t<p>\u00dcdv\u00f6zl\u00fcnk a leend\u0151 c\u00e9gedn\u00e9l, egy csal\u00e1di tulajdonban l\u00e9v\u0151 vitorl\u00e1s k\u00f6lcs\u00f6nz\u0151n\u00e9l, Marina Kastelai b\u00e1zissal. Idei \u00e9s elk\u00f6vetkez\u0151 szezonjainkra\u00a0 tapasztalt \u00e9s enged\u00e9llyel rendelkez\u0151 skippereket keres\u00fcnk a vil\u00e1g minden t\u00e1j\u00e1r\u00f3l, a k\u00f6r\u00fclbel\u00fcl 40-50 f\u0151s szkipper csapatunkba. Flott\u00e1nk 15 vitorl\u00e1s haj\u00f3b\u00f3l \u00e1ll, amiket az Adri\u00e1n adunk b\u00e9rbe, \u00e9s olyan szkippereket keres\u00fcnk, akik seg\u00edtenek nek\u00fcnk abban, hogy kiv\u00e1l\u00f3 \u00e9lm\u00e9nyt ny\u00fajtsunk \u00fcgyfeleinknek.<\/p>\t\t\t\t\t\t\t\t<\/div>\n\t\t\t\t<\/div>\n\t\t\t\t<div class=\"elementor-element elementor-element-bfb1904 elementor-button-info de_scroll_animation_no elementor-widget elementor-widget-button\" data-id=\"bfb1904\" data-element_type=\"widget\" data-e-type=\"widget\" data-widget_type=\"button.default\">\n\t\t\t\t<div class=\"elementor-widget-container\">\n\t\t\t\t\t\t\t\t\t<div class=\"elementor-button-wrapper\">\n\t\t\t\t\t<a class=\"elementor-button elementor-button-link elementor-size-sm\" href=\"https:\/\/candor.hu\/index.php\/jelentkezz-szkippernek\/\">\n\t\t\t\t\t\t<span class=\"elementor-button-content-wrapper\">\n\t\t\t\t\t\t\t\t\t<span class=\"elementor-button-text\">Tov\u00e1bb olvasom<\/span>\n\t\t\t\t\t<\/span>\n\t\t\t\t\t<\/a>\n\t\t\t\t<\/div>\n\t\t\t\t\t\t\t\t<\/div>\n\t\t\t\t<\/div>\n\t\t\t\t\t<\/div>\n\t\t<\/div>\n\t\t\t\t\t<\/div>\n\t\t<\/section>\n\t\t\t\t<section class=\"elementor-section elementor-inner-section elementor-element elementor-element-9084e02 elementor-section-boxed elementor-section-height-default elementor-section-height-default\" data-id=\"9084e02\" data-element_type=\"section\" data-e-type=\"section\">\n\t\t\t\t\t\t<div class=\"elementor-container elementor-column-gap-wider\">\n\t\t\t\t\t<div class=\"elementor-column elementor-col-33 elementor-inner-column elementor-element elementor-element-cc89d3a\" data-id=\"cc89d3a\" data-element_type=\"column\" data-e-type=\"column\">\n\t\t\t<div class=\"elementor-widget-wrap elementor-element-populated\">\n\t\t\t\t\t\t<div class=\"elementor-element elementor-element-03bd3d9 de_scroll_animation_no elementor-widget elementor-widget-heading\" data-id=\"03bd3d9\" data-element_type=\"widget\" data-e-type=\"widget\" data-widget_type=\"heading.default\">\n\t\t\t\t<div class=\"elementor-widget-container\">\n\t\t\t\t\t<h4 class=\"elementor-heading-title elementor-size-default\">Budapest Boatshow 2025<\/h4>\t\t\t\t<\/div>\n\t\t\t\t<\/div>\n\t\t\t\t<div class=\"elementor-element elementor-element-23f302c de_scroll_animation_no elementor-widget elementor-widget-text-editor\" data-id=\"23f302c\" data-element_type=\"widget\" data-e-type=\"widget\" data-widget_type=\"text-editor.default\">\n\t\t\t\t<div class=\"elementor-widget-container\">\n\t\t\t\t\t\t\t\t\t<p><span style=\"font-family: 'Work Sans', sans-serif; font-size: 14px; font-style: normal; font-variant-ligatures: normal; font-variant-caps: normal; font-weight: 400;\">Hamarosan&#8230;<\/span><\/p>\t\t\t\t\t\t\t\t<\/div>\n\t\t\t\t<\/div>\n\t\t\t\t<div class=\"elementor-element elementor-element-e2d3cd5 elementor-button-info de_scroll_animation_no elementor-widget elementor-widget-button\" data-id=\"e2d3cd5\" data-element_type=\"widget\" data-e-type=\"widget\" data-widget_type=\"button.default\">\n\t\t\t\t<div class=\"elementor-widget-container\">\n\t\t\t\t\t\t\t\t\t<div class=\"elementor-button-wrapper\">\n\t\t\t\t\t<a class=\"elementor-button elementor-size-sm\" role=\"button\">\n\t\t\t\t\t\t<span class=\"elementor-button-content-wrapper\">\n\t\t\t\t\t\t\t\t\t<span class=\"elementor-button-text\">Tov\u00e1bb olvasom<\/span>\n\t\t\t\t\t<\/span>\n\t\t\t\t\t<\/a>\n\t\t\t\t<\/div>\n\t\t\t\t\t\t\t\t<\/div>\n\t\t\t\t<\/div>\n\t\t\t\t\t<\/div>\n\t\t<\/div>\n\t\t\t\t<div class=\"elementor-column elementor-col-33 elementor-inner-column elementor-element elementor-element-f81c7cf\" data-id=\"f81c7cf\" data-element_type=\"column\" data-e-type=\"column\">\n\t\t\t<div class=\"elementor-widget-wrap elementor-element-populated\">\n\t\t\t\t\t\t<div class=\"elementor-element elementor-element-7f2c391 de_scroll_animation_no elementor-widget elementor-widget-heading\" data-id=\"7f2c391\" data-element_type=\"widget\" data-e-type=\"widget\" data-widget_type=\"heading.default\">\n\t\t\t\t<div class=\"elementor-widget-container\">\n\t\t\t\t\t<h4 class=\"elementor-heading-title elementor-size-default\">Kar\u00e1csonyi K\u00e9pn\u00e9zeget\u00e9s<\/h4>\t\t\t\t<\/div>\n\t\t\t\t<\/div>\n\t\t\t\t<div class=\"elementor-element elementor-element-10902d5 de_scroll_animation_no elementor-widget elementor-widget-text-editor\" data-id=\"10902d5\" data-element_type=\"widget\" data-e-type=\"widget\" data-widget_type=\"text-editor.default\">\n\t\t\t\t<div class=\"elementor-widget-container\">\n\t\t\t\t\t\t\t\t\t<p><span style=\"font-family: 'Work Sans', sans-serif; font-size: 14px; font-style: normal; font-variant-ligatures: normal; font-variant-caps: normal; font-weight: 400;\">Hamarosan&#8230;<\/span><\/p>\t\t\t\t\t\t\t\t<\/div>\n\t\t\t\t<\/div>\n\t\t\t\t<div class=\"elementor-element elementor-element-3c22b25 elementor-button-info de_scroll_animation_no elementor-widget elementor-widget-button\" data-id=\"3c22b25\" data-element_type=\"widget\" data-e-type=\"widget\" data-widget_type=\"button.default\">\n\t\t\t\t<div class=\"elementor-widget-container\">\n\t\t\t\t\t\t\t\t\t<div class=\"elementor-button-wrapper\">\n\t\t\t\t\t<a class=\"elementor-button elementor-size-sm\" role=\"button\">\n\t\t\t\t\t\t<span class=\"elementor-button-content-wrapper\">\n\t\t\t\t\t\t\t\t\t<span class=\"elementor-button-text\">Tov\u00e1bb olvasom<\/span>\n\t\t\t\t\t<\/span>\n\t\t\t\t\t<\/a>\n\t\t\t\t<\/div>\n\t\t\t\t\t\t\t\t<\/div>\n\t\t\t\t<\/div>\n\t\t\t\t\t<\/div>\n\t\t<\/div>\n\t\t\t\t<div class=\"elementor-column elementor-col-33 elementor-inner-column elementor-element elementor-element-2da7830\" data-id=\"2da7830\" data-element_type=\"column\" data-e-type=\"column\">\n\t\t\t<div class=\"elementor-widget-wrap elementor-element-populated\">\n\t\t\t\t\t\t<div class=\"elementor-element elementor-element-a382aa2 de_scroll_animation_no elementor-widget elementor-widget-heading\" data-id=\"a382aa2\" data-element_type=\"widget\" data-e-type=\"widget\" data-widget_type=\"heading.default\">\n\t\t\t\t<div class=\"elementor-widget-container\">\n\t\t\t\t\t<h4 class=\"elementor-heading-title elementor-size-default\">Booking Manager Summit 2025<\/h4>\t\t\t\t<\/div>\n\t\t\t\t<\/div>\n\t\t\t\t<div class=\"elementor-element elementor-element-536d954 de_scroll_animation_no elementor-widget elementor-widget-text-editor\" data-id=\"536d954\" data-element_type=\"widget\" data-e-type=\"widget\" data-widget_type=\"text-editor.default\">\n\t\t\t\t<div class=\"elementor-widget-container\">\n\t\t\t\t\t\t\t\t\t<p><span style=\"font-family: 'Work Sans', sans-serif; font-size: 14px; font-style: normal; font-variant-ligatures: normal; font-variant-caps: normal; font-weight: 400;\">Hamarosan&#8230;<\/span><\/p>\t\t\t\t\t\t\t\t<\/div>\n\t\t\t\t<\/div>\n\t\t\t\t<div class=\"elementor-element elementor-element-b202458 elementor-button-info de_scroll_animation_no elementor-widget elementor-widget-button\" data-id=\"b202458\" data-element_type=\"widget\" data-e-type=\"widget\" data-widget_type=\"button.default\">\n\t\t\t\t<div class=\"elementor-widget-container\">\n\t\t\t\t\t\t\t\t\t<div class=\"elementor-button-wrapper\">\n\t\t\t\t\t<a class=\"elementor-button elementor-button-link elementor-size-sm\" href=\"https:\/\/candor.hu\/index.php\/booking-manager-summit-2022\/\">\n\t\t\t\t\t\t<span class=\"elementor-button-content-wrapper\">\n\t\t\t\t\t\t\t\t\t<span class=\"elementor-button-text\">Tov\u00e1bb olvasom<\/span>\n\t\t\t\t\t<\/span>\n\t\t\t\t\t<\/a>\n\t\t\t\t<\/div>\n\t\t\t\t\t\t\t\t<\/div>\n\t\t\t\t<\/div>\n\t\t\t\t\t<\/div>\n\t\t<\/div>\n\t\t\t\t\t<\/div>\n\t\t<\/section>\n\t\t\t\t<section class=\"elementor-section elementor-inner-section elementor-element elementor-element-af50b60 elementor-section-boxed elementor-section-height-default elementor-section-height-default\" data-id=\"af50b60\" data-element_type=\"section\" data-e-type=\"section\">\n\t\t\t\t\t\t<div class=\"elementor-container elementor-column-gap-wider\">\n\t\t\t\t\t<div class=\"elementor-column elementor-col-100 elementor-inner-column elementor-element elementor-element-ee47df7\" data-id=\"ee47df7\" data-element_type=\"column\" data-e-type=\"column\">\n\t\t\t<div class=\"elementor-widget-wrap\">\n\t\t\t\t\t\t\t<\/div>\n\t\t<\/div>\n\t\t\t\t\t<\/div>\n\t\t<\/section>\n\t\t\t\t\t<\/div>\n\t\t<\/div>\n\t\t\t\t\t<\/div>\n\t\t<\/section>\n\t\t\t\t<section class=\"elementor-section elementor-top-section elementor-element elementor-element-328521b1 elementor-section-full_width elementor-section-height-default elementor-section-height-default elementor-invisible\" data-id=\"328521b1\" data-element_type=\"section\" data-e-type=\"section\" data-settings=\"{&quot;animation&quot;:&quot;fadeIn&quot;}\">\n\t\t\t\t\t\t<div class=\"elementor-container elementor-column-gap-default\">\n\t\t\t\t\t<div class=\"elementor-column elementor-col-100 elementor-top-column elementor-element elementor-element-1fddbeed\" data-id=\"1fddbeed\" data-element_type=\"column\" data-e-type=\"column\">\n\t\t\t<div class=\"elementor-widget-wrap elementor-element-populated\">\n\t\t\t\t\t\t<div class=\"elementor-element elementor-element-25a610e2 de_scroll_animation_no elementor-widget elementor-widget-google_maps\" data-id=\"25a610e2\" data-element_type=\"widget\" data-e-type=\"widget\" data-widget_type=\"google_maps.default\">\n\t\t\t\t<div class=\"elementor-widget-container\">\n\t\t\t\t\t\t\t<div class=\"elementor-custom-embed\">\n\t\t\t<iframe loading=\"lazy\"\n\t\t\t\t\tsrc=\"https:\/\/maps.google.com\/maps?q=Candor%20Charter%2C%20Cesta%20Franje%20Tu%C4%91mana%2C%20Ka%C5%A1tel%20Gomilica%2C%20Horv%C3%A1torsz%C3%A1g&#038;t=m&#038;z=14&#038;output=embed&#038;iwloc=near\"\n\t\t\t\t\ttitle=\"Candor Charter, Cesta Franje Tu\u0111mana, Ka\u0161tel Gomilica, Horv\u00e1torsz\u00e1g\"\n\t\t\t\t\taria-label=\"Candor Charter, Cesta Franje Tu\u0111mana, Ka\u0161tel Gomilica, Horv\u00e1torsz\u00e1g\"\n\t\t\t><\/iframe>\n\t\t<\/div>\n\t\t\t\t\t\t<\/div>\n\t\t\t\t<\/div>\n\t\t\t\t\t<\/div>\n\t\t<\/div>\n\t\t\t\t\t<\/div>\n\t\t<\/section>\n\t\t\t\t<\/div>\n\t\t","protected":false},"excerpt":{"rendered":"<p>C\u00e9ges esem\u00e9nyek kezd\u0151lap C\u00e9ges esem\u00e9nyek Jelentkezz szkippernek \u00dcdv\u00f6zl\u00fcnk a leend\u0151 c\u00e9gedn\u00e9l, egy csal\u00e1di tulajdonban l\u00e9v\u0151 vitorl\u00e1s k\u00f6lcs\u00f6nz\u0151n\u00e9l, Marina Kastelai b\u00e1zissal. Idei \u00e9s elk\u00f6vetkez\u0151 szezonjainkra\u00a0 tapasztalt \u00e9s enged\u00e9llyel rendelkez\u0151 skippereket keres\u00fcnk a vil\u00e1g minden t\u00e1j\u00e1r\u00f3l, a k\u00f6r\u00fclbel\u00fcl 40-50 f\u0151s szkipper csapatunkba. Flott\u00e1nk 15 vitorl\u00e1s haj\u00f3b\u00f3l \u00e1ll, amiket az Adri\u00e1n adunk b\u00e9rbe, \u00e9s olyan szkippereket keres\u00fcnk, akik [&hellip;]<\/p>\n","protected":false},"author":3,"featured_media":0,"parent":0,"menu_order":0,"comment_status":"closed","ping_status":"closed","template":"elementor_header_footer","meta":{"footnotes":""},"class_list":["post-5149","page","type-page","status-publish","hentry","entry","owp-thumbs-layout-horizontal","owp-btn-normal","owp-tabs-layout-horizontal","has-no-thumbnails","has-product-nav"],"yoast_head":"<!-- This site is optimized with the Yoast SEO plugin v27.2 - https:\/\/yoast.com\/product\/yoast-seo-wordpress\/ -->\n<title>Blog | Vitorl\u00e1z\u00e1s Horv\u00e1torsz\u00e1g | Candor.hu<\/title>\n<meta name=\"description\" content=\"Legfrissebb h\u00edreinket, valamint \u00e9rdekes inform\u00e1ci\u00f3kat olvashatsz a vitorl\u00e1s haj\u00f3kr\u00f3l, vitorl\u00e1z\u00e1sr\u00f3l illetve a Candor k\u00f6z\u00f6ss\u00e9gi \u00e9let\u00e9r\u0151l.\" \/>\n<meta name=\"robots\" content=\"index, follow, max-snippet:-1, max-image-preview:large, max-video-preview:-1\" \/>\n<link rel=\"canonical\" href=\"https:\/\/candor.hu\/index.php\/esemenyek\/\" \/>\n<meta property=\"og:locale\" content=\"hu_HU\" \/>\n<meta property=\"og:type\" content=\"article\" \/>\n<meta property=\"og:title\" content=\"Blog | Vitorl\u00e1z\u00e1s Horv\u00e1torsz\u00e1g | Candor.hu\" \/>\n<meta property=\"og:description\" content=\"Legfrissebb h\u00edreinket, valamint \u00e9rdekes inform\u00e1ci\u00f3kat olvashatsz a vitorl\u00e1s haj\u00f3kr\u00f3l, vitorl\u00e1z\u00e1sr\u00f3l illetve a Candor k\u00f6z\u00f6ss\u00e9gi \u00e9let\u00e9r\u0151l.\" \/>\n<meta property=\"og:url\" content=\"https:\/\/candor.hu\/index.php\/esemenyek\/\" \/>\n<meta property=\"og:site_name\" content=\"Candor\" \/>\n<meta property=\"article:modified_time\" content=\"2024-06-18T10:26:14+00:00\" \/>\n<meta name=\"twitter:card\" content=\"summary_large_image\" \/>\n<meta name=\"twitter:label1\" content=\"Becs\u00fclt olvas\u00e1si id\u0151\" \/>\n\t<meta name=\"twitter:data1\" content=\"1 perc\" \/>\n<script type=\"application\/ld+json\" class=\"yoast-schema-graph\">{\"@context\":\"https:\/\/schema.org\",\"@graph\":[{\"@type\":\"WebPage\",\"@id\":\"https:\/\/candor.hu\/index.php\/esemenyek\/\",\"url\":\"https:\/\/candor.hu\/index.php\/esemenyek\/\",\"name\":\"Blog | Vitorl\u00e1z\u00e1s Horv\u00e1torsz\u00e1g | Candor.hu\",\"isPartOf\":{\"@id\":\"https:\/\/candor.hu\/#website\"},\"datePublished\":\"2024-06-18T10:21:01+00:00\",\"dateModified\":\"2024-06-18T10:26:14+00:00\",\"description\":\"Legfrissebb h\u00edreinket, valamint \u00e9rdekes inform\u00e1ci\u00f3kat olvashatsz a vitorl\u00e1s haj\u00f3kr\u00f3l, vitorl\u00e1z\u00e1sr\u00f3l illetve a Candor k\u00f6z\u00f6ss\u00e9gi \u00e9let\u00e9r\u0151l.\",\"breadcrumb\":{\"@id\":\"https:\/\/candor.hu\/index.php\/esemenyek\/#breadcrumb\"},\"inLanguage\":\"hu\",\"potentialAction\":[{\"@type\":\"ReadAction\",\"target\":[\"https:\/\/candor.hu\/index.php\/esemenyek\/\"]}]},{\"@type\":\"BreadcrumbList\",\"@id\":\"https:\/\/candor.hu\/index.php\/esemenyek\/#breadcrumb\",\"itemListElement\":[{\"@type\":\"ListItem\",\"position\":1,\"name\":\"Kezd\u0151lap\",\"item\":\"https:\/\/candor.hu\/\"},{\"@type\":\"ListItem\",\"position\":2,\"name\":\"Esem\u00e9nyek\"}]},{\"@type\":\"WebSite\",\"@id\":\"https:\/\/candor.hu\/#website\",\"url\":\"https:\/\/candor.hu\/\",\"name\":\"Candor\",\"description\":\"\",\"publisher\":{\"@id\":\"https:\/\/candor.hu\/#organization\"},\"potentialAction\":[{\"@type\":\"SearchAction\",\"target\":{\"@type\":\"EntryPoint\",\"urlTemplate\":\"https:\/\/candor.hu\/?s={search_term_string}\"},\"query-input\":{\"@type\":\"PropertyValueSpecification\",\"valueRequired\":true,\"valueName\":\"search_term_string\"}}],\"inLanguage\":\"hu\"},{\"@type\":\"Organization\",\"@id\":\"https:\/\/candor.hu\/#organization\",\"name\":\"Candor\",\"url\":\"https:\/\/candor.hu\/\",\"logo\":{\"@type\":\"ImageObject\",\"inLanguage\":\"hu\",\"@id\":\"https:\/\/candor.hu\/#\/schema\/logo\/image\/\",\"url\":\"https:\/\/candor.hu\/wp-content\/uploads\/2023\/05\/cropped-candorlogo-01.png\",\"contentUrl\":\"https:\/\/candor.hu\/wp-content\/uploads\/2023\/05\/cropped-candorlogo-01.png\",\"width\":754,\"height\":206,\"caption\":\"Candor\"},\"image\":{\"@id\":\"https:\/\/candor.hu\/#\/schema\/logo\/image\/\"}}]}<\/script>\n<!-- \/ Yoast SEO plugin. -->","yoast_head_json":{"title":"Blog | Vitorl\u00e1z\u00e1s Horv\u00e1torsz\u00e1g | Candor.hu","description":"Legfrissebb h\u00edreinket, valamint \u00e9rdekes inform\u00e1ci\u00f3kat olvashatsz a vitorl\u00e1s haj\u00f3kr\u00f3l, vitorl\u00e1z\u00e1sr\u00f3l illetve a Candor k\u00f6z\u00f6ss\u00e9gi \u00e9let\u00e9r\u0151l.","robots":{"index":"index","follow":"follow","max-snippet":"max-snippet:-1","max-image-preview":"max-image-preview:large","max-video-preview":"max-video-preview:-1"},"canonical":"https:\/\/candor.hu\/index.php\/esemenyek\/","og_locale":"hu_HU","og_type":"article","og_title":"Blog | Vitorl\u00e1z\u00e1s Horv\u00e1torsz\u00e1g | Candor.hu","og_description":"Legfrissebb h\u00edreinket, valamint \u00e9rdekes inform\u00e1ci\u00f3kat olvashatsz a vitorl\u00e1s haj\u00f3kr\u00f3l, vitorl\u00e1z\u00e1sr\u00f3l illetve a Candor k\u00f6z\u00f6ss\u00e9gi \u00e9let\u00e9r\u0151l.","og_url":"https:\/\/candor.hu\/index.php\/esemenyek\/","og_site_name":"Candor","article_modified_time":"2024-06-18T10:26:14+00:00","twitter_card":"summary_large_image","twitter_misc":{"Becs\u00fclt olvas\u00e1si id\u0151":"1 perc"},"schema":{"@context":"https:\/\/schema.org","@graph":[{"@type":"WebPage","@id":"https:\/\/candor.hu\/index.php\/esemenyek\/","url":"https:\/\/candor.hu\/index.php\/esemenyek\/","name":"Blog | Vitorl\u00e1z\u00e1s Horv\u00e1torsz\u00e1g | Candor.hu","isPartOf":{"@id":"https:\/\/candor.hu\/#website"},"datePublished":"2024-06-18T10:21:01+00:00","dateModified":"2024-06-18T10:26:14+00:00","description":"Legfrissebb h\u00edreinket, valamint \u00e9rdekes inform\u00e1ci\u00f3kat olvashatsz a vitorl\u00e1s haj\u00f3kr\u00f3l, vitorl\u00e1z\u00e1sr\u00f3l illetve a Candor k\u00f6z\u00f6ss\u00e9gi \u00e9let\u00e9r\u0151l.","breadcrumb":{"@id":"https:\/\/candor.hu\/index.php\/esemenyek\/#breadcrumb"},"inLanguage":"hu","potentialAction":[{"@type":"ReadAction","target":["https:\/\/candor.hu\/index.php\/esemenyek\/"]}]},{"@type":"BreadcrumbList","@id":"https:\/\/candor.hu\/index.php\/esemenyek\/#breadcrumb","itemListElement":[{"@type":"ListItem","position":1,"name":"Kezd\u0151lap","item":"https:\/\/candor.hu\/"},{"@type":"ListItem","position":2,"name":"Esem\u00e9nyek"}]},{"@type":"WebSite","@id":"https:\/\/candor.hu\/#website","url":"https:\/\/candor.hu\/","name":"Candor","description":"","publisher":{"@id":"https:\/\/candor.hu\/#organization"},"potentialAction":[{"@type":"SearchAction","target":{"@type":"EntryPoint","urlTemplate":"https:\/\/candor.hu\/?s={search_term_string}"},"query-input":{"@type":"PropertyValueSpecification","valueRequired":true,"valueName":"search_term_string"}}],"inLanguage":"hu"},{"@type":"Organization","@id":"https:\/\/candor.hu\/#organization","name":"Candor","url":"https:\/\/candor.hu\/","logo":{"@type":"ImageObject","inLanguage":"hu","@id":"https:\/\/candor.hu\/#\/schema\/logo\/image\/","url":"https:\/\/candor.hu\/wp-content\/uploads\/2023\/05\/cropped-candorlogo-01.png","contentUrl":"https:\/\/candor.hu\/wp-content\/uploads\/2023\/05\/cropped-candorlogo-01.png","width":754,"height":206,"caption":"Candor"},"image":{"@id":"https:\/\/candor.hu\/#\/schema\/logo\/image\/"}}]}},"jetpack_sharing_enabled":true,"_links":{"self":[{"href":"https:\/\/candor.hu\/index.php\/wp-json\/wp\/v2\/pages\/5149","targetHints":{"allow":["GET"]}}],"collection":[{"href":"https:\/\/candor.hu\/index.php\/wp-json\/wp\/v2\/pages"}],"about":[{"href":"https:\/\/candor.hu\/index.php\/wp-json\/wp\/v2\/types\/page"}],"author":[{"embeddable":true,"href":"https:\/\/candor.hu\/index.php\/wp-json\/wp\/v2\/users\/3"}],"replies":[{"embeddable":true,"href":"https:\/\/candor.hu\/index.php\/wp-json\/wp\/v2\/comments?post=5149"}],"version-history":[{"count":16,"href":"https:\/\/candor.hu\/index.php\/wp-json\/wp\/v2\/pages\/5149\/revisions"}],"predecessor-version":[{"id":5165,"href":"https:\/\/candor.hu\/index.php\/wp-json\/wp\/v2\/pages\/5149\/revisions\/5165"}],"wp:attachment":[{"href":"https:\/\/candor.hu\/index.php\/wp-json\/wp\/v2\/media?parent=5149"}],"curies":[{"name":"wp","href":"https:\/\/api.w.org\/{rel}","templated":true}]}}