{"id":5257,"date":"2024-07-24T08:42:44","date_gmt":"2024-07-24T08:42:44","guid":{"rendered":"https:\/\/candor.hu\/?page_id=5257"},"modified":"2024-07-26T09:04:21","modified_gmt":"2024-07-26T09:04:21","slug":"vitorlas-tanfolyam-horvatorszagban-a-candorral","status":"publish","type":"page","link":"https:\/\/candor.hu\/index.php\/vitorlas-tanfolyam-horvatorszagban-a-candorral\/","title":{"rendered":"Vitorl\u00e1s tanfolyam Horv\u00e1torsz\u00e1gban a Candorral"},"content":{"rendered":"\t\t<div data-elementor-type=\"wp-page\" data-elementor-id=\"5257\" class=\"elementor elementor-5257\" data-elementor-post-type=\"page\">\n\t\t\t\t\t\t<section class=\"elementor-section elementor-top-section elementor-element elementor-element-b1904c6 elementor-section-boxed elementor-section-height-default elementor-section-height-default\" data-id=\"b1904c6\" data-element_type=\"section\" data-e-type=\"section\">\n\t\t\t\t\t\t<div class=\"elementor-container elementor-column-gap-default\">\n\t\t\t\t\t<div class=\"elementor-column elementor-col-100 elementor-top-column elementor-element elementor-element-cf2dc39\" data-id=\"cf2dc39\" data-element_type=\"column\" data-e-type=\"column\">\n\t\t\t<div class=\"elementor-widget-wrap elementor-element-populated\">\n\t\t\t\t\t\t<div class=\"elementor-element elementor-element-169c2e5 de_scroll_animation_no elementor-widget elementor-widget-spacer\" data-id=\"169c2e5\" data-element_type=\"widget\" data-e-type=\"widget\" data-widget_type=\"spacer.default\">\n\t\t\t\t<div class=\"elementor-widget-container\">\n\t\t\t\t\t\t\t<div class=\"elementor-spacer\">\n\t\t\t<div class=\"elementor-spacer-inner\"><\/div>\n\t\t<\/div>\n\t\t\t\t\t\t<\/div>\n\t\t\t\t<\/div>\n\t\t\t\t\t<\/div>\n\t\t<\/div>\n\t\t\t\t\t<\/div>\n\t\t<\/section>\n\t\t\t\t<section class=\"elementor-section elementor-top-section elementor-element elementor-element-effffe4 elementor-section-boxed elementor-section-height-default elementor-section-height-default\" data-id=\"effffe4\" data-element_type=\"section\" data-e-type=\"section\">\n\t\t\t\t\t\t<div class=\"elementor-container elementor-column-gap-default\">\n\t\t\t\t\t<div class=\"elementor-column elementor-col-100 elementor-top-column elementor-element elementor-element-3f93716\" data-id=\"3f93716\" data-element_type=\"column\" data-e-type=\"column\">\n\t\t\t<div class=\"elementor-widget-wrap elementor-element-populated\">\n\t\t\t\t\t\t<div class=\"elementor-element elementor-element-8dabc51 de_scroll_animation_no elementor-widget elementor-widget-heading\" data-id=\"8dabc51\" data-element_type=\"widget\" data-e-type=\"widget\" data-widget_type=\"heading.default\">\n\t\t\t\t<div class=\"elementor-widget-container\">\n\t\t\t\t\t<h2 class=\"elementor-heading-title elementor-size-default\">Vitorl\u00e1s tanfolyam Horv\u00e1torsz\u00e1gban a Candorral<\/h2>\t\t\t\t<\/div>\n\t\t\t\t<\/div>\n\t\t\t\t\t<\/div>\n\t\t<\/div>\n\t\t\t\t\t<\/div>\n\t\t<\/section>\n\t\t\t\t<section class=\"elementor-section elementor-top-section elementor-element elementor-element-152df18 elementor-section-boxed elementor-section-height-default elementor-section-height-default\" data-id=\"152df18\" data-element_type=\"section\" data-e-type=\"section\">\n\t\t\t\t\t\t<div class=\"elementor-container elementor-column-gap-default\">\n\t\t\t\t\t<div class=\"elementor-column elementor-col-100 elementor-top-column elementor-element elementor-element-3187e82\" data-id=\"3187e82\" data-element_type=\"column\" data-e-type=\"column\">\n\t\t\t<div class=\"elementor-widget-wrap elementor-element-populated\">\n\t\t\t\t\t\t<div class=\"elementor-element elementor-element-bbfea13 de_scroll_animation_no elementor-widget elementor-widget-text-editor\" data-id=\"bbfea13\" data-element_type=\"widget\" data-e-type=\"widget\" data-widget_type=\"text-editor.default\">\n\t\t\t\t<div class=\"elementor-widget-container\">\n\t\t\t\t\t\t\t\t\t<p>Szeretn\u00e9l vitorl\u00e1zni, de eddig legink\u00e1bb messzir\u0151l csod\u00e1ltad a haj\u00f3kat, ahogy dagad a vitorl\u00e1juk \u00e9s szelik a hull\u00e1mokat, esetleg csak utask\u00e9nt volt r\u00e9szed a kalandban? A vitorl\u00e1z\u00e1s nem csup\u00e1n egy hobbi vagy sport, t\u00f6bb ann\u00e1l. A vitorl\u00e1z\u00e1s \u00e9letforma is. A Candorn\u00e1l lehet\u0151s\u00e9ged van vitorl\u00e1s oktat\u00e1son r\u00e9szt venni. Az \u00e1ltalunk szervezett vitorl\u00e1s tanfolyamokat Horv\u00e1torsz\u00e1gban tartjuk.<\/p><p>Miel\u0151tt jelentkezn\u00e9l valamelyik k\u00e9pz\u00e9s\u00fcnkre, \u00e9rdemes tiszt\u00e1ban lenni azzal, hogy a vitorl\u00e1z\u00e1s sokszor tartogat v\u00e1ratlan \u00e9s vesz\u00e9lyes helyzeteket. A vitorl\u00e1z\u00e1s egy igen \u00f6sszetett \u00e9s kih\u00edv\u00e1sokkal teli tev\u00e9kenys\u00e9g, amely sor\u00e1n sz\u00e1mos elm\u00e9leti ismeretet kell \u00e1t\u00fcltetned a gyakorlatba. A vitorl\u00e1s tanfolyamok sor\u00e1n megtanulhatod, hogyan ir\u00e1ny\u00edtsd a haj\u00f3t, hogyan navig\u00e1lj, \u00e9s hogyan haszn\u00e1ld ki a legjobban szelet.<\/p><p>Mint m\u00e1r eml\u00edtett\u00fck, a vitorl\u00e1z\u00e1s nem vesz\u00e9lytelen, de a megfelel\u0151 vitorl\u00e1s oktat\u00e1ssal nagy m\u00e9rt\u00e9kben cs\u00f6kkentheted a kock\u00e1zatokat. A k\u00e9pz\u00e9s alatt megtanulhatod a biztons\u00e1gi el\u0151\u00edr\u00e1sokat, a ment\u00e9si technik\u00e1kat \u00e9s a v\u00e9szhelyzeti elj\u00e1r\u00e1sokat, melyekre rem\u00e9lj\u00fck soha nem lesz sz\u00fcks\u00e9ged, de ha m\u00e9gis v\u00e9szhelyzetbe ker\u00fclsz, ezek az ismeretek ak\u00e1r \u00e9letet is menthetnek.<\/p><p>Egyed\u00fcl nekiv\u00e1gni a szinte v\u00e9gtelen tengernek nem csak mag\u00e1nyos, de kock\u00e1zatos v\u00e1llal\u00e1s is. A vitorl\u00e1z\u00e1s legink\u00e1bb csapatmunka, hiszen sz\u00e1mos dologra kell egyszerre figyelni. A <a href=\"https:\/\/candor.hu\/index.php\/vitorlas-treningek\/\">Candor vitorl\u00e1s tanfolyamok<\/a> remek alkalmat ny\u00fajtanak \u00faj bar\u00e1tok \u00e9s kapcsolatok \u00e9p\u00edt\u00e9s\u00e9re, de ak\u00e1r csal\u00e1ddal vagy bar\u00e1taiddal egy\u00fctt is r\u00e9szt vehettek az oktat\u00e1son.<\/p><p>A Candorn\u00e1l t\u00f6bb t\u00edpus\u00fa vitorl\u00e1s tanfolyamot is k\u00edn\u00e1lunk<\/p><ul><li>Alapoz\u00f3 tengeri man\u0151ver tr\u00e9ning\u00fcnket els\u0151sorban azon jelentkez\u0151knek javasoljuk, akik m\u00e1r vitorl\u00e1ztak p\u00e1rszor, de m\u00e9ly\u00edteni szeretn\u00e9k a gyakorlati tud\u00e1sukat, illetve akik most szeretn\u00e9k elkezdeni ezt az egyed\u00fcl\u00e1ll\u00f3 \u00e9s k\u00fcl\u00f6nleges sportot. A vitorl\u00e1s oktat\u00e1s sor\u00e1n megismerkedhetsz a vitorl\u00e1z\u00e1s alapvet\u0151 fogalmaival, a haj\u00f3 r\u00e9szeivel \u00e9s az alap man\u0151verekkel.<\/li><\/ul><p>Az <a href=\"https:\/\/candor.hu\/index.php\/tengeri-manover-trening\/\">alapoz\u00f3 vitorl\u00e1s oktat\u00e1s az Adri\u00e1n<\/a> felk\u00e9sz\u00edt az \u00f6n\u00e1ll\u00f3 haj\u00f3b\u00e9rl\u00e9sre is.<\/p><ul><li><a href=\"https:\/\/candor.hu\/index.php\/halado-manover-trening\/\">Halad\u00f3 man\u0151ver vitorl\u00e1s tanfolyamra<\/a> v\u00e1rjuk azokat, akik m\u00e1r sokat vitorl\u00e1ztak, a kik\u00f6t\u0151i man\u0151verekben m\u00e1r gyakorlottak, m\u00e9ly\u00edteni szeretn\u00e9k a gyakorlati tud\u00e1sukat, \u00e9s megtanulni extr\u00e9m helyzetek kezel\u00e9s\u00e9t is.<\/li><\/ul><p>\u00a0<\/p><ul><li><a href=\"https:\/\/candor.hu\/index.php\/katamaran-trening\/\">Katamar\u00e1n oktat\u00e1sunkat<\/a> f\u0151k\u00e9nt azok sz\u00e1m\u00e1ra aj\u00e1nljuk, akik m\u00e1r rendelkeznek megfelel\u0151 tapasztalattal a vitorl\u00e1z\u00e1sban, de a t\u00f6bbtest\u0171 haj\u00f3z\u00e1st csak most kezdik, vagy csak szeretn\u00e9k kor\u00e1bbi ismereteiket friss\u00edteni, b\u0151v\u00edteni.<\/li><\/ul><p>\u00a0<\/p><ul><li>A Candor szolg\u00e1ltat\u00e1sai k\u00f6z\u00f6tt szkipper oktat\u00e1s is el\u00e9rhet\u0151.<\/li><\/ul>\t\t\t\t\t\t\t\t<\/div>\n\t\t\t\t<\/div>\n\t\t\t\t\t<\/div>\n\t\t<\/div>\n\t\t\t\t\t<\/div>\n\t\t<\/section>\n\t\t\t\t<\/div>\n\t\t","protected":false},"excerpt":{"rendered":"<p>Vitorl\u00e1s tanfolyam Horv\u00e1torsz\u00e1gban a Candorral Szeretn\u00e9l vitorl\u00e1zni, de eddig legink\u00e1bb messzir\u0151l csod\u00e1ltad a haj\u00f3kat, ahogy dagad a vitorl\u00e1juk \u00e9s szelik a hull\u00e1mokat, esetleg csak utask\u00e9nt volt r\u00e9szed a kalandban? A vitorl\u00e1z\u00e1s nem csup\u00e1n egy hobbi vagy sport, t\u00f6bb ann\u00e1l. A vitorl\u00e1z\u00e1s \u00e9letforma is. A Candorn\u00e1l lehet\u0151s\u00e9ged van vitorl\u00e1s oktat\u00e1son r\u00e9szt venni. Az \u00e1ltalunk szervezett vitorl\u00e1s [&hellip;]<\/p>\n","protected":false},"author":3,"featured_media":0,"parent":0,"menu_order":0,"comment_status":"closed","ping_status":"closed","template":"","meta":{"footnotes":""},"class_list":["post-5257","page","type-page","status-publish","hentry","entry","owp-thumbs-layout-horizontal","owp-btn-normal","owp-tabs-layout-horizontal","has-no-thumbnails","has-product-nav"],"yoast_head":"<!-- This site is optimized with the Yoast SEO plugin v27.2 - https:\/\/yoast.com\/product\/yoast-seo-wordpress\/ -->\n<title>Vitorl\u00e1s tanfolyam Horv\u00e1torsz\u00e1gban a Candorral | Candor.hu<\/title>\n<meta name=\"description\" content=\"Candorn\u00e1l lehet\u0151s\u00e9ged van vitorl\u00e1s oktat\u00e1son r\u00e9szt venni. Az \u00e1ltalunk szervezett vitorl\u00e1s tanfolyamokat Horv\u00e1torsz\u00e1gban tartjuk.\" \/>\n<meta name=\"robots\" content=\"index, follow, max-snippet:-1, max-image-preview:large, max-video-preview:-1\" \/>\n<link rel=\"canonical\" href=\"https:\/\/candor.hu\/index.php\/vitorlas-tanfolyam-horvatorszagban-a-candorral\/\" \/>\n<meta property=\"og:locale\" content=\"hu_HU\" \/>\n<meta property=\"og:type\" content=\"article\" \/>\n<meta property=\"og:title\" content=\"Vitorl\u00e1s tanfolyam Horv\u00e1torsz\u00e1gban a Candorral | Candor.hu\" \/>\n<meta property=\"og:description\" content=\"Candorn\u00e1l lehet\u0151s\u00e9ged van vitorl\u00e1s oktat\u00e1son r\u00e9szt venni. Az \u00e1ltalunk szervezett vitorl\u00e1s tanfolyamokat Horv\u00e1torsz\u00e1gban tartjuk.\" \/>\n<meta property=\"og:url\" content=\"https:\/\/candor.hu\/index.php\/vitorlas-tanfolyam-horvatorszagban-a-candorral\/\" \/>\n<meta property=\"og:site_name\" content=\"Candor\" \/>\n<meta property=\"article:modified_time\" content=\"2024-07-26T09:04:21+00:00\" \/>\n<meta name=\"twitter:card\" content=\"summary_large_image\" \/>\n<meta name=\"twitter:label1\" content=\"Becs\u00fclt olvas\u00e1si id\u0151\" \/>\n\t<meta name=\"twitter:data1\" content=\"2 perc\" \/>\n<script type=\"application\/ld+json\" class=\"yoast-schema-graph\">{\"@context\":\"https:\/\/schema.org\",\"@graph\":[{\"@type\":\"WebPage\",\"@id\":\"https:\/\/candor.hu\/index.php\/vitorlas-tanfolyam-horvatorszagban-a-candorral\/\",\"url\":\"https:\/\/candor.hu\/index.php\/vitorlas-tanfolyam-horvatorszagban-a-candorral\/\",\"name\":\"Vitorl\u00e1s tanfolyam Horv\u00e1torsz\u00e1gban a Candorral | Candor.hu\",\"isPartOf\":{\"@id\":\"https:\/\/candor.hu\/#website\"},\"datePublished\":\"2024-07-24T08:42:44+00:00\",\"dateModified\":\"2024-07-26T09:04:21+00:00\",\"description\":\"Candorn\u00e1l lehet\u0151s\u00e9ged van vitorl\u00e1s oktat\u00e1son r\u00e9szt venni. Az \u00e1ltalunk szervezett vitorl\u00e1s tanfolyamokat Horv\u00e1torsz\u00e1gban tartjuk.\",\"breadcrumb\":{\"@id\":\"https:\/\/candor.hu\/index.php\/vitorlas-tanfolyam-horvatorszagban-a-candorral\/#breadcrumb\"},\"inLanguage\":\"hu\",\"potentialAction\":[{\"@type\":\"ReadAction\",\"target\":[\"https:\/\/candor.hu\/index.php\/vitorlas-tanfolyam-horvatorszagban-a-candorral\/\"]}]},{\"@type\":\"BreadcrumbList\",\"@id\":\"https:\/\/candor.hu\/index.php\/vitorlas-tanfolyam-horvatorszagban-a-candorral\/#breadcrumb\",\"itemListElement\":[{\"@type\":\"ListItem\",\"position\":1,\"name\":\"Kezd\u0151lap\",\"item\":\"https:\/\/candor.hu\/\"},{\"@type\":\"ListItem\",\"position\":2,\"name\":\"Vitorl\u00e1s tanfolyam Horv\u00e1torsz\u00e1gban a Candorral\"}]},{\"@type\":\"WebSite\",\"@id\":\"https:\/\/candor.hu\/#website\",\"url\":\"https:\/\/candor.hu\/\",\"name\":\"Candor\",\"description\":\"\",\"publisher\":{\"@id\":\"https:\/\/candor.hu\/#organization\"},\"potentialAction\":[{\"@type\":\"SearchAction\",\"target\":{\"@type\":\"EntryPoint\",\"urlTemplate\":\"https:\/\/candor.hu\/?s={search_term_string}\"},\"query-input\":{\"@type\":\"PropertyValueSpecification\",\"valueRequired\":true,\"valueName\":\"search_term_string\"}}],\"inLanguage\":\"hu\"},{\"@type\":\"Organization\",\"@id\":\"https:\/\/candor.hu\/#organization\",\"name\":\"Candor\",\"url\":\"https:\/\/candor.hu\/\",\"logo\":{\"@type\":\"ImageObject\",\"inLanguage\":\"hu\",\"@id\":\"https:\/\/candor.hu\/#\/schema\/logo\/image\/\",\"url\":\"https:\/\/candor.hu\/wp-content\/uploads\/2023\/05\/cropped-candorlogo-01.png\",\"contentUrl\":\"https:\/\/candor.hu\/wp-content\/uploads\/2023\/05\/cropped-candorlogo-01.png\",\"width\":754,\"height\":206,\"caption\":\"Candor\"},\"image\":{\"@id\":\"https:\/\/candor.hu\/#\/schema\/logo\/image\/\"}}]}<\/script>\n<!-- \/ Yoast SEO plugin. -->","yoast_head_json":{"title":"Vitorl\u00e1s tanfolyam Horv\u00e1torsz\u00e1gban a Candorral | Candor.hu","description":"Candorn\u00e1l lehet\u0151s\u00e9ged van vitorl\u00e1s oktat\u00e1son r\u00e9szt venni. Az \u00e1ltalunk szervezett vitorl\u00e1s tanfolyamokat Horv\u00e1torsz\u00e1gban tartjuk.","robots":{"index":"index","follow":"follow","max-snippet":"max-snippet:-1","max-image-preview":"max-image-preview:large","max-video-preview":"max-video-preview:-1"},"canonical":"https:\/\/candor.hu\/index.php\/vitorlas-tanfolyam-horvatorszagban-a-candorral\/","og_locale":"hu_HU","og_type":"article","og_title":"Vitorl\u00e1s tanfolyam Horv\u00e1torsz\u00e1gban a Candorral | Candor.hu","og_description":"Candorn\u00e1l lehet\u0151s\u00e9ged van vitorl\u00e1s oktat\u00e1son r\u00e9szt venni. Az \u00e1ltalunk szervezett vitorl\u00e1s tanfolyamokat Horv\u00e1torsz\u00e1gban tartjuk.","og_url":"https:\/\/candor.hu\/index.php\/vitorlas-tanfolyam-horvatorszagban-a-candorral\/","og_site_name":"Candor","article_modified_time":"2024-07-26T09:04:21+00:00","twitter_card":"summary_large_image","twitter_misc":{"Becs\u00fclt olvas\u00e1si id\u0151":"2 perc"},"schema":{"@context":"https:\/\/schema.org","@graph":[{"@type":"WebPage","@id":"https:\/\/candor.hu\/index.php\/vitorlas-tanfolyam-horvatorszagban-a-candorral\/","url":"https:\/\/candor.hu\/index.php\/vitorlas-tanfolyam-horvatorszagban-a-candorral\/","name":"Vitorl\u00e1s tanfolyam Horv\u00e1torsz\u00e1gban a Candorral | Candor.hu","isPartOf":{"@id":"https:\/\/candor.hu\/#website"},"datePublished":"2024-07-24T08:42:44+00:00","dateModified":"2024-07-26T09:04:21+00:00","description":"Candorn\u00e1l lehet\u0151s\u00e9ged van vitorl\u00e1s oktat\u00e1son r\u00e9szt venni. Az \u00e1ltalunk szervezett vitorl\u00e1s tanfolyamokat Horv\u00e1torsz\u00e1gban tartjuk.","breadcrumb":{"@id":"https:\/\/candor.hu\/index.php\/vitorlas-tanfolyam-horvatorszagban-a-candorral\/#breadcrumb"},"inLanguage":"hu","potentialAction":[{"@type":"ReadAction","target":["https:\/\/candor.hu\/index.php\/vitorlas-tanfolyam-horvatorszagban-a-candorral\/"]}]},{"@type":"BreadcrumbList","@id":"https:\/\/candor.hu\/index.php\/vitorlas-tanfolyam-horvatorszagban-a-candorral\/#breadcrumb","itemListElement":[{"@type":"ListItem","position":1,"name":"Kezd\u0151lap","item":"https:\/\/candor.hu\/"},{"@type":"ListItem","position":2,"name":"Vitorl\u00e1s tanfolyam Horv\u00e1torsz\u00e1gban a Candorral"}]},{"@type":"WebSite","@id":"https:\/\/candor.hu\/#website","url":"https:\/\/candor.hu\/","name":"Candor","description":"","publisher":{"@id":"https:\/\/candor.hu\/#organization"},"potentialAction":[{"@type":"SearchAction","target":{"@type":"EntryPoint","urlTemplate":"https:\/\/candor.hu\/?s={search_term_string}"},"query-input":{"@type":"PropertyValueSpecification","valueRequired":true,"valueName":"search_term_string"}}],"inLanguage":"hu"},{"@type":"Organization","@id":"https:\/\/candor.hu\/#organization","name":"Candor","url":"https:\/\/candor.hu\/","logo":{"@type":"ImageObject","inLanguage":"hu","@id":"https:\/\/candor.hu\/#\/schema\/logo\/image\/","url":"https:\/\/candor.hu\/wp-content\/uploads\/2023\/05\/cropped-candorlogo-01.png","contentUrl":"https:\/\/candor.hu\/wp-content\/uploads\/2023\/05\/cropped-candorlogo-01.png","width":754,"height":206,"caption":"Candor"},"image":{"@id":"https:\/\/candor.hu\/#\/schema\/logo\/image\/"}}]}},"jetpack_sharing_enabled":true,"_links":{"self":[{"href":"https:\/\/candor.hu\/index.php\/wp-json\/wp\/v2\/pages\/5257","targetHints":{"allow":["GET"]}}],"collection":[{"href":"https:\/\/candor.hu\/index.php\/wp-json\/wp\/v2\/pages"}],"about":[{"href":"https:\/\/candor.hu\/index.php\/wp-json\/wp\/v2\/types\/page"}],"author":[{"embeddable":true,"href":"https:\/\/candor.hu\/index.php\/wp-json\/wp\/v2\/users\/3"}],"replies":[{"embeddable":true,"href":"https:\/\/candor.hu\/index.php\/wp-json\/wp\/v2\/comments?post=5257"}],"version-history":[{"count":18,"href":"https:\/\/candor.hu\/index.php\/wp-json\/wp\/v2\/pages\/5257\/revisions"}],"predecessor-version":[{"id":5309,"href":"https:\/\/candor.hu\/index.php\/wp-json\/wp\/v2\/pages\/5257\/revisions\/5309"}],"wp:attachment":[{"href":"https:\/\/candor.hu\/index.php\/wp-json\/wp\/v2\/media?parent=5257"}],"curies":[{"name":"wp","href":"https:\/\/api.w.org\/{rel}","templated":true}]}}