{"id":5711,"date":"2025-02-25T05:57:11","date_gmt":"2025-02-25T05:57:11","guid":{"rendered":"https:\/\/candor.hu\/?page_id=5711"},"modified":"2025-02-27T10:12:48","modified_gmt":"2025-02-27T10:12:48","slug":"sikertelen-fizetes","status":"publish","type":"page","link":"https:\/\/candor.hu\/index.php\/sikertelen-fizetes\/","title":{"rendered":"Sikertelen fizet\u00e9s"},"content":{"rendered":"\t\t<div data-elementor-type=\"wp-page\" data-elementor-id=\"5711\" class=\"elementor elementor-5711\" data-elementor-post-type=\"page\">\n\t\t\t\t\t\t<section class=\"elementor-section elementor-top-section elementor-element elementor-element-13403e1 elementor-section-full_width elementor-section-stretched elementor-section-height-default elementor-section-height-default\" data-id=\"13403e1\" data-element_type=\"section\" data-e-type=\"section\" data-settings=\"{&quot;stretch_section&quot;:&quot;section-stretched&quot;,&quot;background_background&quot;:&quot;classic&quot;}\">\n\t\t\t\t\t\t<div class=\"elementor-container elementor-column-gap-default\">\n\t\t\t\t\t<div class=\"elementor-column elementor-col-100 elementor-top-column elementor-element elementor-element-a31b5d3\" data-id=\"a31b5d3\" data-element_type=\"column\" data-e-type=\"column\">\n\t\t\t<div class=\"elementor-widget-wrap elementor-element-populated\">\n\t\t\t\t\t\t<div class=\"elementor-element elementor-element-b5824c3 de_scroll_animation_no elementor-widget elementor-widget-heading\" data-id=\"b5824c3\" data-element_type=\"widget\" data-e-type=\"widget\" data-widget_type=\"heading.default\">\n\t\t\t\t<div class=\"elementor-widget-container\">\n\t\t\t\t\t<h2 class=\"elementor-heading-title elementor-size-default\">Sajnos nem siker\u00fclt, k\u00e9rj\u00fck, hogy vegye fel vel\u00fcnk a kapcsolatot emailben, vagy telefonon!<br><br>\nSomething went wrong, please contact us via email or on the phone!<\/h2>\t\t\t\t<\/div>\n\t\t\t\t<\/div>\n\t\t\t\t\t<\/div>\n\t\t<\/div>\n\t\t\t\t\t<\/div>\n\t\t<\/section>\n\t\t\t\t<\/div>\n\t\t","protected":false},"excerpt":{"rendered":"<p>Sajnos nem siker\u00fclt, k\u00e9rj\u00fck, hogy vegye fel vel\u00fcnk a kapcsolatot emailben, vagy telefonon! Something went wrong, please contact us via email or on the phone!<\/p>\n","protected":false},"author":1,"featured_media":0,"parent":0,"menu_order":0,"comment_status":"closed","ping_status":"closed","template":"elementor_header_footer","meta":{"footnotes":""},"class_list":["post-5711","page","type-page","status-publish","hentry","entry","owp-thumbs-layout-horizontal","owp-btn-normal","owp-tabs-layout-horizontal","has-no-thumbnails","has-product-nav"],"yoast_head":"<!-- This site is optimized with the Yoast SEO plugin v27.2 - https:\/\/yoast.com\/product\/yoast-seo-wordpress\/ -->\n<title>Sikertelen fizet\u00e9s - Candor<\/title>\n<meta name=\"robots\" content=\"index, follow, max-snippet:-1, max-image-preview:large, max-video-preview:-1\" \/>\n<link rel=\"canonical\" href=\"https:\/\/candor.hu\/index.php\/sikertelen-fizetes\/\" \/>\n<meta property=\"og:locale\" content=\"hu_HU\" \/>\n<meta property=\"og:type\" content=\"article\" \/>\n<meta property=\"og:title\" content=\"Sikertelen fizet\u00e9s - Candor\" \/>\n<meta property=\"og:description\" content=\"Sajnos nem siker\u00fclt, k\u00e9rj\u00fck, hogy vegye fel vel\u00fcnk a kapcsolatot emailben, vagy telefonon! Something went wrong, please contact us via email or on the phone!\" \/>\n<meta property=\"og:url\" content=\"https:\/\/candor.hu\/index.php\/sikertelen-fizetes\/\" \/>\n<meta property=\"og:site_name\" content=\"Candor\" \/>\n<meta property=\"article:modified_time\" content=\"2025-02-27T10:12:48+00:00\" \/>\n<meta name=\"twitter:card\" content=\"summary_large_image\" \/>\n<meta name=\"twitter:label1\" content=\"Becs\u00fclt olvas\u00e1si id\u0151\" \/>\n\t<meta name=\"twitter:data1\" content=\"1 perc\" \/>\n<script type=\"application\/ld+json\" class=\"yoast-schema-graph\">{\"@context\":\"https:\/\/schema.org\",\"@graph\":[{\"@type\":\"WebPage\",\"@id\":\"https:\/\/candor.hu\/index.php\/sikertelen-fizetes\/\",\"url\":\"https:\/\/candor.hu\/index.php\/sikertelen-fizetes\/\",\"name\":\"Sikertelen fizet\u00e9s - Candor\",\"isPartOf\":{\"@id\":\"https:\/\/candor.hu\/#website\"},\"datePublished\":\"2025-02-25T05:57:11+00:00\",\"dateModified\":\"2025-02-27T10:12:48+00:00\",\"breadcrumb\":{\"@id\":\"https:\/\/candor.hu\/index.php\/sikertelen-fizetes\/#breadcrumb\"},\"inLanguage\":\"hu\",\"potentialAction\":[{\"@type\":\"ReadAction\",\"target\":[\"https:\/\/candor.hu\/index.php\/sikertelen-fizetes\/\"]}]},{\"@type\":\"BreadcrumbList\",\"@id\":\"https:\/\/candor.hu\/index.php\/sikertelen-fizetes\/#breadcrumb\",\"itemListElement\":[{\"@type\":\"ListItem\",\"position\":1,\"name\":\"Kezd\u0151lap\",\"item\":\"https:\/\/candor.hu\/\"},{\"@type\":\"ListItem\",\"position\":2,\"name\":\"Sikertelen fizet\u00e9s\"}]},{\"@type\":\"WebSite\",\"@id\":\"https:\/\/candor.hu\/#website\",\"url\":\"https:\/\/candor.hu\/\",\"name\":\"Candor\",\"description\":\"\",\"publisher\":{\"@id\":\"https:\/\/candor.hu\/#organization\"},\"potentialAction\":[{\"@type\":\"SearchAction\",\"target\":{\"@type\":\"EntryPoint\",\"urlTemplate\":\"https:\/\/candor.hu\/?s={search_term_string}\"},\"query-input\":{\"@type\":\"PropertyValueSpecification\",\"valueRequired\":true,\"valueName\":\"search_term_string\"}}],\"inLanguage\":\"hu\"},{\"@type\":\"Organization\",\"@id\":\"https:\/\/candor.hu\/#organization\",\"name\":\"Candor\",\"url\":\"https:\/\/candor.hu\/\",\"logo\":{\"@type\":\"ImageObject\",\"inLanguage\":\"hu\",\"@id\":\"https:\/\/candor.hu\/#\/schema\/logo\/image\/\",\"url\":\"https:\/\/candor.hu\/wp-content\/uploads\/2023\/05\/cropped-candorlogo-01.png\",\"contentUrl\":\"https:\/\/candor.hu\/wp-content\/uploads\/2023\/05\/cropped-candorlogo-01.png\",\"width\":754,\"height\":206,\"caption\":\"Candor\"},\"image\":{\"@id\":\"https:\/\/candor.hu\/#\/schema\/logo\/image\/\"}}]}<\/script>\n<!-- \/ Yoast SEO plugin. -->","yoast_head_json":{"title":"Sikertelen fizet\u00e9s - Candor","robots":{"index":"index","follow":"follow","max-snippet":"max-snippet:-1","max-image-preview":"max-image-preview:large","max-video-preview":"max-video-preview:-1"},"canonical":"https:\/\/candor.hu\/index.php\/sikertelen-fizetes\/","og_locale":"hu_HU","og_type":"article","og_title":"Sikertelen fizet\u00e9s - Candor","og_description":"Sajnos nem siker\u00fclt, k\u00e9rj\u00fck, hogy vegye fel vel\u00fcnk a kapcsolatot emailben, vagy telefonon! Something went wrong, please contact us via email or on the phone!","og_url":"https:\/\/candor.hu\/index.php\/sikertelen-fizetes\/","og_site_name":"Candor","article_modified_time":"2025-02-27T10:12:48+00:00","twitter_card":"summary_large_image","twitter_misc":{"Becs\u00fclt olvas\u00e1si id\u0151":"1 perc"},"schema":{"@context":"https:\/\/schema.org","@graph":[{"@type":"WebPage","@id":"https:\/\/candor.hu\/index.php\/sikertelen-fizetes\/","url":"https:\/\/candor.hu\/index.php\/sikertelen-fizetes\/","name":"Sikertelen fizet\u00e9s - Candor","isPartOf":{"@id":"https:\/\/candor.hu\/#website"},"datePublished":"2025-02-25T05:57:11+00:00","dateModified":"2025-02-27T10:12:48+00:00","breadcrumb":{"@id":"https:\/\/candor.hu\/index.php\/sikertelen-fizetes\/#breadcrumb"},"inLanguage":"hu","potentialAction":[{"@type":"ReadAction","target":["https:\/\/candor.hu\/index.php\/sikertelen-fizetes\/"]}]},{"@type":"BreadcrumbList","@id":"https:\/\/candor.hu\/index.php\/sikertelen-fizetes\/#breadcrumb","itemListElement":[{"@type":"ListItem","position":1,"name":"Kezd\u0151lap","item":"https:\/\/candor.hu\/"},{"@type":"ListItem","position":2,"name":"Sikertelen fizet\u00e9s"}]},{"@type":"WebSite","@id":"https:\/\/candor.hu\/#website","url":"https:\/\/candor.hu\/","name":"Candor","description":"","publisher":{"@id":"https:\/\/candor.hu\/#organization"},"potentialAction":[{"@type":"SearchAction","target":{"@type":"EntryPoint","urlTemplate":"https:\/\/candor.hu\/?s={search_term_string}"},"query-input":{"@type":"PropertyValueSpecification","valueRequired":true,"valueName":"search_term_string"}}],"inLanguage":"hu"},{"@type":"Organization","@id":"https:\/\/candor.hu\/#organization","name":"Candor","url":"https:\/\/candor.hu\/","logo":{"@type":"ImageObject","inLanguage":"hu","@id":"https:\/\/candor.hu\/#\/schema\/logo\/image\/","url":"https:\/\/candor.hu\/wp-content\/uploads\/2023\/05\/cropped-candorlogo-01.png","contentUrl":"https:\/\/candor.hu\/wp-content\/uploads\/2023\/05\/cropped-candorlogo-01.png","width":754,"height":206,"caption":"Candor"},"image":{"@id":"https:\/\/candor.hu\/#\/schema\/logo\/image\/"}}]}},"jetpack_sharing_enabled":true,"_links":{"self":[{"href":"https:\/\/candor.hu\/index.php\/wp-json\/wp\/v2\/pages\/5711","targetHints":{"allow":["GET"]}}],"collection":[{"href":"https:\/\/candor.hu\/index.php\/wp-json\/wp\/v2\/pages"}],"about":[{"href":"https:\/\/candor.hu\/index.php\/wp-json\/wp\/v2\/types\/page"}],"author":[{"embeddable":true,"href":"https:\/\/candor.hu\/index.php\/wp-json\/wp\/v2\/users\/1"}],"replies":[{"embeddable":true,"href":"https:\/\/candor.hu\/index.php\/wp-json\/wp\/v2\/comments?post=5711"}],"version-history":[{"count":10,"href":"https:\/\/candor.hu\/index.php\/wp-json\/wp\/v2\/pages\/5711\/revisions"}],"predecessor-version":[{"id":5743,"href":"https:\/\/candor.hu\/index.php\/wp-json\/wp\/v2\/pages\/5711\/revisions\/5743"}],"wp:attachment":[{"href":"https:\/\/candor.hu\/index.php\/wp-json\/wp\/v2\/media?parent=5711"}],"curies":[{"name":"wp","href":"https:\/\/api.w.org\/{rel}","templated":true}]}}