{"id":6385,"date":"2026-03-25T05:57:30","date_gmt":"2026-03-25T05:57:30","guid":{"rendered":"https:\/\/candor.hu\/?page_id=6385"},"modified":"2026-04-02T05:13:07","modified_gmt":"2026-04-02T05:13:07","slug":"teszt","status":"publish","type":"page","link":"https:\/\/candor.hu\/index.php\/teszt\/","title":{"rendered":"Teszt"},"content":{"rendered":"\t\t<div data-elementor-type=\"wp-page\" data-elementor-id=\"6385\" class=\"elementor elementor-6385\" data-elementor-post-type=\"page\">\n\t\t\t\t\t\t<section class=\"elementor-section elementor-top-section elementor-element elementor-element-2b09b55 elementor-section-boxed elementor-section-height-default elementor-section-height-default\" data-id=\"2b09b55\" data-element_type=\"section\" data-e-type=\"section\">\n\t\t\t\t\t\t<div class=\"elementor-container elementor-column-gap-default\">\n\t\t\t\t\t<div class=\"elementor-column elementor-col-100 elementor-top-column elementor-element elementor-element-6ab8431\" data-id=\"6ab8431\" data-element_type=\"column\" data-e-type=\"column\">\n\t\t\t<div class=\"elementor-widget-wrap elementor-element-populated\">\n\t\t\t\t\t\t<div class=\"elementor-element elementor-element-d2aa404 elementor-widget elementor-widget-spacer\" data-id=\"d2aa404\" data-element_type=\"widget\" data-e-type=\"widget\" data-widget_type=\"spacer.default\">\n\t\t\t\t\t\t\t<div class=\"elementor-spacer\">\n\t\t\t<div class=\"elementor-spacer-inner\"><\/div>\n\t\t<\/div>\n\t\t\t\t\t\t<\/div>\n\t\t\t\t\t<\/div>\n\t\t<\/div>\n\t\t\t\t\t<\/div>\n\t\t<\/section>\n\t\t\t\t<section class=\"elementor-section elementor-top-section elementor-element elementor-element-bec68d3 elementor-section-boxed elementor-section-height-default elementor-section-height-default\" data-id=\"bec68d3\" data-element_type=\"section\" data-e-type=\"section\">\n\t\t\t\t\t\t<div class=\"elementor-container elementor-column-gap-default\">\n\t\t\t\t\t<div class=\"elementor-column elementor-col-100 elementor-top-column elementor-element elementor-element-b941553\" data-id=\"b941553\" data-element_type=\"column\" data-e-type=\"column\">\n\t\t\t<div class=\"elementor-widget-wrap\">\n\t\t\t\t\t\t\t<\/div>\n\t\t<\/div>\n\t\t\t\t\t<\/div>\n\t\t<\/section>\n\t\t\t\t<section class=\"elementor-section elementor-top-section elementor-element elementor-element-2d9b02d elementor-section-boxed elementor-section-height-default elementor-section-height-default\" data-id=\"2d9b02d\" data-element_type=\"section\" data-e-type=\"section\">\n\t\t\t\t\t\t<div class=\"elementor-container elementor-column-gap-default\">\n\t\t\t\t\t<div class=\"elementor-column elementor-col-100 elementor-top-column elementor-element elementor-element-31a5e88\" data-id=\"31a5e88\" data-element_type=\"column\" data-e-type=\"column\">\n\t\t\t<div class=\"elementor-widget-wrap\">\n\t\t\t\t\t\t\t<\/div>\n\t\t<\/div>\n\t\t\t\t\t<\/div>\n\t\t<\/section>\n\t\t\t\t<section class=\"elementor-section elementor-top-section elementor-element elementor-element-0c905a3 elementor-section-boxed elementor-section-height-default elementor-section-height-default\" data-id=\"0c905a3\" data-element_type=\"section\" data-e-type=\"section\">\n\t\t\t\t\t\t<div class=\"elementor-container elementor-column-gap-default\">\n\t\t\t\t\t<div class=\"elementor-column elementor-col-100 elementor-top-column elementor-element elementor-element-c6e2090\" data-id=\"c6e2090\" data-element_type=\"column\" data-e-type=\"column\">\n\t\t\t<div class=\"elementor-widget-wrap elementor-element-populated\">\n\t\t\t\t\t\t<div class=\"elementor-element elementor-element-4267d7f elementor-widget elementor-widget-html\" data-id=\"4267d7f\" data-element_type=\"widget\" data-e-type=\"widget\" data-widget_type=\"html.default\">\n\t\t\t\t\t<a href=\"http:\/\/www.booking-manager.com\" style=\"color:#9999;text-decoration:none;font-size:10px;font-family:arial\">Yacht charter availability powered by booking-manager.com<\/a><script>\r\nvar configurationObject = { \r\n\r\n\t\t\t  companyid: \"667\",\r\n\t\t\t  affiliateId: \"\",\r\n\t\t\t  view: \"SearchForm\",\r\n\t\t\t  setlang: \"hu\",\r\n\t\t\t  target: \"_top\",\r\n\t\t\t  placeholderId: \"candor.hu\",\r\n\t\t\t  frameName: \"\",\r\n\t\t\t  frameHeight: \"550\",\r\n\t\t\t  frameWidth: \"450\",\r\n\t\t\t  scrolling: \"auto\",\r\n\t\t\t  align: \"top\",\r\n\t\t\t  frameborder: \"0\",\r\n\t\t\t  filter_country: \"\",\r\n\t\t\t  filter_region: \"\",\r\n\t\t\t  filter_service: \"\",\r\n\t\t\t  filter_base: \"\",\r\n\t\t\t  filter_flexibility: \"\",\r\n\t\t\t  filter_service_type: \"any\",\r\n\t\t\t  filter_kind: \"any\",\r\n\t\t\t  filter_model: \"any\",\r\n\t\t\t  filter_shipyard: \"\",\r\n\t\t\t  filter_length: \"\",\r\n\t\t\t  filter_cabins: \"\",\r\n\t\t\t  filter_berths: \"\",\r\n\t\t\t  filter_heads: \"\",\r\n\t\t\t  filter_price: \"\",\r\n\t\t\t  filter_yachtage: \"-10000\"\r\n\t\t\t}\r\n<\/script><script src=\"https:\/\/www.booking-manager.com\/wbm2\/widgets\/wbm2.js\"><\/script>\t\t\t\t<\/div>\n\t\t\t\t\t<\/div>\n\t\t<\/div>\n\t\t\t\t\t<\/div>\n\t\t<\/section>\n\t\t\t\t<\/div>\n\t\t","protected":false},"excerpt":{"rendered":"<p>Yacht charter availability powered by booking-manager.com<\/p>\n","protected":false},"author":1,"featured_media":0,"parent":0,"menu_order":0,"comment_status":"closed","ping_status":"closed","template":"","meta":{"footnotes":""},"class_list":["post-6385","page","type-page","status-publish","hentry","entry","owp-thumbs-layout-horizontal","owp-btn-normal","owp-tabs-layout-horizontal","has-no-thumbnails","has-product-nav"],"yoast_head":"<!-- This site is optimized with the Yoast SEO plugin v27.4 - https:\/\/yoast.com\/product\/yoast-seo-wordpress\/ -->\n<title>Behaj\u00f3z\u00e1s 2023 | Vitorl\u00e1s t\u00fara Horv\u00e1torsz\u00e1g | Candor.hu<\/title>\n<meta name=\"description\" content=\"A Candor 2023 Behaj\u00f3z\u00e1s els\u0151 hete csal\u00e1dias hangulatban indult, a m\u00e1sik h\u00e9ten pedig hatalmas l\u00e9tsz\u00e1mmal folytat\u00f3dott, sok ismer\u0151s arccal.\" \/>\n<meta name=\"robots\" content=\"index, follow, max-snippet:-1, max-image-preview:large, max-video-preview:-1\" \/>\n<link rel=\"canonical\" href=\"https:\/\/candor.hu\/index.php\/teszt\/\" \/>\n<meta property=\"og:locale\" content=\"hu_HU\" \/>\n<meta property=\"og:type\" content=\"article\" \/>\n<meta property=\"og:title\" content=\"Behaj\u00f3z\u00e1s 2023 | Vitorl\u00e1s t\u00fara Horv\u00e1torsz\u00e1g | Candor.hu\" \/>\n<meta property=\"og:description\" content=\"A Candor 2023 Behaj\u00f3z\u00e1s els\u0151 hete csal\u00e1dias hangulatban indult, a m\u00e1sik h\u00e9ten pedig hatalmas l\u00e9tsz\u00e1mmal folytat\u00f3dott, sok ismer\u0151s arccal.\" \/>\n<meta property=\"og:url\" content=\"https:\/\/candor.hu\/index.php\/teszt\/\" \/>\n<meta property=\"og:site_name\" content=\"Candor\" \/>\n<meta property=\"article:modified_time\" content=\"2026-04-02T05:13:07+00:00\" \/>\n<meta name=\"twitter:card\" content=\"summary_large_image\" \/>\n<meta name=\"twitter:label1\" content=\"Becs\u00fclt olvas\u00e1si id\u0151\" \/>\n\t<meta name=\"twitter:data1\" content=\"1 perc\" \/>\n<script type=\"application\/ld+json\" class=\"yoast-schema-graph\">{\"@context\":\"https:\\\/\\\/schema.org\",\"@graph\":[{\"@type\":\"WebPage\",\"@id\":\"https:\\\/\\\/candor.hu\\\/index.php\\\/teszt\\\/\",\"url\":\"https:\\\/\\\/candor.hu\\\/index.php\\\/teszt\\\/\",\"name\":\"Behaj\u00f3z\u00e1s 2023 | Vitorl\u00e1s t\u00fara Horv\u00e1torsz\u00e1g | Candor.hu\",\"isPartOf\":{\"@id\":\"https:\\\/\\\/candor.hu\\\/#website\"},\"datePublished\":\"2026-03-25T05:57:30+00:00\",\"dateModified\":\"2026-04-02T05:13:07+00:00\",\"description\":\"A Candor 2023 Behaj\u00f3z\u00e1s els\u0151 hete csal\u00e1dias hangulatban indult, a m\u00e1sik h\u00e9ten pedig hatalmas l\u00e9tsz\u00e1mmal folytat\u00f3dott, sok ismer\u0151s arccal.\",\"breadcrumb\":{\"@id\":\"https:\\\/\\\/candor.hu\\\/index.php\\\/teszt\\\/#breadcrumb\"},\"inLanguage\":\"hu\",\"potentialAction\":[{\"@type\":\"ReadAction\",\"target\":[\"https:\\\/\\\/candor.hu\\\/index.php\\\/teszt\\\/\"]}]},{\"@type\":\"BreadcrumbList\",\"@id\":\"https:\\\/\\\/candor.hu\\\/index.php\\\/teszt\\\/#breadcrumb\",\"itemListElement\":[{\"@type\":\"ListItem\",\"position\":1,\"name\":\"Kezd\u0151lap\",\"item\":\"https:\\\/\\\/candor.hu\\\/\"},{\"@type\":\"ListItem\",\"position\":2,\"name\":\"Teszt\"}]},{\"@type\":\"WebSite\",\"@id\":\"https:\\\/\\\/candor.hu\\\/#website\",\"url\":\"https:\\\/\\\/candor.hu\\\/\",\"name\":\"Candor\",\"description\":\"\",\"publisher\":{\"@id\":\"https:\\\/\\\/candor.hu\\\/#organization\"},\"potentialAction\":[{\"@type\":\"SearchAction\",\"target\":{\"@type\":\"EntryPoint\",\"urlTemplate\":\"https:\\\/\\\/candor.hu\\\/?s={search_term_string}\"},\"query-input\":{\"@type\":\"PropertyValueSpecification\",\"valueRequired\":true,\"valueName\":\"search_term_string\"}}],\"inLanguage\":\"hu\"},{\"@type\":\"Organization\",\"@id\":\"https:\\\/\\\/candor.hu\\\/#organization\",\"name\":\"Candor\",\"url\":\"https:\\\/\\\/candor.hu\\\/\",\"logo\":{\"@type\":\"ImageObject\",\"inLanguage\":\"hu\",\"@id\":\"https:\\\/\\\/candor.hu\\\/#\\\/schema\\\/logo\\\/image\\\/\",\"url\":\"https:\\\/\\\/candor.hu\\\/wp-content\\\/uploads\\\/2023\\\/05\\\/cropped-candorlogo-01.png\",\"contentUrl\":\"https:\\\/\\\/candor.hu\\\/wp-content\\\/uploads\\\/2023\\\/05\\\/cropped-candorlogo-01.png\",\"width\":754,\"height\":206,\"caption\":\"Candor\"},\"image\":{\"@id\":\"https:\\\/\\\/candor.hu\\\/#\\\/schema\\\/logo\\\/image\\\/\"}}]}<\/script>\n<!-- \/ Yoast SEO plugin. -->","yoast_head_json":{"title":"Behaj\u00f3z\u00e1s 2023 | Vitorl\u00e1s t\u00fara Horv\u00e1torsz\u00e1g | Candor.hu","description":"A Candor 2023 Behaj\u00f3z\u00e1s els\u0151 hete csal\u00e1dias hangulatban indult, a m\u00e1sik h\u00e9ten pedig hatalmas l\u00e9tsz\u00e1mmal folytat\u00f3dott, sok ismer\u0151s arccal.","robots":{"index":"index","follow":"follow","max-snippet":"max-snippet:-1","max-image-preview":"max-image-preview:large","max-video-preview":"max-video-preview:-1"},"canonical":"https:\/\/candor.hu\/index.php\/teszt\/","og_locale":"hu_HU","og_type":"article","og_title":"Behaj\u00f3z\u00e1s 2023 | Vitorl\u00e1s t\u00fara Horv\u00e1torsz\u00e1g | Candor.hu","og_description":"A Candor 2023 Behaj\u00f3z\u00e1s els\u0151 hete csal\u00e1dias hangulatban indult, a m\u00e1sik h\u00e9ten pedig hatalmas l\u00e9tsz\u00e1mmal folytat\u00f3dott, sok ismer\u0151s arccal.","og_url":"https:\/\/candor.hu\/index.php\/teszt\/","og_site_name":"Candor","article_modified_time":"2026-04-02T05:13:07+00:00","twitter_card":"summary_large_image","twitter_misc":{"Becs\u00fclt olvas\u00e1si id\u0151":"1 perc"},"schema":{"@context":"https:\/\/schema.org","@graph":[{"@type":"WebPage","@id":"https:\/\/candor.hu\/index.php\/teszt\/","url":"https:\/\/candor.hu\/index.php\/teszt\/","name":"Behaj\u00f3z\u00e1s 2023 | Vitorl\u00e1s t\u00fara Horv\u00e1torsz\u00e1g | Candor.hu","isPartOf":{"@id":"https:\/\/candor.hu\/#website"},"datePublished":"2026-03-25T05:57:30+00:00","dateModified":"2026-04-02T05:13:07+00:00","description":"A Candor 2023 Behaj\u00f3z\u00e1s els\u0151 hete csal\u00e1dias hangulatban indult, a m\u00e1sik h\u00e9ten pedig hatalmas l\u00e9tsz\u00e1mmal folytat\u00f3dott, sok ismer\u0151s arccal.","breadcrumb":{"@id":"https:\/\/candor.hu\/index.php\/teszt\/#breadcrumb"},"inLanguage":"hu","potentialAction":[{"@type":"ReadAction","target":["https:\/\/candor.hu\/index.php\/teszt\/"]}]},{"@type":"BreadcrumbList","@id":"https:\/\/candor.hu\/index.php\/teszt\/#breadcrumb","itemListElement":[{"@type":"ListItem","position":1,"name":"Kezd\u0151lap","item":"https:\/\/candor.hu\/"},{"@type":"ListItem","position":2,"name":"Teszt"}]},{"@type":"WebSite","@id":"https:\/\/candor.hu\/#website","url":"https:\/\/candor.hu\/","name":"Candor","description":"","publisher":{"@id":"https:\/\/candor.hu\/#organization"},"potentialAction":[{"@type":"SearchAction","target":{"@type":"EntryPoint","urlTemplate":"https:\/\/candor.hu\/?s={search_term_string}"},"query-input":{"@type":"PropertyValueSpecification","valueRequired":true,"valueName":"search_term_string"}}],"inLanguage":"hu"},{"@type":"Organization","@id":"https:\/\/candor.hu\/#organization","name":"Candor","url":"https:\/\/candor.hu\/","logo":{"@type":"ImageObject","inLanguage":"hu","@id":"https:\/\/candor.hu\/#\/schema\/logo\/image\/","url":"https:\/\/candor.hu\/wp-content\/uploads\/2023\/05\/cropped-candorlogo-01.png","contentUrl":"https:\/\/candor.hu\/wp-content\/uploads\/2023\/05\/cropped-candorlogo-01.png","width":754,"height":206,"caption":"Candor"},"image":{"@id":"https:\/\/candor.hu\/#\/schema\/logo\/image\/"}}]}},"jetpack_sharing_enabled":true,"_links":{"self":[{"href":"https:\/\/candor.hu\/index.php\/wp-json\/wp\/v2\/pages\/6385","targetHints":{"allow":["GET"]}}],"collection":[{"href":"https:\/\/candor.hu\/index.php\/wp-json\/wp\/v2\/pages"}],"about":[{"href":"https:\/\/candor.hu\/index.php\/wp-json\/wp\/v2\/types\/page"}],"author":[{"embeddable":true,"href":"https:\/\/candor.hu\/index.php\/wp-json\/wp\/v2\/users\/1"}],"replies":[{"embeddable":true,"href":"https:\/\/candor.hu\/index.php\/wp-json\/wp\/v2\/comments?post=6385"}],"version-history":[{"count":10,"href":"https:\/\/candor.hu\/index.php\/wp-json\/wp\/v2\/pages\/6385\/revisions"}],"predecessor-version":[{"id":6574,"href":"https:\/\/candor.hu\/index.php\/wp-json\/wp\/v2\/pages\/6385\/revisions\/6574"}],"wp:attachment":[{"href":"https:\/\/candor.hu\/index.php\/wp-json\/wp\/v2\/media?parent=6385"}],"curies":[{"name":"wp","href":"https:\/\/api.w.org\/{rel}","templated":true}]}}